{"id":1978,"date":"2023-09-18T17:02:21","date_gmt":"2023-09-18T15:02:21","guid":{"rendered":"https:\/\/sistemabuttrio.com\/teritorij\/lapidarium\/"},"modified":"2023-11-03T05:11:30","modified_gmt":"2023-11-03T04:11:30","slug":"lapidarij","status":"publish","type":"page","link":"https:\/\/sistemabuttrio.com\/sl\/teritorij\/lapidarij\/","title":{"rendered":"Lapidarij"},"content":{"rendered":"\t\t<div data-elementor-type=\"wp-page\" data-elementor-id=\"1978\" class=\"elementor elementor-1978 elementor-1048\" data-elementor-post-type=\"page\">\n\t\t\t\t\t\t<section class=\"elementor-section elementor-top-section elementor-element elementor-element-2b231e2 elementor-section-full_width elementor-section-stretched elementor-section-height-default elementor-section-height-default\" data-id=\"2b231e2\" data-element_type=\"section\" data-e-type=\"section\" data-settings=\"{&quot;stretch_section&quot;:&quot;section-stretched&quot;,&quot;jet_parallax_layout_list&quot;:[],&quot;background_background&quot;:&quot;classic&quot;}\">\n\t\t\t\t\t\t<div class=\"elementor-container elementor-column-gap-default\">\n\t\t\t\t\t<div class=\"elementor-column elementor-col-100 elementor-top-column elementor-element elementor-element-98072e8\" data-id=\"98072e8\" data-element_type=\"column\" data-e-type=\"column\">\n\t\t\t<div class=\"elementor-widget-wrap elementor-element-populated\">\n\t\t\t\t\t\t<div class=\"elementor-element elementor-element-6f5b6bb jet-breadcrumbs-page-title-yes jet-breadcrumbs-align-center elementor-widget elementor-widget-jet-breadcrumbs\" data-id=\"6f5b6bb\" data-element_type=\"widget\" data-e-type=\"widget\" data-widget_type=\"jet-breadcrumbs.default\">\n\t\t\t\t<div class=\"elementor-widget-container\">\n\t\t\t\t\t<div class=\"elementor-jet-breadcrumbs jet-blocks\">\n\t\t<div class=\"jet-breadcrumbs\">\n\t\t<div class=\"jet-breadcrumbs__content\">\n\t\t<div class=\"jet-breadcrumbs__wrap\"><div class=\"jet-breadcrumbs__item\"><a href=\"https:\/\/sistemabuttrio.com\/sl\/\" class=\"jet-breadcrumbs__item-link is-home\" rel=\"home\" title=\"Home\">Home<\/a><\/div>\n\t\t<\/div>\n\t\t<\/div>\n\t\t<\/div><\/div>\t\t\t\t<\/div>\n\t\t\t\t<\/div>\n\t\t\t\t\t<\/div>\n\t\t<\/div>\n\t\t\t\t\t<\/div>\n\t\t<\/section>\n\t\t\t\t<section class=\"elementor-section elementor-top-section elementor-element elementor-element-a269bbf elementor-section-content-middle elementor-section-boxed elementor-section-height-default elementor-section-height-default\" data-id=\"a269bbf\" data-element_type=\"section\" data-e-type=\"section\" data-settings=\"{&quot;jet_parallax_layout_list&quot;:[]}\">\n\t\t\t\t\t\t<div class=\"elementor-container elementor-column-gap-wide\">\n\t\t\t\t\t<div class=\"elementor-column elementor-col-50 elementor-top-column elementor-element elementor-element-17b6175\" data-id=\"17b6175\" data-element_type=\"column\" data-e-type=\"column\">\n\t\t\t<div class=\"elementor-widget-wrap elementor-element-populated\">\n\t\t\t\t\t\t<div class=\"elementor-element elementor-element-e80678b elementor-widget elementor-widget-image\" data-id=\"e80678b\" data-element_type=\"widget\" data-e-type=\"widget\" data-widget_type=\"image.default\">\n\t\t\t\t<div class=\"elementor-widget-container\">\n\t\t\t\t\t\t\t\t\t\t\t\t\t\t\t<img fetchpriority=\"high\" decoding=\"async\" width=\"1024\" height=\"688\" src=\"https:\/\/sistemabuttrio.com\/wp-content\/uploads\/2023\/09\/buttrio_8716-1024x688.jpg\" class=\"attachment-large size-large wp-image-1981\" alt=\"\" srcset=\"https:\/\/sistemabuttrio.com\/wp-content\/uploads\/2023\/09\/buttrio_8716-1024x688.jpg 1024w, https:\/\/sistemabuttrio.com\/wp-content\/uploads\/2023\/09\/buttrio_8716-300x202.jpg 300w, https:\/\/sistemabuttrio.com\/wp-content\/uploads\/2023\/09\/buttrio_8716-768x516.jpg 768w, https:\/\/sistemabuttrio.com\/wp-content\/uploads\/2023\/09\/buttrio_8716.jpg 1200w\" sizes=\"(max-width: 1024px) 100vw, 1024px\" \/>\t\t\t\t\t\t\t\t\t\t\t\t\t\t\t<\/div>\n\t\t\t\t<\/div>\n\t\t\t\t\t<\/div>\n\t\t<\/div>\n\t\t\t\t<div class=\"elementor-column elementor-col-50 elementor-top-column elementor-element elementor-element-73b4d11\" data-id=\"73b4d11\" data-element_type=\"column\" data-e-type=\"column\">\n\t\t\t<div class=\"elementor-widget-wrap elementor-element-populated\">\n\t\t\t\t\t\t<div class=\"elementor-element elementor-element-8d8d682 elementor-widget elementor-widget-text-editor\" data-id=\"8d8d682\" data-element_type=\"widget\" data-e-type=\"widget\" data-widget_type=\"text-editor.default\">\n\t\t\t\t<div class=\"elementor-widget-container\">\n\t\t\t\t\t\t\t\t\t<p>V povojnem obdobju je bil park vile Toppo-Florio ve\u010dkrat preoblikovan, na primer z izgradnjo stopni\u0161\u010da in dovozne poti ter preoblikovanjem vzhodne zelene povr\u0161ine za prostore za rekreacijo, medtem ko so na mestu labirinta iz pu\u0161pana in hrasta zgradili delavnice zavoda za pohabljene otroke.<\/p><p>Po nedavni prenovi je bil prostor delavnic spremenjen v lapidarij, kjer so zbrani nekateri arheolo\u0161ki artefakti iz pomembnega mesta rimskega imperija Ogleja, ki so del zbirke Toppo. Odprli so ga leta 2012 ob 80. regionalnem vinskem sejmu, \u0161e vedno je v pripravi in si ga je trenutno mogo\u010de ogledati. Med pomembnimi eksponati sta fragment ati\u0161kega sarkofaga s prizorom amazonomahije in nepopoln kip mo\u0161kega v togi s konca 1. stoletja pred na\u0161im \u0161tetjem.<\/p>\t\t\t\t\t\t\t\t<\/div>\n\t\t\t\t<\/div>\n\t\t\t\t\t<\/div>\n\t\t<\/div>\n\t\t\t\t\t<\/div>\n\t\t<\/section>\n\t\t\t\t<section class=\"elementor-section elementor-top-section elementor-element elementor-element-9b1fc19 elementor-section-content-middle elementor-section-boxed elementor-section-height-default elementor-section-height-default\" data-id=\"9b1fc19\" data-element_type=\"section\" data-e-type=\"section\" data-settings=\"{&quot;jet_parallax_layout_list&quot;:[],&quot;background_background&quot;:&quot;classic&quot;}\">\n\t\t\t\t\t\t<div class=\"elementor-container elementor-column-gap-wide\">\n\t\t\t\t\t<div class=\"elementor-column elementor-col-100 elementor-top-column elementor-element elementor-element-348f9c0\" data-id=\"348f9c0\" data-element_type=\"column\" data-e-type=\"column\">\n\t\t\t<div class=\"elementor-widget-wrap elementor-element-populated\">\n\t\t\t\t\t\t<div class=\"elementor-element elementor-element-a907e47 elementor-widget elementor-widget-gallery\" data-id=\"a907e47\" data-element_type=\"widget\" data-e-type=\"widget\" data-settings=\"{&quot;columns&quot;:3,&quot;lazyload&quot;:&quot;yes&quot;,&quot;gallery_layout&quot;:&quot;grid&quot;,&quot;columns_tablet&quot;:2,&quot;columns_mobile&quot;:1,&quot;gap&quot;:{&quot;unit&quot;:&quot;px&quot;,&quot;size&quot;:10,&quot;sizes&quot;:[]},&quot;gap_tablet&quot;:{&quot;unit&quot;:&quot;px&quot;,&quot;size&quot;:10,&quot;sizes&quot;:[]},&quot;gap_mobile&quot;:{&quot;unit&quot;:&quot;px&quot;,&quot;size&quot;:10,&quot;sizes&quot;:[]},&quot;link_to&quot;:&quot;file&quot;,&quot;aspect_ratio&quot;:&quot;3:2&quot;,&quot;overlay_background&quot;:&quot;yes&quot;,&quot;content_hover_animation&quot;:&quot;fade-in&quot;}\" data-widget_type=\"gallery.default\">\n\t\t\t\t<div class=\"elementor-widget-container\">\n\t\t\t\t\t\t\t<div class=\"elementor-gallery__container\">\n\t\t\t\t\t\t\t<a class=\"e-gallery-item elementor-gallery-item elementor-animated-content\" href=\"https:\/\/sistemabuttrio.com\/wp-content\/uploads\/2023\/09\/buttrio_8708.jpg\" data-elementor-open-lightbox=\"yes\" data-elementor-lightbox-slideshow=\"a907e47\" data-elementor-lightbox-title=\"buttrio_8708\" data-e-action-hash=\"#elementor-action%3Aaction%3Dlightbox%26settings%3DeyJpZCI6MTA1NiwidXJsIjoiaHR0cHM6XC9cL3Npc3RlbWFidXR0cmlvLmNvbVwvd3AtY29udGVudFwvdXBsb2Fkc1wvMjAyM1wvMDlcL2J1dHRyaW9fODcwOC5qcGciLCJzbGlkZXNob3ciOiJhOTA3ZTQ3In0%3D\">\n\t\t\t\t\t<div class=\"e-gallery-image elementor-gallery-item__image\" data-thumbnail=\"https:\/\/sistemabuttrio.com\/wp-content\/uploads\/2023\/09\/buttrio_8708.jpg\" data-width=\"819\" data-height=\"1200\" aria-label=\"\" role=\"img\" ><\/div>\n\t\t\t\t\t\t\t\t\t\t\t<div class=\"elementor-gallery-item__overlay\"><\/div>\n\t\t\t\t\t\t\t\t\t\t\t\t\t\t<\/a>\n\t\t\t\t\t\t\t<a class=\"e-gallery-item elementor-gallery-item elementor-animated-content\" href=\"https:\/\/sistemabuttrio.com\/wp-content\/uploads\/2023\/09\/buttrio_9986.jpg\" data-elementor-open-lightbox=\"yes\" data-elementor-lightbox-slideshow=\"a907e47\" data-elementor-lightbox-title=\"buttrio_9986\" data-e-action-hash=\"#elementor-action%3Aaction%3Dlightbox%26settings%3DeyJpZCI6MTA2MCwidXJsIjoiaHR0cHM6XC9cL3Npc3RlbWFidXR0cmlvLmNvbVwvd3AtY29udGVudFwvdXBsb2Fkc1wvMjAyM1wvMDlcL2J1dHRyaW9fOTk4Ni5qcGciLCJzbGlkZXNob3ciOiJhOTA3ZTQ3In0%3D\">\n\t\t\t\t\t<div class=\"e-gallery-image elementor-gallery-item__image\" data-thumbnail=\"https:\/\/sistemabuttrio.com\/wp-content\/uploads\/2023\/09\/buttrio_9986.jpg\" data-width=\"1200\" data-height=\"759\" aria-label=\"\" role=\"img\" ><\/div>\n\t\t\t\t\t\t\t\t\t\t\t<div class=\"elementor-gallery-item__overlay\"><\/div>\n\t\t\t\t\t\t\t\t\t\t\t\t\t\t<\/a>\n\t\t\t\t\t\t\t<a class=\"e-gallery-item elementor-gallery-item elementor-animated-content\" href=\"https:\/\/sistemabuttrio.com\/wp-content\/uploads\/2023\/09\/buttrio_DSC_9468_Urna-cineraria.jpg\" data-elementor-open-lightbox=\"yes\" data-elementor-lightbox-slideshow=\"a907e47\" data-elementor-lightbox-title=\"buttrio_DSC_9468_Urna cineraria\" data-e-action-hash=\"#elementor-action%3Aaction%3Dlightbox%26settings%3DeyJpZCI6MTA2MiwidXJsIjoiaHR0cHM6XC9cL3Npc3RlbWFidXR0cmlvLmNvbVwvd3AtY29udGVudFwvdXBsb2Fkc1wvMjAyM1wvMDlcL2J1dHRyaW9fRFNDXzk0NjhfVXJuYS1jaW5lcmFyaWEuanBnIiwic2xpZGVzaG93IjoiYTkwN2U0NyJ9\">\n\t\t\t\t\t<div class=\"e-gallery-image elementor-gallery-item__image\" data-thumbnail=\"https:\/\/sistemabuttrio.com\/wp-content\/uploads\/2023\/09\/buttrio_DSC_9468_Urna-cineraria.jpg\" data-width=\"798\" data-height=\"1200\" aria-label=\"\" role=\"img\" ><\/div>\n\t\t\t\t\t\t\t\t\t\t\t<div class=\"elementor-gallery-item__overlay\"><\/div>\n\t\t\t\t\t\t\t\t\t\t\t\t\t\t<\/a>\n\t\t\t\t\t<\/div>\n\t\t\t\t\t<\/div>\n\t\t\t\t<\/div>\n\t\t\t\t\t<\/div>\n\t\t<\/div>\n\t\t\t\t\t<\/div>\n\t\t<\/section>\n\t\t\t\t<\/div>\n\t\t","protected":false},"excerpt":{"rendered":"<p>Home V povojnem obdobju je bil park vile Toppo-Florio ve\u010dkrat preoblikovan, na primer z izgradnjo stopni\u0161\u010da in dovozne poti ter preoblikovanjem vzhodne zelene povr\u0161ine za prostore za rekreacijo, medtem ko so na mestu labirinta iz pu\u0161pana in hrasta zgradili delavnice zavoda za pohabljene otroke. Po nedavni prenovi je bil prostor delavnic spremenjen v lapidarij, kjer [&hellip;]<\/p>\n","protected":false},"author":2,"featured_media":0,"parent":1869,"menu_order":0,"comment_status":"closed","ping_status":"closed","template":"elementor_header_footer","meta":{"site-sidebar-layout":"no-sidebar","site-content-layout":"page-builder","ast-site-content-layout":"default","site-content-style":"default","site-sidebar-style":"default","ast-global-header-display":"","ast-banner-title-visibility":"","ast-main-header-display":"","ast-hfb-above-header-display":"","ast-hfb-below-header-display":"","ast-hfb-mobile-header-display":"","site-post-title":"disabled","ast-breadcrumbs-content":"","ast-featured-img":"disabled","footer-sml-layout":"","ast-disable-related-posts":"","theme-transparent-header-meta":"","adv-header-id-meta":"","stick-header-meta":"","header-above-stick-meta":"","header-main-stick-meta":"","header-below-stick-meta":"","astra-migrate-meta-layouts":"set","ast-page-background-enabled":"default","ast-page-background-meta":{"desktop":{"background-color":"var(--ast-global-color-4)","background-image":"","background-repeat":"repeat","background-position":"center center","background-size":"auto","background-attachment":"scroll","background-type":"","background-media":"","overlay-type":"","overlay-color":"","overlay-opacity":"","overlay-gradient":""},"tablet":{"background-color":"","background-image":"","background-repeat":"repeat","background-position":"center center","background-size":"auto","background-attachment":"scroll","background-type":"","background-media":"","overlay-type":"","overlay-color":"","overlay-opacity":"","overlay-gradient":""},"mobile":{"background-color":"","background-image":"","background-repeat":"repeat","background-position":"center center","background-size":"auto","background-attachment":"scroll","background-type":"","background-media":"","overlay-type":"","overlay-color":"","overlay-opacity":"","overlay-gradient":""}},"ast-content-background-meta":{"desktop":{"background-color":"var(--ast-global-color-5)","background-image":"","background-repeat":"repeat","background-position":"center center","background-size":"auto","background-attachment":"scroll","background-type":"","background-media":"","overlay-type":"","overlay-color":"","overlay-opacity":"","overlay-gradient":""},"tablet":{"background-color":"var(--ast-global-color-5)","background-image":"","background-repeat":"repeat","background-position":"center center","background-size":"auto","background-attachment":"scroll","background-type":"","background-media":"","overlay-type":"","overlay-color":"","overlay-opacity":"","overlay-gradient":""},"mobile":{"background-color":"var(--ast-global-color-5)","background-image":"","background-repeat":"repeat","background-position":"center center","background-size":"auto","background-attachment":"scroll","background-type":"","background-media":"","overlay-type":"","overlay-color":"","overlay-opacity":"","overlay-gradient":""}},"footnotes":""},"class_list":["post-1978","page","type-page","status-publish","hentry"],"yoast_head":"<!-- This site is optimized with the Yoast SEO plugin v27.3 - https:\/\/yoast.com\/product\/yoast-seo-wordpress\/ -->\n<title>Lapidarij - Sistema Buttrio<\/title>\n<meta name=\"robots\" content=\"index, follow, max-snippet:-1, max-image-preview:large, max-video-preview:-1\" \/>\n<link rel=\"canonical\" href=\"https:\/\/sistemabuttrio.com\/sl\/teritorij\/lapidarij\/\" \/>\n<meta property=\"og:locale\" content=\"sl_SI\" \/>\n<meta property=\"og:type\" content=\"article\" \/>\n<meta property=\"og:title\" content=\"Lapidarij - Sistema Buttrio\" \/>\n<meta property=\"og:description\" content=\"Home V povojnem obdobju je bil park vile Toppo-Florio ve\u010dkrat preoblikovan, na primer z izgradnjo stopni\u0161\u010da in dovozne poti ter preoblikovanjem vzhodne zelene povr\u0161ine za prostore za rekreacijo, medtem ko so na mestu labirinta iz pu\u0161pana in hrasta zgradili delavnice zavoda za pohabljene otroke. Po nedavni prenovi je bil prostor delavnic spremenjen v lapidarij, kjer [&hellip;]\" \/>\n<meta property=\"og:url\" content=\"https:\/\/sistemabuttrio.com\/sl\/teritorij\/lapidarij\/\" \/>\n<meta property=\"og:site_name\" content=\"Sistema Buttrio\" \/>\n<meta property=\"article:modified_time\" content=\"2023-11-03T04:11:30+00:00\" \/>\n<meta property=\"og:image\" content=\"https:\/\/sistemabuttrio.com\/wp-content\/uploads\/2023\/09\/buttrio_8716-1024x688.jpg\" \/>\n<meta name=\"twitter:card\" content=\"summary_large_image\" \/>\n<meta name=\"twitter:label1\" content=\"Est. reading time\" \/>\n\t<meta name=\"twitter:data1\" content=\"1 minuta\" \/>\n<script type=\"application\/ld+json\" class=\"yoast-schema-graph\">{\"@context\":\"https:\\\/\\\/schema.org\",\"@graph\":[{\"@type\":\"WebPage\",\"@id\":\"https:\\\/\\\/sistemabuttrio.com\\\/sl\\\/teritorij\\\/lapidarij\\\/\",\"url\":\"https:\\\/\\\/sistemabuttrio.com\\\/sl\\\/teritorij\\\/lapidarij\\\/\",\"name\":\"Lapidarij - Sistema Buttrio\",\"isPartOf\":{\"@id\":\"https:\\\/\\\/sistemabuttrio.com\\\/#website\"},\"primaryImageOfPage\":{\"@id\":\"https:\\\/\\\/sistemabuttrio.com\\\/sl\\\/teritorij\\\/lapidarij\\\/#primaryimage\"},\"image\":{\"@id\":\"https:\\\/\\\/sistemabuttrio.com\\\/sl\\\/teritorij\\\/lapidarij\\\/#primaryimage\"},\"thumbnailUrl\":\"https:\\\/\\\/sistemabuttrio.com\\\/wp-content\\\/uploads\\\/2023\\\/09\\\/buttrio_8716-1024x688.jpg\",\"datePublished\":\"2023-09-18T15:02:21+00:00\",\"dateModified\":\"2023-11-03T04:11:30+00:00\",\"breadcrumb\":{\"@id\":\"https:\\\/\\\/sistemabuttrio.com\\\/sl\\\/teritorij\\\/lapidarij\\\/#breadcrumb\"},\"inLanguage\":\"sl-SI\",\"potentialAction\":[{\"@type\":\"ReadAction\",\"target\":[\"https:\\\/\\\/sistemabuttrio.com\\\/sl\\\/teritorij\\\/lapidarij\\\/\"]}]},{\"@type\":\"ImageObject\",\"inLanguage\":\"sl-SI\",\"@id\":\"https:\\\/\\\/sistemabuttrio.com\\\/sl\\\/teritorij\\\/lapidarij\\\/#primaryimage\",\"url\":\"https:\\\/\\\/sistemabuttrio.com\\\/wp-content\\\/uploads\\\/2023\\\/09\\\/buttrio_8716-1024x688.jpg\",\"contentUrl\":\"https:\\\/\\\/sistemabuttrio.com\\\/wp-content\\\/uploads\\\/2023\\\/09\\\/buttrio_8716-1024x688.jpg\"},{\"@type\":\"BreadcrumbList\",\"@id\":\"https:\\\/\\\/sistemabuttrio.com\\\/sl\\\/teritorij\\\/lapidarij\\\/#breadcrumb\",\"itemListElement\":[{\"@type\":\"ListItem\",\"position\":1,\"name\":\"Home\",\"item\":\"https:\\\/\\\/sistemabuttrio.com\\\/sl\\\/\"},{\"@type\":\"ListItem\",\"position\":2,\"name\":\"Teritorij\",\"item\":\"https:\\\/\\\/sistemabuttrio.com\\\/sl\\\/teritorij\\\/\"},{\"@type\":\"ListItem\",\"position\":3,\"name\":\"Lapidarij\"}]},{\"@type\":\"WebSite\",\"@id\":\"https:\\\/\\\/sistemabuttrio.com\\\/#website\",\"url\":\"https:\\\/\\\/sistemabuttrio.com\\\/\",\"name\":\"Sistema Buttrio\",\"description\":\"\",\"potentialAction\":[{\"@type\":\"SearchAction\",\"target\":{\"@type\":\"EntryPoint\",\"urlTemplate\":\"https:\\\/\\\/sistemabuttrio.com\\\/?s={search_term_string}\"},\"query-input\":{\"@type\":\"PropertyValueSpecification\",\"valueRequired\":true,\"valueName\":\"search_term_string\"}}],\"inLanguage\":\"sl-SI\"}]}<\/script>\n<!-- \/ Yoast SEO plugin. -->","yoast_head_json":{"title":"Lapidarij - Sistema Buttrio","robots":{"index":"index","follow":"follow","max-snippet":"max-snippet:-1","max-image-preview":"max-image-preview:large","max-video-preview":"max-video-preview:-1"},"canonical":"https:\/\/sistemabuttrio.com\/sl\/teritorij\/lapidarij\/","og_locale":"sl_SI","og_type":"article","og_title":"Lapidarij - Sistema Buttrio","og_description":"Home V povojnem obdobju je bil park vile Toppo-Florio ve\u010dkrat preoblikovan, na primer z izgradnjo stopni\u0161\u010da in dovozne poti ter preoblikovanjem vzhodne zelene povr\u0161ine za prostore za rekreacijo, medtem ko so na mestu labirinta iz pu\u0161pana in hrasta zgradili delavnice zavoda za pohabljene otroke. Po nedavni prenovi je bil prostor delavnic spremenjen v lapidarij, kjer [&hellip;]","og_url":"https:\/\/sistemabuttrio.com\/sl\/teritorij\/lapidarij\/","og_site_name":"Sistema Buttrio","article_modified_time":"2023-11-03T04:11:30+00:00","og_image":[{"url":"https:\/\/sistemabuttrio.com\/wp-content\/uploads\/2023\/09\/buttrio_8716-1024x688.jpg","type":"","width":"","height":""}],"twitter_card":"summary_large_image","twitter_misc":{"Est. reading time":"1 minuta"},"schema":{"@context":"https:\/\/schema.org","@graph":[{"@type":"WebPage","@id":"https:\/\/sistemabuttrio.com\/sl\/teritorij\/lapidarij\/","url":"https:\/\/sistemabuttrio.com\/sl\/teritorij\/lapidarij\/","name":"Lapidarij - Sistema Buttrio","isPartOf":{"@id":"https:\/\/sistemabuttrio.com\/#website"},"primaryImageOfPage":{"@id":"https:\/\/sistemabuttrio.com\/sl\/teritorij\/lapidarij\/#primaryimage"},"image":{"@id":"https:\/\/sistemabuttrio.com\/sl\/teritorij\/lapidarij\/#primaryimage"},"thumbnailUrl":"https:\/\/sistemabuttrio.com\/wp-content\/uploads\/2023\/09\/buttrio_8716-1024x688.jpg","datePublished":"2023-09-18T15:02:21+00:00","dateModified":"2023-11-03T04:11:30+00:00","breadcrumb":{"@id":"https:\/\/sistemabuttrio.com\/sl\/teritorij\/lapidarij\/#breadcrumb"},"inLanguage":"sl-SI","potentialAction":[{"@type":"ReadAction","target":["https:\/\/sistemabuttrio.com\/sl\/teritorij\/lapidarij\/"]}]},{"@type":"ImageObject","inLanguage":"sl-SI","@id":"https:\/\/sistemabuttrio.com\/sl\/teritorij\/lapidarij\/#primaryimage","url":"https:\/\/sistemabuttrio.com\/wp-content\/uploads\/2023\/09\/buttrio_8716-1024x688.jpg","contentUrl":"https:\/\/sistemabuttrio.com\/wp-content\/uploads\/2023\/09\/buttrio_8716-1024x688.jpg"},{"@type":"BreadcrumbList","@id":"https:\/\/sistemabuttrio.com\/sl\/teritorij\/lapidarij\/#breadcrumb","itemListElement":[{"@type":"ListItem","position":1,"name":"Home","item":"https:\/\/sistemabuttrio.com\/sl\/"},{"@type":"ListItem","position":2,"name":"Teritorij","item":"https:\/\/sistemabuttrio.com\/sl\/teritorij\/"},{"@type":"ListItem","position":3,"name":"Lapidarij"}]},{"@type":"WebSite","@id":"https:\/\/sistemabuttrio.com\/#website","url":"https:\/\/sistemabuttrio.com\/","name":"Sistema Buttrio","description":"","potentialAction":[{"@type":"SearchAction","target":{"@type":"EntryPoint","urlTemplate":"https:\/\/sistemabuttrio.com\/?s={search_term_string}"},"query-input":{"@type":"PropertyValueSpecification","valueRequired":true,"valueName":"search_term_string"}}],"inLanguage":"sl-SI"}]}},"_links":{"self":[{"href":"https:\/\/sistemabuttrio.com\/sl\/wp-json\/wp\/v2\/pages\/1978","targetHints":{"allow":["GET"]}}],"collection":[{"href":"https:\/\/sistemabuttrio.com\/sl\/wp-json\/wp\/v2\/pages"}],"about":[{"href":"https:\/\/sistemabuttrio.com\/sl\/wp-json\/wp\/v2\/types\/page"}],"author":[{"embeddable":true,"href":"https:\/\/sistemabuttrio.com\/sl\/wp-json\/wp\/v2\/users\/2"}],"replies":[{"embeddable":true,"href":"https:\/\/sistemabuttrio.com\/sl\/wp-json\/wp\/v2\/comments?post=1978"}],"version-history":[{"count":4,"href":"https:\/\/sistemabuttrio.com\/sl\/wp-json\/wp\/v2\/pages\/1978\/revisions"}],"predecessor-version":[{"id":1989,"href":"https:\/\/sistemabuttrio.com\/sl\/wp-json\/wp\/v2\/pages\/1978\/revisions\/1989"}],"up":[{"embeddable":true,"href":"https:\/\/sistemabuttrio.com\/sl\/wp-json\/wp\/v2\/pages\/1869"}],"wp:attachment":[{"href":"https:\/\/sistemabuttrio.com\/sl\/wp-json\/wp\/v2\/media?parent=1978"}],"curies":[{"name":"wp","href":"https:\/\/api.w.org\/{rel}","templated":true}]}}