{"id":1954,"date":"2023-09-18T18:07:55","date_gmt":"2023-09-18T16:07:55","guid":{"rendered":"https:\/\/sistemabuttrio.com\/izkusnje\/parco-archeo-botanico\/"},"modified":"2023-11-03T05:10:42","modified_gmt":"2023-11-03T04:10:42","slug":"arheobotanicni-park","status":"publish","type":"page","link":"https:\/\/sistemabuttrio.com\/sl\/izkusnje\/arheobotanicni-park\/","title":{"rendered":"Arheobotani\u010dni park"},"content":{"rendered":"\t\t<div data-elementor-type=\"wp-page\" data-elementor-id=\"1954\" class=\"elementor elementor-1954 elementor-1105\" data-elementor-post-type=\"page\">\n\t\t\t\t\t\t<section class=\"elementor-section elementor-top-section elementor-element elementor-element-ea33ed1 elementor-section-full_width elementor-section-stretched elementor-section-height-default elementor-section-height-default\" data-id=\"ea33ed1\" data-element_type=\"section\" data-e-type=\"section\" data-settings=\"{&quot;stretch_section&quot;:&quot;section-stretched&quot;,&quot;jet_parallax_layout_list&quot;:[],&quot;background_background&quot;:&quot;classic&quot;}\">\n\t\t\t\t\t\t<div class=\"elementor-container elementor-column-gap-default\">\n\t\t\t\t\t<div class=\"elementor-column elementor-col-100 elementor-top-column elementor-element elementor-element-11bdb3f\" data-id=\"11bdb3f\" data-element_type=\"column\" data-e-type=\"column\">\n\t\t\t<div class=\"elementor-widget-wrap elementor-element-populated\">\n\t\t\t\t\t\t<div class=\"elementor-element elementor-element-34e76b9 jet-breadcrumbs-page-title-yes jet-breadcrumbs-align-center elementor-widget elementor-widget-jet-breadcrumbs\" data-id=\"34e76b9\" data-element_type=\"widget\" data-e-type=\"widget\" data-widget_type=\"jet-breadcrumbs.default\">\n\t\t\t\t<div class=\"elementor-widget-container\">\n\t\t\t\t\t<div class=\"elementor-jet-breadcrumbs jet-blocks\">\n\t\t<div class=\"jet-breadcrumbs\">\n\t\t<div class=\"jet-breadcrumbs__content\">\n\t\t<div class=\"jet-breadcrumbs__wrap\"><div class=\"jet-breadcrumbs__item\"><a href=\"https:\/\/sistemabuttrio.com\/sl\/\" class=\"jet-breadcrumbs__item-link is-home\" rel=\"home\" title=\"Home\">Home<\/a><\/div>\n\t\t<\/div>\n\t\t<\/div>\n\t\t<\/div><\/div>\t\t\t\t<\/div>\n\t\t\t\t<\/div>\n\t\t\t\t\t<\/div>\n\t\t<\/div>\n\t\t\t\t\t<\/div>\n\t\t<\/section>\n\t\t\t\t<section class=\"elementor-section elementor-top-section elementor-element elementor-element-7240305 elementor-section-boxed elementor-section-height-default elementor-section-height-default\" data-id=\"7240305\" data-element_type=\"section\" data-e-type=\"section\" data-settings=\"{&quot;jet_parallax_layout_list&quot;:[]}\">\n\t\t\t\t\t\t<div class=\"elementor-container elementor-column-gap-default\">\n\t\t\t\t\t<div class=\"elementor-column elementor-col-100 elementor-top-column elementor-element elementor-element-bf2c369\" data-id=\"bf2c369\" data-element_type=\"column\" data-e-type=\"column\">\n\t\t\t<div class=\"elementor-widget-wrap elementor-element-populated\">\n\t\t\t\t\t\t<div class=\"elementor-element elementor-element-fe89866 elementor-widget elementor-widget-heading\" data-id=\"fe89866\" data-element_type=\"widget\" data-e-type=\"widget\" data-widget_type=\"heading.default\">\n\t\t\t\t<div class=\"elementor-widget-container\">\n\t\t\t\t\t<h3 class=\"elementor-heading-title elementor-size-default\">Grof Nicol\u00f2 di Toppo in njegov brat Marzio sta park okrasila z rimskimi artefakti, ki so bili najdeni v Ogleju, in tako ustvarila prvo jedro edinega preostalega arheolo\u0161kega in botani\u010dnega parka v Severni Italiji.<\/h3>\t\t\t\t<\/div>\n\t\t\t\t<\/div>\n\t\t\t\t\t<\/div>\n\t\t<\/div>\n\t\t\t\t\t<\/div>\n\t\t<\/section>\n\t\t\t\t<section class=\"elementor-section elementor-top-section elementor-element elementor-element-fe686ad elementor-section-boxed elementor-section-height-default elementor-section-height-default\" data-id=\"fe686ad\" data-element_type=\"section\" data-e-type=\"section\" data-settings=\"{&quot;jet_parallax_layout_list&quot;:[]}\">\n\t\t\t\t\t\t<div class=\"elementor-container elementor-column-gap-default\">\n\t\t\t\t\t<div class=\"elementor-column elementor-col-100 elementor-top-column elementor-element elementor-element-a265342\" data-id=\"a265342\" data-element_type=\"column\" data-e-type=\"column\">\n\t\t\t<div class=\"elementor-widget-wrap elementor-element-populated\">\n\t\t\t\t\t\t<section class=\"elementor-section elementor-inner-section elementor-element elementor-element-0eb73f8 elementor-section-boxed elementor-section-height-default elementor-section-height-default\" data-id=\"0eb73f8\" data-element_type=\"section\" data-e-type=\"section\" data-settings=\"{&quot;jet_parallax_layout_list&quot;:[]}\">\n\t\t\t\t\t\t<div class=\"elementor-container elementor-column-gap-wide\">\n\t\t\t\t\t<div class=\"elementor-column elementor-col-50 elementor-inner-column elementor-element elementor-element-cbc3a8d\" data-id=\"cbc3a8d\" data-element_type=\"column\" data-e-type=\"column\">\n\t\t\t<div class=\"elementor-widget-wrap elementor-element-populated\">\n\t\t\t\t\t\t<div class=\"elementor-element elementor-element-d293114 elementor-widget elementor-widget-image\" data-id=\"d293114\" data-element_type=\"widget\" data-e-type=\"widget\" data-widget_type=\"image.default\">\n\t\t\t\t<div class=\"elementor-widget-container\">\n\t\t\t\t\t\t\t\t\t\t\t\t\t\t\t<img fetchpriority=\"high\" decoding=\"async\" width=\"1024\" height=\"682\" src=\"https:\/\/sistemabuttrio.com\/wp-content\/uploads\/2023\/09\/buttrio_DSC_9961-1024x682.jpg\" class=\"attachment-large size-large wp-image-1958\" alt=\"\" srcset=\"https:\/\/sistemabuttrio.com\/wp-content\/uploads\/2023\/09\/buttrio_DSC_9961-1024x682.jpg 1024w, https:\/\/sistemabuttrio.com\/wp-content\/uploads\/2023\/09\/buttrio_DSC_9961-300x200.jpg 300w, https:\/\/sistemabuttrio.com\/wp-content\/uploads\/2023\/09\/buttrio_DSC_9961-768x511.jpg 768w, https:\/\/sistemabuttrio.com\/wp-content\/uploads\/2023\/09\/buttrio_DSC_9961-1536x1022.jpg 1536w, https:\/\/sistemabuttrio.com\/wp-content\/uploads\/2023\/09\/buttrio_DSC_9961.jpg 1600w\" sizes=\"(max-width: 1024px) 100vw, 1024px\" \/>\t\t\t\t\t\t\t\t\t\t\t\t\t\t\t<\/div>\n\t\t\t\t<\/div>\n\t\t\t\t\t<\/div>\n\t\t<\/div>\n\t\t\t\t<div class=\"elementor-column elementor-col-50 elementor-inner-column elementor-element elementor-element-8b95e93\" data-id=\"8b95e93\" data-element_type=\"column\" data-e-type=\"column\">\n\t\t\t<div class=\"elementor-widget-wrap elementor-element-populated\">\n\t\t\t\t\t\t<div class=\"elementor-element elementor-element-8b37b87 elementor-widget elementor-widget-text-editor\" data-id=\"8b37b87\" data-element_type=\"widget\" data-e-type=\"widget\" data-widget_type=\"text-editor.default\">\n\t\t\t\t<div class=\"elementor-widget-container\">\n\t\t\t\t\t\t\t\t\t<p>Francesco, Nicol\u00f2jev sin, je parku dal zasnovo v stilu<br \/>19. stoletja. Pod vodstvom milanskega arhitekta Giuseppeja Rhoja so bile v njem posajene avtohtone in eksoti\u010dne drevesne vrste ter pribli\u017eno 600 arheolo\u0161kih najdb, ki jih je odkril Francesco, v novem rastlinjaku pa so posejali semena, prinesena s potovanja po ju\u017eni Italiji. Zadnje stanje lahko opi\u0161emo kot &#8220;ru\u0161evinsko&#8221;, tj. osredoto\u010den na okus po ru\u0161evinah.<\/p><p>Ko je Francesco leta 1883 umrl, je njegova \u017eena Margherita nadaljevala prenovo stavb in parka. Njegova vnukinja Vittoria Ciconi Beltrame, njena dedinja, se je posvetila pridelavi vina, zelenjave in tobaka; gojila je cvetje in ustvarila nasad vrtnic, ki je zaslovel.<\/p>\t\t\t\t\t\t\t\t<\/div>\n\t\t\t\t<\/div>\n\t\t\t\t\t<\/div>\n\t\t<\/div>\n\t\t\t\t\t<\/div>\n\t\t<\/section>\n\t\t\t\t\t<\/div>\n\t\t<\/div>\n\t\t\t\t\t<\/div>\n\t\t<\/section>\n\t\t\t\t<section class=\"elementor-section elementor-top-section elementor-element elementor-element-08a8fab elementor-section-boxed elementor-section-height-default elementor-section-height-default\" data-id=\"08a8fab\" data-element_type=\"section\" data-e-type=\"section\" data-settings=\"{&quot;jet_parallax_layout_list&quot;:[],&quot;background_background&quot;:&quot;classic&quot;}\">\n\t\t\t\t\t\t<div class=\"elementor-container elementor-column-gap-default\">\n\t\t\t\t\t<div class=\"elementor-column elementor-col-100 elementor-top-column elementor-element elementor-element-120c941\" data-id=\"120c941\" data-element_type=\"column\" data-e-type=\"column\">\n\t\t\t<div class=\"elementor-widget-wrap elementor-element-populated\">\n\t\t\t\t\t\t<section class=\"elementor-section elementor-inner-section elementor-element elementor-element-78c1c0c elementor-section-content-middle elementor-section-boxed elementor-section-height-default elementor-section-height-default\" data-id=\"78c1c0c\" data-element_type=\"section\" data-e-type=\"section\" data-settings=\"{&quot;jet_parallax_layout_list&quot;:[]}\">\n\t\t\t\t\t\t<div class=\"elementor-container elementor-column-gap-wide\">\n\t\t\t\t\t<div class=\"elementor-column elementor-col-50 elementor-inner-column elementor-element elementor-element-706b07d\" data-id=\"706b07d\" data-element_type=\"column\" data-e-type=\"column\">\n\t\t\t<div class=\"elementor-widget-wrap elementor-element-populated\">\n\t\t\t\t\t\t<div class=\"elementor-element elementor-element-4887e3d elementor-widget elementor-widget-text-editor\" data-id=\"4887e3d\" data-element_type=\"widget\" data-e-type=\"widget\" data-widget_type=\"text-editor.default\">\n\t\t\t\t<div class=\"elementor-widget-container\">\n\t\t\t\t\t\t\t\t\t<p>Leta 1943 se je v vili naselilo nem\u0161ko poveljstvo in za\u010delo odstranjevati nekatere arheolo\u0161ke predmete.<\/p><p>V \u010dasu, ko je v vili deloval zavod za pohabljene otroke, so bile spremembe v parku korenite: zgrajeno je bilo stopni\u0161\u010de in osrednja pot, okra\u0161ena s palmami, na mestu labirinta iz pu\u0161panov in hrastov so bile zgrajene delavnice zavoda, velik del zelene povr\u0161ine na vzhodnem delu pa so \u017ertvovali za tri \u0161portna igri\u0161\u010da pod sedanjim lapidarijem.<\/p>\t\t\t\t\t\t\t\t<\/div>\n\t\t\t\t<\/div>\n\t\t\t\t<div class=\"elementor-element elementor-element-df34cce elementor-align-left elementor-widget elementor-widget-button\" data-id=\"df34cce\" data-element_type=\"widget\" data-e-type=\"widget\" data-widget_type=\"button.default\">\n\t\t\t\t<div class=\"elementor-widget-container\">\n\t\t\t\t\t\t\t\t\t<div class=\"elementor-button-wrapper\">\n\t\t\t\t\t<a class=\"elementor-button elementor-button-link elementor-size-md\" href=\"https:\/\/sistemabuttrio.com\/sl\/teritorij\/lapidarij\/\">\n\t\t\t\t\t\t<span class=\"elementor-button-content-wrapper\">\n\t\t\t\t\t\t\t\t\t<span class=\"elementor-button-text\">lapidarijem<\/span>\n\t\t\t\t\t<\/span>\n\t\t\t\t\t<\/a>\n\t\t\t\t<\/div>\n\t\t\t\t\t\t\t\t<\/div>\n\t\t\t\t<\/div>\n\t\t\t\t\t<\/div>\n\t\t<\/div>\n\t\t\t\t<div class=\"elementor-column elementor-col-50 elementor-inner-column elementor-element elementor-element-4910984\" data-id=\"4910984\" data-element_type=\"column\" data-e-type=\"column\">\n\t\t\t<div class=\"elementor-widget-wrap elementor-element-populated\">\n\t\t\t\t\t\t<div class=\"elementor-element elementor-element-d2f3d7c elementor-widget elementor-widget-image\" data-id=\"d2f3d7c\" data-element_type=\"widget\" data-e-type=\"widget\" data-widget_type=\"image.default\">\n\t\t\t\t<div class=\"elementor-widget-container\">\n\t\t\t\t\t\t\t\t\t\t\t\t\t\t\t<img decoding=\"async\" width=\"828\" height=\"1024\" src=\"https:\/\/sistemabuttrio.com\/wp-content\/uploads\/2023\/09\/buttrio_9928-Foto-Parco-di-Blue-Foto-828x1024.jpg\" class=\"attachment-large size-large wp-image-1957\" alt=\"\" srcset=\"https:\/\/sistemabuttrio.com\/wp-content\/uploads\/2023\/09\/buttrio_9928-Foto-Parco-di-Blue-Foto-828x1024.jpg 828w, https:\/\/sistemabuttrio.com\/wp-content\/uploads\/2023\/09\/buttrio_9928-Foto-Parco-di-Blue-Foto-243x300.jpg 243w, https:\/\/sistemabuttrio.com\/wp-content\/uploads\/2023\/09\/buttrio_9928-Foto-Parco-di-Blue-Foto-768x950.jpg 768w, https:\/\/sistemabuttrio.com\/wp-content\/uploads\/2023\/09\/buttrio_9928-Foto-Parco-di-Blue-Foto-1242x1536.jpg 1242w, https:\/\/sistemabuttrio.com\/wp-content\/uploads\/2023\/09\/buttrio_9928-Foto-Parco-di-Blue-Foto.jpg 1294w\" sizes=\"(max-width: 828px) 100vw, 828px\" \/>\t\t\t\t\t\t\t\t\t\t\t\t\t\t\t<\/div>\n\t\t\t\t<\/div>\n\t\t\t\t\t<\/div>\n\t\t<\/div>\n\t\t\t\t\t<\/div>\n\t\t<\/section>\n\t\t\t\t\t<\/div>\n\t\t<\/div>\n\t\t\t\t\t<\/div>\n\t\t<\/section>\n\t\t\t\t<section class=\"elementor-section elementor-top-section elementor-element elementor-element-f2bc089 elementor-section-boxed elementor-section-height-default elementor-section-height-default\" data-id=\"f2bc089\" data-element_type=\"section\" data-e-type=\"section\" data-settings=\"{&quot;jet_parallax_layout_list&quot;:[]}\">\n\t\t\t\t\t\t<div class=\"elementor-container elementor-column-gap-default\">\n\t\t\t\t\t<div class=\"elementor-column elementor-col-100 elementor-top-column elementor-element elementor-element-89245b3\" data-id=\"89245b3\" data-element_type=\"column\" data-e-type=\"column\">\n\t\t\t<div class=\"elementor-widget-wrap elementor-element-populated\">\n\t\t\t\t\t\t<div class=\"elementor-element elementor-element-5c7d651 elementor-widget elementor-widget-heading\" data-id=\"5c7d651\" data-element_type=\"widget\" data-e-type=\"widget\" data-widget_type=\"heading.default\">\n\t\t\t\t<div class=\"elementor-widget-container\">\n\t\t\t\t\t<h3 class=\"elementor-heading-title elementor-size-default\">Po zaprtju zavoda leta 1979 je bila zelena povr\u0161ina dolga leta zelo zanemarjena in je propadala. Po letu 1998 je ob\u010dina Buttrio, ki je postala lastnica vile in parka, poskrbela za njuno obnovo in o\u017eivitev. Danes so v parku postavljene tudi umetni\u0161ke instalacije, povezane s projektom \"TreeArt Festival\".<\/h3>\t\t\t\t<\/div>\n\t\t\t\t<\/div>\n\t\t\t\t<div class=\"elementor-element elementor-element-6eb2f22 elementor-align-center elementor-widget elementor-widget-button\" data-id=\"6eb2f22\" data-element_type=\"widget\" data-e-type=\"widget\" data-widget_type=\"button.default\">\n\t\t\t\t<div class=\"elementor-widget-container\">\n\t\t\t\t\t\t\t\t\t<div class=\"elementor-button-wrapper\">\n\t\t\t\t\t<a class=\"elementor-button elementor-button-link elementor-size-md\" href=\"https:\/\/sistemabuttrio.com\/sl\/izkusnje\/instalacije-sodobne-umetnosti\/\">\n\t\t\t\t\t\t<span class=\"elementor-button-content-wrapper\">\n\t\t\t\t\t\t\t\t\t<span class=\"elementor-button-text\">Instalacije sodobne umetnosti<\/span>\n\t\t\t\t\t<\/span>\n\t\t\t\t\t<\/a>\n\t\t\t\t<\/div>\n\t\t\t\t\t\t\t\t<\/div>\n\t\t\t\t<\/div>\n\t\t\t\t\t<\/div>\n\t\t<\/div>\n\t\t\t\t\t<\/div>\n\t\t<\/section>\n\t\t\t\t<\/div>\n\t\t","protected":false},"excerpt":{"rendered":"<p>Home Grof Nicol\u00f2 di Toppo in njegov brat Marzio sta park okrasila z rimskimi artefakti, ki so bili najdeni v Ogleju, in tako ustvarila prvo jedro edinega preostalega arheolo\u0161kega in botani\u010dnega parka v Severni Italiji. Francesco, Nicol\u00f2jev sin, je parku dal zasnovo v stilu19. stoletja. Pod vodstvom milanskega arhitekta Giuseppeja Rhoja so bile v njem [&hellip;]<\/p>\n","protected":false},"author":2,"featured_media":0,"parent":1930,"menu_order":0,"comment_status":"closed","ping_status":"closed","template":"elementor_header_footer","meta":{"site-sidebar-layout":"no-sidebar","site-content-layout":"page-builder","ast-site-content-layout":"default","site-content-style":"default","site-sidebar-style":"default","ast-global-header-display":"","ast-banner-title-visibility":"","ast-main-header-display":"","ast-hfb-above-header-display":"","ast-hfb-below-header-display":"","ast-hfb-mobile-header-display":"","site-post-title":"disabled","ast-breadcrumbs-content":"","ast-featured-img":"disabled","footer-sml-layout":"","ast-disable-related-posts":"","theme-transparent-header-meta":"","adv-header-id-meta":"","stick-header-meta":"","header-above-stick-meta":"","header-main-stick-meta":"","header-below-stick-meta":"","astra-migrate-meta-layouts":"set","ast-page-background-enabled":"default","ast-page-background-meta":{"desktop":{"background-color":"var(--ast-global-color-4)","background-image":"","background-repeat":"repeat","background-position":"center center","background-size":"auto","background-attachment":"scroll","background-type":"","background-media":"","overlay-type":"","overlay-color":"","overlay-opacity":"","overlay-gradient":""},"tablet":{"background-color":"","background-image":"","background-repeat":"repeat","background-position":"center center","background-size":"auto","background-attachment":"scroll","background-type":"","background-media":"","overlay-type":"","overlay-color":"","overlay-opacity":"","overlay-gradient":""},"mobile":{"background-color":"","background-image":"","background-repeat":"repeat","background-position":"center center","background-size":"auto","background-attachment":"scroll","background-type":"","background-media":"","overlay-type":"","overlay-color":"","overlay-opacity":"","overlay-gradient":""}},"ast-content-background-meta":{"desktop":{"background-color":"var(--ast-global-color-5)","background-image":"","background-repeat":"repeat","background-position":"center center","background-size":"auto","background-attachment":"scroll","background-type":"","background-media":"","overlay-type":"","overlay-color":"","overlay-opacity":"","overlay-gradient":""},"tablet":{"background-color":"var(--ast-global-color-5)","background-image":"","background-repeat":"repeat","background-position":"center center","background-size":"auto","background-attachment":"scroll","background-type":"","background-media":"","overlay-type":"","overlay-color":"","overlay-opacity":"","overlay-gradient":""},"mobile":{"background-color":"var(--ast-global-color-5)","background-image":"","background-repeat":"repeat","background-position":"center center","background-size":"auto","background-attachment":"scroll","background-type":"","background-media":"","overlay-type":"","overlay-color":"","overlay-opacity":"","overlay-gradient":""}},"footnotes":""},"class_list":["post-1954","page","type-page","status-publish","hentry"],"yoast_head":"<!-- This site is optimized with the Yoast SEO plugin v27.3 - https:\/\/yoast.com\/product\/yoast-seo-wordpress\/ -->\n<title>Arheobotani\u010dni park - Sistema Buttrio<\/title>\n<meta name=\"robots\" content=\"index, follow, max-snippet:-1, max-image-preview:large, max-video-preview:-1\" \/>\n<link rel=\"canonical\" href=\"https:\/\/sistemabuttrio.com\/sl\/izkusnje\/arheobotanicni-park\/\" \/>\n<meta property=\"og:locale\" content=\"sl_SI\" \/>\n<meta property=\"og:type\" content=\"article\" \/>\n<meta property=\"og:title\" content=\"Arheobotani\u010dni park - Sistema Buttrio\" \/>\n<meta property=\"og:description\" content=\"Home Grof Nicol\u00f2 di Toppo in njegov brat Marzio sta park okrasila z rimskimi artefakti, ki so bili najdeni v Ogleju, in tako ustvarila prvo jedro edinega preostalega arheolo\u0161kega in botani\u010dnega parka v Severni Italiji. Francesco, Nicol\u00f2jev sin, je parku dal zasnovo v stilu19. stoletja. Pod vodstvom milanskega arhitekta Giuseppeja Rhoja so bile v njem [&hellip;]\" \/>\n<meta property=\"og:url\" content=\"https:\/\/sistemabuttrio.com\/sl\/izkusnje\/arheobotanicni-park\/\" \/>\n<meta property=\"og:site_name\" content=\"Sistema Buttrio\" \/>\n<meta property=\"article:modified_time\" content=\"2023-11-03T04:10:42+00:00\" \/>\n<meta property=\"og:image\" content=\"https:\/\/sistemabuttrio.com\/wp-content\/uploads\/2023\/09\/buttrio_DSC_9961-1024x682.jpg\" \/>\n<meta name=\"twitter:card\" content=\"summary_large_image\" \/>\n<meta name=\"twitter:label1\" content=\"Est. reading time\" \/>\n\t<meta name=\"twitter:data1\" content=\"2 minuti\" \/>\n<script type=\"application\/ld+json\" class=\"yoast-schema-graph\">{\"@context\":\"https:\\\/\\\/schema.org\",\"@graph\":[{\"@type\":\"WebPage\",\"@id\":\"https:\\\/\\\/sistemabuttrio.com\\\/sl\\\/izkusnje\\\/arheobotanicni-park\\\/\",\"url\":\"https:\\\/\\\/sistemabuttrio.com\\\/sl\\\/izkusnje\\\/arheobotanicni-park\\\/\",\"name\":\"Arheobotani\u010dni park - Sistema Buttrio\",\"isPartOf\":{\"@id\":\"https:\\\/\\\/sistemabuttrio.com\\\/#website\"},\"primaryImageOfPage\":{\"@id\":\"https:\\\/\\\/sistemabuttrio.com\\\/sl\\\/izkusnje\\\/arheobotanicni-park\\\/#primaryimage\"},\"image\":{\"@id\":\"https:\\\/\\\/sistemabuttrio.com\\\/sl\\\/izkusnje\\\/arheobotanicni-park\\\/#primaryimage\"},\"thumbnailUrl\":\"https:\\\/\\\/sistemabuttrio.com\\\/wp-content\\\/uploads\\\/2023\\\/09\\\/buttrio_DSC_9961-1024x682.jpg\",\"datePublished\":\"2023-09-18T16:07:55+00:00\",\"dateModified\":\"2023-11-03T04:10:42+00:00\",\"breadcrumb\":{\"@id\":\"https:\\\/\\\/sistemabuttrio.com\\\/sl\\\/izkusnje\\\/arheobotanicni-park\\\/#breadcrumb\"},\"inLanguage\":\"sl-SI\",\"potentialAction\":[{\"@type\":\"ReadAction\",\"target\":[\"https:\\\/\\\/sistemabuttrio.com\\\/sl\\\/izkusnje\\\/arheobotanicni-park\\\/\"]}]},{\"@type\":\"ImageObject\",\"inLanguage\":\"sl-SI\",\"@id\":\"https:\\\/\\\/sistemabuttrio.com\\\/sl\\\/izkusnje\\\/arheobotanicni-park\\\/#primaryimage\",\"url\":\"https:\\\/\\\/sistemabuttrio.com\\\/wp-content\\\/uploads\\\/2023\\\/09\\\/buttrio_DSC_9961-1024x682.jpg\",\"contentUrl\":\"https:\\\/\\\/sistemabuttrio.com\\\/wp-content\\\/uploads\\\/2023\\\/09\\\/buttrio_DSC_9961-1024x682.jpg\"},{\"@type\":\"BreadcrumbList\",\"@id\":\"https:\\\/\\\/sistemabuttrio.com\\\/sl\\\/izkusnje\\\/arheobotanicni-park\\\/#breadcrumb\",\"itemListElement\":[{\"@type\":\"ListItem\",\"position\":1,\"name\":\"Home\",\"item\":\"https:\\\/\\\/sistemabuttrio.com\\\/sl\\\/\"},{\"@type\":\"ListItem\",\"position\":2,\"name\":\"Izku\u0161nje\",\"item\":\"https:\\\/\\\/sistemabuttrio.com\\\/sl\\\/izkusnje\\\/\"},{\"@type\":\"ListItem\",\"position\":3,\"name\":\"Arheobotani\u010dni park\"}]},{\"@type\":\"WebSite\",\"@id\":\"https:\\\/\\\/sistemabuttrio.com\\\/#website\",\"url\":\"https:\\\/\\\/sistemabuttrio.com\\\/\",\"name\":\"Sistema Buttrio\",\"description\":\"\",\"potentialAction\":[{\"@type\":\"SearchAction\",\"target\":{\"@type\":\"EntryPoint\",\"urlTemplate\":\"https:\\\/\\\/sistemabuttrio.com\\\/?s={search_term_string}\"},\"query-input\":{\"@type\":\"PropertyValueSpecification\",\"valueRequired\":true,\"valueName\":\"search_term_string\"}}],\"inLanguage\":\"sl-SI\"}]}<\/script>\n<!-- \/ Yoast SEO plugin. -->","yoast_head_json":{"title":"Arheobotani\u010dni park - Sistema Buttrio","robots":{"index":"index","follow":"follow","max-snippet":"max-snippet:-1","max-image-preview":"max-image-preview:large","max-video-preview":"max-video-preview:-1"},"canonical":"https:\/\/sistemabuttrio.com\/sl\/izkusnje\/arheobotanicni-park\/","og_locale":"sl_SI","og_type":"article","og_title":"Arheobotani\u010dni park - Sistema Buttrio","og_description":"Home Grof Nicol\u00f2 di Toppo in njegov brat Marzio sta park okrasila z rimskimi artefakti, ki so bili najdeni v Ogleju, in tako ustvarila prvo jedro edinega preostalega arheolo\u0161kega in botani\u010dnega parka v Severni Italiji. Francesco, Nicol\u00f2jev sin, je parku dal zasnovo v stilu19. stoletja. Pod vodstvom milanskega arhitekta Giuseppeja Rhoja so bile v njem [&hellip;]","og_url":"https:\/\/sistemabuttrio.com\/sl\/izkusnje\/arheobotanicni-park\/","og_site_name":"Sistema Buttrio","article_modified_time":"2023-11-03T04:10:42+00:00","og_image":[{"url":"https:\/\/sistemabuttrio.com\/wp-content\/uploads\/2023\/09\/buttrio_DSC_9961-1024x682.jpg","type":"","width":"","height":""}],"twitter_card":"summary_large_image","twitter_misc":{"Est. reading time":"2 minuti"},"schema":{"@context":"https:\/\/schema.org","@graph":[{"@type":"WebPage","@id":"https:\/\/sistemabuttrio.com\/sl\/izkusnje\/arheobotanicni-park\/","url":"https:\/\/sistemabuttrio.com\/sl\/izkusnje\/arheobotanicni-park\/","name":"Arheobotani\u010dni park - Sistema Buttrio","isPartOf":{"@id":"https:\/\/sistemabuttrio.com\/#website"},"primaryImageOfPage":{"@id":"https:\/\/sistemabuttrio.com\/sl\/izkusnje\/arheobotanicni-park\/#primaryimage"},"image":{"@id":"https:\/\/sistemabuttrio.com\/sl\/izkusnje\/arheobotanicni-park\/#primaryimage"},"thumbnailUrl":"https:\/\/sistemabuttrio.com\/wp-content\/uploads\/2023\/09\/buttrio_DSC_9961-1024x682.jpg","datePublished":"2023-09-18T16:07:55+00:00","dateModified":"2023-11-03T04:10:42+00:00","breadcrumb":{"@id":"https:\/\/sistemabuttrio.com\/sl\/izkusnje\/arheobotanicni-park\/#breadcrumb"},"inLanguage":"sl-SI","potentialAction":[{"@type":"ReadAction","target":["https:\/\/sistemabuttrio.com\/sl\/izkusnje\/arheobotanicni-park\/"]}]},{"@type":"ImageObject","inLanguage":"sl-SI","@id":"https:\/\/sistemabuttrio.com\/sl\/izkusnje\/arheobotanicni-park\/#primaryimage","url":"https:\/\/sistemabuttrio.com\/wp-content\/uploads\/2023\/09\/buttrio_DSC_9961-1024x682.jpg","contentUrl":"https:\/\/sistemabuttrio.com\/wp-content\/uploads\/2023\/09\/buttrio_DSC_9961-1024x682.jpg"},{"@type":"BreadcrumbList","@id":"https:\/\/sistemabuttrio.com\/sl\/izkusnje\/arheobotanicni-park\/#breadcrumb","itemListElement":[{"@type":"ListItem","position":1,"name":"Home","item":"https:\/\/sistemabuttrio.com\/sl\/"},{"@type":"ListItem","position":2,"name":"Izku\u0161nje","item":"https:\/\/sistemabuttrio.com\/sl\/izkusnje\/"},{"@type":"ListItem","position":3,"name":"Arheobotani\u010dni park"}]},{"@type":"WebSite","@id":"https:\/\/sistemabuttrio.com\/#website","url":"https:\/\/sistemabuttrio.com\/","name":"Sistema Buttrio","description":"","potentialAction":[{"@type":"SearchAction","target":{"@type":"EntryPoint","urlTemplate":"https:\/\/sistemabuttrio.com\/?s={search_term_string}"},"query-input":{"@type":"PropertyValueSpecification","valueRequired":true,"valueName":"search_term_string"}}],"inLanguage":"sl-SI"}]}},"_links":{"self":[{"href":"https:\/\/sistemabuttrio.com\/sl\/wp-json\/wp\/v2\/pages\/1954","targetHints":{"allow":["GET"]}}],"collection":[{"href":"https:\/\/sistemabuttrio.com\/sl\/wp-json\/wp\/v2\/pages"}],"about":[{"href":"https:\/\/sistemabuttrio.com\/sl\/wp-json\/wp\/v2\/types\/page"}],"author":[{"embeddable":true,"href":"https:\/\/sistemabuttrio.com\/sl\/wp-json\/wp\/v2\/users\/2"}],"replies":[{"embeddable":true,"href":"https:\/\/sistemabuttrio.com\/sl\/wp-json\/wp\/v2\/comments?post=1954"}],"version-history":[{"count":11,"href":"https:\/\/sistemabuttrio.com\/sl\/wp-json\/wp\/v2\/pages\/1954\/revisions"}],"predecessor-version":[{"id":1986,"href":"https:\/\/sistemabuttrio.com\/sl\/wp-json\/wp\/v2\/pages\/1954\/revisions\/1986"}],"up":[{"embeddable":true,"href":"https:\/\/sistemabuttrio.com\/sl\/wp-json\/wp\/v2\/pages\/1930"}],"wp:attachment":[{"href":"https:\/\/sistemabuttrio.com\/sl\/wp-json\/wp\/v2\/media?parent=1954"}],"curies":[{"name":"wp","href":"https:\/\/api.w.org\/{rel}","templated":true}]}}