{"id":1943,"date":"2023-09-18T11:52:35","date_gmt":"2023-09-18T09:52:35","guid":{"rendered":"https:\/\/sistemabuttrio.com\/izkusnje\/villa-di-toppo-florio\/"},"modified":"2023-11-03T05:03:15","modified_gmt":"2023-11-03T04:03:15","slug":"villa-toppo-florio","status":"publish","type":"page","link":"https:\/\/sistemabuttrio.com\/sl\/izkusnje\/villa-toppo-florio\/","title":{"rendered":"Villa Toppo-Florio"},"content":{"rendered":"\t\t<div data-elementor-type=\"wp-page\" data-elementor-id=\"1943\" class=\"elementor elementor-1943 elementor-924\" data-elementor-post-type=\"page\">\n\t\t\t\t\t\t<section class=\"elementor-section elementor-top-section elementor-element elementor-element-ea33ed1 elementor-section-full_width elementor-section-stretched elementor-section-height-default elementor-section-height-default\" data-id=\"ea33ed1\" data-element_type=\"section\" data-e-type=\"section\" data-settings=\"{&quot;stretch_section&quot;:&quot;section-stretched&quot;,&quot;jet_parallax_layout_list&quot;:[],&quot;background_background&quot;:&quot;classic&quot;}\">\n\t\t\t\t\t\t<div class=\"elementor-container elementor-column-gap-default\">\n\t\t\t\t\t<div class=\"elementor-column elementor-col-100 elementor-top-column elementor-element elementor-element-11bdb3f\" data-id=\"11bdb3f\" data-element_type=\"column\" data-e-type=\"column\">\n\t\t\t<div class=\"elementor-widget-wrap elementor-element-populated\">\n\t\t\t\t\t\t<div class=\"elementor-element elementor-element-34e76b9 jet-breadcrumbs-page-title-yes jet-breadcrumbs-align-center elementor-widget elementor-widget-jet-breadcrumbs\" data-id=\"34e76b9\" data-element_type=\"widget\" data-e-type=\"widget\" data-widget_type=\"jet-breadcrumbs.default\">\n\t\t\t\t<div class=\"elementor-widget-container\">\n\t\t\t\t\t<div class=\"elementor-jet-breadcrumbs jet-blocks\">\n\t\t<div class=\"jet-breadcrumbs\">\n\t\t<div class=\"jet-breadcrumbs__content\">\n\t\t<div class=\"jet-breadcrumbs__wrap\"><div class=\"jet-breadcrumbs__item\"><a href=\"https:\/\/sistemabuttrio.com\/sl\/\" class=\"jet-breadcrumbs__item-link is-home\" rel=\"home\" title=\"Home\">Home<\/a><\/div>\n\t\t<\/div>\n\t\t<\/div>\n\t\t<\/div><\/div>\t\t\t\t<\/div>\n\t\t\t\t<\/div>\n\t\t\t\t\t<\/div>\n\t\t<\/div>\n\t\t\t\t\t<\/div>\n\t\t<\/section>\n\t\t\t\t<section class=\"elementor-section elementor-top-section elementor-element elementor-element-7240305 elementor-section-boxed elementor-section-height-default elementor-section-height-default\" data-id=\"7240305\" data-element_type=\"section\" data-e-type=\"section\" data-settings=\"{&quot;jet_parallax_layout_list&quot;:[]}\">\n\t\t\t\t\t\t<div class=\"elementor-container elementor-column-gap-default\">\n\t\t\t\t\t<div class=\"elementor-column elementor-col-100 elementor-top-column elementor-element elementor-element-bf2c369\" data-id=\"bf2c369\" data-element_type=\"column\" data-e-type=\"column\">\n\t\t\t<div class=\"elementor-widget-wrap elementor-element-populated\">\n\t\t\t\t\t\t<div class=\"elementor-element elementor-element-fe89866 elementor-widget elementor-widget-heading\" data-id=\"fe89866\" data-element_type=\"widget\" data-e-type=\"widget\" data-widget_type=\"heading.default\">\n\t\t\t\t<div class=\"elementor-widget-container\">\n\t\t\t\t\t<h3 class=\"elementor-heading-title elementor-size-default\">Vila Toppo-Florio iz 18. stoletja se dviga nad izjemnim parkom z velikim arheolo\u0161kim in botani\u010dnim pomenom. Stavba je do\u017eivela svoj razcvet, ko je postala last dru\u017eine videmskih grofov Nicol\u00f2ja in Francesca di Toppo.<\/h3>\t\t\t\t<\/div>\n\t\t\t\t<\/div>\n\t\t\t\t\t<\/div>\n\t\t<\/div>\n\t\t\t\t\t<\/div>\n\t\t<\/section>\n\t\t\t\t<section class=\"elementor-section elementor-top-section elementor-element elementor-element-fe686ad elementor-section-boxed elementor-section-height-default elementor-section-height-default\" data-id=\"fe686ad\" data-element_type=\"section\" data-e-type=\"section\" data-settings=\"{&quot;jet_parallax_layout_list&quot;:[]}\">\n\t\t\t\t\t\t<div class=\"elementor-container elementor-column-gap-default\">\n\t\t\t\t\t<div class=\"elementor-column elementor-col-100 elementor-top-column elementor-element elementor-element-a265342\" data-id=\"a265342\" data-element_type=\"column\" data-e-type=\"column\">\n\t\t\t<div class=\"elementor-widget-wrap elementor-element-populated\">\n\t\t\t\t\t\t<section class=\"elementor-section elementor-inner-section elementor-element elementor-element-0eb73f8 elementor-section-boxed elementor-section-height-default elementor-section-height-default\" data-id=\"0eb73f8\" data-element_type=\"section\" data-e-type=\"section\" data-settings=\"{&quot;jet_parallax_layout_list&quot;:[]}\">\n\t\t\t\t\t\t<div class=\"elementor-container elementor-column-gap-wide\">\n\t\t\t\t\t<div class=\"elementor-column elementor-col-50 elementor-inner-column elementor-element elementor-element-cbc3a8d\" data-id=\"cbc3a8d\" data-element_type=\"column\" data-e-type=\"column\">\n\t\t\t<div class=\"elementor-widget-wrap elementor-element-populated\">\n\t\t\t\t\t\t<div class=\"elementor-element elementor-element-d293114 elementor-widget elementor-widget-image\" data-id=\"d293114\" data-element_type=\"widget\" data-e-type=\"widget\" data-widget_type=\"image.default\">\n\t\t\t\t<div class=\"elementor-widget-container\">\n\t\t\t\t\t\t\t\t\t\t\t\t\t\t\t<img fetchpriority=\"high\" decoding=\"async\" width=\"682\" height=\"1024\" src=\"https:\/\/sistemabuttrio.com\/wp-content\/uploads\/2023\/09\/buttrio_DSC_9943-682x1024.jpg\" class=\"attachment-large size-large wp-image-1949\" alt=\"\" srcset=\"https:\/\/sistemabuttrio.com\/wp-content\/uploads\/2023\/09\/buttrio_DSC_9943-682x1024.jpg 682w, https:\/\/sistemabuttrio.com\/wp-content\/uploads\/2023\/09\/buttrio_DSC_9943-200x300.jpg 200w, https:\/\/sistemabuttrio.com\/wp-content\/uploads\/2023\/09\/buttrio_DSC_9943-768x1154.jpg 768w, https:\/\/sistemabuttrio.com\/wp-content\/uploads\/2023\/09\/buttrio_DSC_9943-1022x1536.jpg 1022w, https:\/\/sistemabuttrio.com\/wp-content\/uploads\/2023\/09\/buttrio_DSC_9943.jpg 1065w\" sizes=\"(max-width: 682px) 100vw, 682px\" \/>\t\t\t\t\t\t\t\t\t\t\t\t\t\t\t<\/div>\n\t\t\t\t<\/div>\n\t\t\t\t\t<\/div>\n\t\t<\/div>\n\t\t\t\t<div class=\"elementor-column elementor-col-50 elementor-inner-column elementor-element elementor-element-8b95e93\" data-id=\"8b95e93\" data-element_type=\"column\" data-e-type=\"column\">\n\t\t\t<div class=\"elementor-widget-wrap elementor-element-populated\">\n\t\t\t\t\t\t<div class=\"elementor-element elementor-element-8b37b87 elementor-widget elementor-widget-text-editor\" data-id=\"8b37b87\" data-element_type=\"widget\" data-e-type=\"widget\" data-widget_type=\"text-editor.default\">\n\t\t\t\t<div class=\"elementor-widget-container\">\n\t\t\t\t\t\t\t\t\t<p>Francesco di Toppo (1797-1883), kulturnik, je bil zelo dejaven v dru\u017ebenem in politi\u010dnem \u017eivljenju Buttria. Ob pomo\u010di svoje prve \u017eene Antonije Wasserman in pozneje druge \u017eene Margherite Ciconi Beltrame je poskrbel za obnovo in raz\u0161iritev vile in parka.<\/p><p>Francesco je bil navdu\u0161en nad arheologijo in je zbiral rimske predmete iz izkopavanj na svojem posestvu v Ogleju. Nekaj teh predmetov je \u0161e mogo\u010de videti, ker so bili vzidani okrog vile ali pa razstavljeni v parku, tudi v ekstravagantnih kompozicijah.<br \/>Po Francescovi smrti je Margherita poskrbela za prenovo in raz\u0161iritev kompleksa, ki ga je po njeni smrti podedovala ne\u010dakinja Vittoria Ciconi Beltrame, \u017eena grofa Daniela Floria.<\/p><p>Med drugo svetovno vojno so vilo najprej zasedli Nemci, nato pa ameri\u0161ki vojaki. Nazadnje so dedi\u010di nepremi\u010dnino predali Nacionalni organizaciji za vojne invalide (Opera Nazionale per gli Invalidi di Guerra), ki jo je preoblikovala v furlanski zavod za pohabljene otroke (Collegio Friulano dei Fanciulli Mutilati) in spremenila njeno strukturo. Rastlinjak se je spremenil v telovadnico, labirint je izginil in naredil prostor delavnici.<br \/><br \/>Leta 1979, po prenosu lastni\u0161tva na de\u017eelo, je bil zavod ukinjen. Leta 1998 je de\u017eela Furlanija-Julijska krajina vilo in park predala Ob\u010dini Buttrio, ki je nadaljevala z obnovo in popravilom kompleksa.<\/p>\t\t\t\t\t\t\t\t<\/div>\n\t\t\t\t<\/div>\n\t\t\t\t\t<\/div>\n\t\t<\/div>\n\t\t\t\t\t<\/div>\n\t\t<\/section>\n\t\t\t\t\t<\/div>\n\t\t<\/div>\n\t\t\t\t\t<\/div>\n\t\t<\/section>\n\t\t\t\t<section class=\"elementor-section elementor-top-section elementor-element elementor-element-fe9fac0 elementor-section-boxed elementor-section-height-default elementor-section-height-default\" data-id=\"fe9fac0\" data-element_type=\"section\" data-e-type=\"section\" data-settings=\"{&quot;jet_parallax_layout_list&quot;:[]}\">\n\t\t\t\t\t\t<div class=\"elementor-container elementor-column-gap-default\">\n\t\t\t\t\t<div class=\"elementor-column elementor-col-100 elementor-top-column elementor-element elementor-element-9fc4098\" data-id=\"9fc4098\" data-element_type=\"column\" data-e-type=\"column\">\n\t\t\t<div class=\"elementor-widget-wrap elementor-element-populated\">\n\t\t\t\t\t\t<div class=\"elementor-element elementor-element-103fa10 elementor-widget elementor-widget-gallery\" data-id=\"103fa10\" data-element_type=\"widget\" data-e-type=\"widget\" data-settings=\"{&quot;lazyload&quot;:&quot;yes&quot;,&quot;gallery_layout&quot;:&quot;grid&quot;,&quot;columns&quot;:4,&quot;columns_tablet&quot;:2,&quot;columns_mobile&quot;:1,&quot;gap&quot;:{&quot;unit&quot;:&quot;px&quot;,&quot;size&quot;:10,&quot;sizes&quot;:[]},&quot;gap_tablet&quot;:{&quot;unit&quot;:&quot;px&quot;,&quot;size&quot;:10,&quot;sizes&quot;:[]},&quot;gap_mobile&quot;:{&quot;unit&quot;:&quot;px&quot;,&quot;size&quot;:10,&quot;sizes&quot;:[]},&quot;link_to&quot;:&quot;file&quot;,&quot;aspect_ratio&quot;:&quot;3:2&quot;,&quot;overlay_background&quot;:&quot;yes&quot;,&quot;content_hover_animation&quot;:&quot;fade-in&quot;}\" data-widget_type=\"gallery.default\">\n\t\t\t\t<div class=\"elementor-widget-container\">\n\t\t\t\t\t\t\t<div class=\"elementor-gallery__container\">\n\t\t\t\t\t\t\t<a class=\"e-gallery-item elementor-gallery-item elementor-animated-content\" href=\"https:\/\/sistemabuttrio.com\/wp-content\/uploads\/2023\/09\/buttrio_7095.jpg\" data-elementor-open-lightbox=\"yes\" data-elementor-lightbox-slideshow=\"103fa10\" data-elementor-lightbox-title=\"buttrio_7095\" data-e-action-hash=\"#elementor-action%3Aaction%3Dlightbox%26settings%3DeyJpZCI6OTM3LCJ1cmwiOiJodHRwczpcL1wvc2lzdGVtYWJ1dHRyaW8uY29tXC93cC1jb250ZW50XC91cGxvYWRzXC8yMDIzXC8wOVwvYnV0dHJpb183MDk1LmpwZyIsInNsaWRlc2hvdyI6IjEwM2ZhMTAifQ%3D%3D\">\n\t\t\t\t\t<div class=\"e-gallery-image elementor-gallery-item__image\" data-thumbnail=\"https:\/\/sistemabuttrio.com\/wp-content\/uploads\/2023\/09\/buttrio_7095-300x205.jpg\" data-width=\"300\" data-height=\"205\" aria-label=\"\" role=\"img\" ><\/div>\n\t\t\t\t\t\t\t\t\t\t\t<div class=\"elementor-gallery-item__overlay\"><\/div>\n\t\t\t\t\t\t\t\t\t\t\t\t\t\t<\/a>\n\t\t\t\t\t\t\t<a class=\"e-gallery-item elementor-gallery-item elementor-animated-content\" href=\"https:\/\/sistemabuttrio.com\/wp-content\/uploads\/2023\/09\/buttrio_87-Fiera-Buri_32-1.jpg\" data-elementor-open-lightbox=\"yes\" data-elementor-lightbox-slideshow=\"103fa10\" data-elementor-lightbox-title=\"buttrio_87 Fiera Buri_32 (1)\" data-e-action-hash=\"#elementor-action%3Aaction%3Dlightbox%26settings%3DeyJpZCI6OTM1LCJ1cmwiOiJodHRwczpcL1wvc2lzdGVtYWJ1dHRyaW8uY29tXC93cC1jb250ZW50XC91cGxvYWRzXC8yMDIzXC8wOVwvYnV0dHJpb184Ny1GaWVyYS1CdXJpXzMyLTEuanBnIiwic2xpZGVzaG93IjoiMTAzZmExMCJ9\">\n\t\t\t\t\t<div class=\"e-gallery-image elementor-gallery-item__image\" data-thumbnail=\"https:\/\/sistemabuttrio.com\/wp-content\/uploads\/2023\/09\/buttrio_87-Fiera-Buri_32-1-300x225.jpg\" data-width=\"300\" data-height=\"225\" aria-label=\"\" role=\"img\" ><\/div>\n\t\t\t\t\t\t\t\t\t\t\t<div class=\"elementor-gallery-item__overlay\"><\/div>\n\t\t\t\t\t\t\t\t\t\t\t\t\t\t<\/a>\n\t\t\t\t\t\t\t<a class=\"e-gallery-item elementor-gallery-item elementor-animated-content\" href=\"https:\/\/sistemabuttrio.com\/wp-content\/uploads\/2023\/09\/buttrio_87-Fiera-Buri_13.jpg\" data-elementor-open-lightbox=\"yes\" data-elementor-lightbox-slideshow=\"103fa10\" data-elementor-lightbox-title=\"buttrio_87 Fiera Buri_13\" data-e-action-hash=\"#elementor-action%3Aaction%3Dlightbox%26settings%3DeyJpZCI6OTMzLCJ1cmwiOiJodHRwczpcL1wvc2lzdGVtYWJ1dHRyaW8uY29tXC93cC1jb250ZW50XC91cGxvYWRzXC8yMDIzXC8wOVwvYnV0dHJpb184Ny1GaWVyYS1CdXJpXzEzLmpwZyIsInNsaWRlc2hvdyI6IjEwM2ZhMTAifQ%3D%3D\">\n\t\t\t\t\t<div class=\"e-gallery-image elementor-gallery-item__image\" data-thumbnail=\"https:\/\/sistemabuttrio.com\/wp-content\/uploads\/2023\/09\/buttrio_87-Fiera-Buri_13-300x225.jpg\" data-width=\"300\" data-height=\"225\" aria-label=\"\" role=\"img\" ><\/div>\n\t\t\t\t\t\t\t\t\t\t\t<div class=\"elementor-gallery-item__overlay\"><\/div>\n\t\t\t\t\t\t\t\t\t\t\t\t\t\t<\/a>\n\t\t\t\t\t\t\t<a class=\"e-gallery-item elementor-gallery-item elementor-animated-content\" href=\"https:\/\/sistemabuttrio.com\/wp-content\/uploads\/2023\/09\/buttrio_11-Villa-di-Toppo-Florio-226.jpg\" data-elementor-open-lightbox=\"yes\" data-elementor-lightbox-slideshow=\"103fa10\" data-elementor-lightbox-title=\"buttrio_11 - Villa di Toppo - Florio - 226\" data-e-action-hash=\"#elementor-action%3Aaction%3Dlightbox%26settings%3DeyJpZCI6OTMxLCJ1cmwiOiJodHRwczpcL1wvc2lzdGVtYWJ1dHRyaW8uY29tXC93cC1jb250ZW50XC91cGxvYWRzXC8yMDIzXC8wOVwvYnV0dHJpb18xMS1WaWxsYS1kaS1Ub3Bwby1GbG9yaW8tMjI2LmpwZyIsInNsaWRlc2hvdyI6IjEwM2ZhMTAifQ%3D%3D\">\n\t\t\t\t\t<div class=\"e-gallery-image elementor-gallery-item__image\" data-thumbnail=\"https:\/\/sistemabuttrio.com\/wp-content\/uploads\/2023\/09\/buttrio_11-Villa-di-Toppo-Florio-226-200x300.jpg\" data-width=\"200\" data-height=\"300\" aria-label=\"\" role=\"img\" ><\/div>\n\t\t\t\t\t\t\t\t\t\t\t<div class=\"elementor-gallery-item__overlay\"><\/div>\n\t\t\t\t\t\t\t\t\t\t\t\t\t\t<\/a>\n\t\t\t\t\t<\/div>\n\t\t\t\t\t<\/div>\n\t\t\t\t<\/div>\n\t\t\t\t\t<\/div>\n\t\t<\/div>\n\t\t\t\t\t<\/div>\n\t\t<\/section>\n\t\t\t\t<\/div>\n\t\t","protected":false},"excerpt":{"rendered":"<p>Home Vila Toppo-Florio iz 18. stoletja se dviga nad izjemnim parkom z velikim arheolo\u0161kim in botani\u010dnim pomenom. Stavba je do\u017eivela svoj razcvet, ko je postala last dru\u017eine videmskih grofov Nicol\u00f2ja in Francesca di Toppo. Francesco di Toppo (1797-1883), kulturnik, je bil zelo dejaven v dru\u017ebenem in politi\u010dnem \u017eivljenju Buttria. Ob pomo\u010di svoje prve \u017eene Antonije [&hellip;]<\/p>\n","protected":false},"author":2,"featured_media":0,"parent":1930,"menu_order":0,"comment_status":"closed","ping_status":"closed","template":"elementor_header_footer","meta":{"site-sidebar-layout":"no-sidebar","site-content-layout":"page-builder","ast-site-content-layout":"default","site-content-style":"default","site-sidebar-style":"default","ast-global-header-display":"","ast-banner-title-visibility":"","ast-main-header-display":"","ast-hfb-above-header-display":"","ast-hfb-below-header-display":"","ast-hfb-mobile-header-display":"","site-post-title":"disabled","ast-breadcrumbs-content":"","ast-featured-img":"disabled","footer-sml-layout":"","ast-disable-related-posts":"","theme-transparent-header-meta":"","adv-header-id-meta":"","stick-header-meta":"","header-above-stick-meta":"","header-main-stick-meta":"","header-below-stick-meta":"","astra-migrate-meta-layouts":"set","ast-page-background-enabled":"default","ast-page-background-meta":{"desktop":{"background-color":"var(--ast-global-color-4)","background-image":"","background-repeat":"repeat","background-position":"center center","background-size":"auto","background-attachment":"scroll","background-type":"","background-media":"","overlay-type":"","overlay-color":"","overlay-opacity":"","overlay-gradient":""},"tablet":{"background-color":"","background-image":"","background-repeat":"repeat","background-position":"center center","background-size":"auto","background-attachment":"scroll","background-type":"","background-media":"","overlay-type":"","overlay-color":"","overlay-opacity":"","overlay-gradient":""},"mobile":{"background-color":"","background-image":"","background-repeat":"repeat","background-position":"center center","background-size":"auto","background-attachment":"scroll","background-type":"","background-media":"","overlay-type":"","overlay-color":"","overlay-opacity":"","overlay-gradient":""}},"ast-content-background-meta":{"desktop":{"background-color":"var(--ast-global-color-5)","background-image":"","background-repeat":"repeat","background-position":"center center","background-size":"auto","background-attachment":"scroll","background-type":"","background-media":"","overlay-type":"","overlay-color":"","overlay-opacity":"","overlay-gradient":""},"tablet":{"background-color":"var(--ast-global-color-5)","background-image":"","background-repeat":"repeat","background-position":"center center","background-size":"auto","background-attachment":"scroll","background-type":"","background-media":"","overlay-type":"","overlay-color":"","overlay-opacity":"","overlay-gradient":""},"mobile":{"background-color":"var(--ast-global-color-5)","background-image":"","background-repeat":"repeat","background-position":"center center","background-size":"auto","background-attachment":"scroll","background-type":"","background-media":"","overlay-type":"","overlay-color":"","overlay-opacity":"","overlay-gradient":""}},"footnotes":""},"class_list":["post-1943","page","type-page","status-publish","hentry"],"yoast_head":"<!-- This site is optimized with the Yoast SEO plugin v27.3 - https:\/\/yoast.com\/product\/yoast-seo-wordpress\/ -->\n<title>Villa Toppo-Florio - Sistema Buttrio<\/title>\n<meta name=\"robots\" content=\"index, follow, max-snippet:-1, max-image-preview:large, max-video-preview:-1\" \/>\n<link rel=\"canonical\" href=\"https:\/\/sistemabuttrio.com\/sl\/izkusnje\/villa-toppo-florio\/\" \/>\n<meta property=\"og:locale\" content=\"sl_SI\" \/>\n<meta property=\"og:type\" content=\"article\" \/>\n<meta property=\"og:title\" content=\"Villa Toppo-Florio - Sistema Buttrio\" \/>\n<meta property=\"og:description\" content=\"Home Vila Toppo-Florio iz 18. stoletja se dviga nad izjemnim parkom z velikim arheolo\u0161kim in botani\u010dnim pomenom. Stavba je do\u017eivela svoj razcvet, ko je postala last dru\u017eine videmskih grofov Nicol\u00f2ja in Francesca di Toppo. Francesco di Toppo (1797-1883), kulturnik, je bil zelo dejaven v dru\u017ebenem in politi\u010dnem \u017eivljenju Buttria. Ob pomo\u010di svoje prve \u017eene Antonije [&hellip;]\" \/>\n<meta property=\"og:url\" content=\"https:\/\/sistemabuttrio.com\/sl\/izkusnje\/villa-toppo-florio\/\" \/>\n<meta property=\"og:site_name\" content=\"Sistema Buttrio\" \/>\n<meta property=\"article:modified_time\" content=\"2023-11-03T04:03:15+00:00\" \/>\n<meta property=\"og:image\" content=\"https:\/\/sistemabuttrio.com\/wp-content\/uploads\/2023\/09\/buttrio_DSC_9943-682x1024.jpg\" \/>\n<meta name=\"twitter:card\" content=\"summary_large_image\" \/>\n<meta name=\"twitter:label1\" content=\"Est. reading time\" \/>\n\t<meta name=\"twitter:data1\" content=\"2 minuti\" \/>\n<script type=\"application\/ld+json\" class=\"yoast-schema-graph\">{\"@context\":\"https:\\\/\\\/schema.org\",\"@graph\":[{\"@type\":\"WebPage\",\"@id\":\"https:\\\/\\\/sistemabuttrio.com\\\/sl\\\/izkusnje\\\/villa-toppo-florio\\\/\",\"url\":\"https:\\\/\\\/sistemabuttrio.com\\\/sl\\\/izkusnje\\\/villa-toppo-florio\\\/\",\"name\":\"Villa Toppo-Florio - Sistema Buttrio\",\"isPartOf\":{\"@id\":\"https:\\\/\\\/sistemabuttrio.com\\\/#website\"},\"primaryImageOfPage\":{\"@id\":\"https:\\\/\\\/sistemabuttrio.com\\\/sl\\\/izkusnje\\\/villa-toppo-florio\\\/#primaryimage\"},\"image\":{\"@id\":\"https:\\\/\\\/sistemabuttrio.com\\\/sl\\\/izkusnje\\\/villa-toppo-florio\\\/#primaryimage\"},\"thumbnailUrl\":\"https:\\\/\\\/sistemabuttrio.com\\\/wp-content\\\/uploads\\\/2023\\\/09\\\/buttrio_DSC_9943-682x1024.jpg\",\"datePublished\":\"2023-09-18T09:52:35+00:00\",\"dateModified\":\"2023-11-03T04:03:15+00:00\",\"breadcrumb\":{\"@id\":\"https:\\\/\\\/sistemabuttrio.com\\\/sl\\\/izkusnje\\\/villa-toppo-florio\\\/#breadcrumb\"},\"inLanguage\":\"sl-SI\",\"potentialAction\":[{\"@type\":\"ReadAction\",\"target\":[\"https:\\\/\\\/sistemabuttrio.com\\\/sl\\\/izkusnje\\\/villa-toppo-florio\\\/\"]}]},{\"@type\":\"ImageObject\",\"inLanguage\":\"sl-SI\",\"@id\":\"https:\\\/\\\/sistemabuttrio.com\\\/sl\\\/izkusnje\\\/villa-toppo-florio\\\/#primaryimage\",\"url\":\"https:\\\/\\\/sistemabuttrio.com\\\/wp-content\\\/uploads\\\/2023\\\/09\\\/buttrio_DSC_9943-682x1024.jpg\",\"contentUrl\":\"https:\\\/\\\/sistemabuttrio.com\\\/wp-content\\\/uploads\\\/2023\\\/09\\\/buttrio_DSC_9943-682x1024.jpg\"},{\"@type\":\"BreadcrumbList\",\"@id\":\"https:\\\/\\\/sistemabuttrio.com\\\/sl\\\/izkusnje\\\/villa-toppo-florio\\\/#breadcrumb\",\"itemListElement\":[{\"@type\":\"ListItem\",\"position\":1,\"name\":\"Home\",\"item\":\"https:\\\/\\\/sistemabuttrio.com\\\/sl\\\/\"},{\"@type\":\"ListItem\",\"position\":2,\"name\":\"Izku\u0161nje\",\"item\":\"https:\\\/\\\/sistemabuttrio.com\\\/sl\\\/izkusnje\\\/\"},{\"@type\":\"ListItem\",\"position\":3,\"name\":\"Villa Toppo-Florio\"}]},{\"@type\":\"WebSite\",\"@id\":\"https:\\\/\\\/sistemabuttrio.com\\\/#website\",\"url\":\"https:\\\/\\\/sistemabuttrio.com\\\/\",\"name\":\"Sistema Buttrio\",\"description\":\"\",\"potentialAction\":[{\"@type\":\"SearchAction\",\"target\":{\"@type\":\"EntryPoint\",\"urlTemplate\":\"https:\\\/\\\/sistemabuttrio.com\\\/?s={search_term_string}\"},\"query-input\":{\"@type\":\"PropertyValueSpecification\",\"valueRequired\":true,\"valueName\":\"search_term_string\"}}],\"inLanguage\":\"sl-SI\"}]}<\/script>\n<!-- \/ Yoast SEO plugin. -->","yoast_head_json":{"title":"Villa Toppo-Florio - Sistema Buttrio","robots":{"index":"index","follow":"follow","max-snippet":"max-snippet:-1","max-image-preview":"max-image-preview:large","max-video-preview":"max-video-preview:-1"},"canonical":"https:\/\/sistemabuttrio.com\/sl\/izkusnje\/villa-toppo-florio\/","og_locale":"sl_SI","og_type":"article","og_title":"Villa Toppo-Florio - Sistema Buttrio","og_description":"Home Vila Toppo-Florio iz 18. stoletja se dviga nad izjemnim parkom z velikim arheolo\u0161kim in botani\u010dnim pomenom. Stavba je do\u017eivela svoj razcvet, ko je postala last dru\u017eine videmskih grofov Nicol\u00f2ja in Francesca di Toppo. Francesco di Toppo (1797-1883), kulturnik, je bil zelo dejaven v dru\u017ebenem in politi\u010dnem \u017eivljenju Buttria. Ob pomo\u010di svoje prve \u017eene Antonije [&hellip;]","og_url":"https:\/\/sistemabuttrio.com\/sl\/izkusnje\/villa-toppo-florio\/","og_site_name":"Sistema Buttrio","article_modified_time":"2023-11-03T04:03:15+00:00","og_image":[{"url":"https:\/\/sistemabuttrio.com\/wp-content\/uploads\/2023\/09\/buttrio_DSC_9943-682x1024.jpg","type":"","width":"","height":""}],"twitter_card":"summary_large_image","twitter_misc":{"Est. reading time":"2 minuti"},"schema":{"@context":"https:\/\/schema.org","@graph":[{"@type":"WebPage","@id":"https:\/\/sistemabuttrio.com\/sl\/izkusnje\/villa-toppo-florio\/","url":"https:\/\/sistemabuttrio.com\/sl\/izkusnje\/villa-toppo-florio\/","name":"Villa Toppo-Florio - Sistema Buttrio","isPartOf":{"@id":"https:\/\/sistemabuttrio.com\/#website"},"primaryImageOfPage":{"@id":"https:\/\/sistemabuttrio.com\/sl\/izkusnje\/villa-toppo-florio\/#primaryimage"},"image":{"@id":"https:\/\/sistemabuttrio.com\/sl\/izkusnje\/villa-toppo-florio\/#primaryimage"},"thumbnailUrl":"https:\/\/sistemabuttrio.com\/wp-content\/uploads\/2023\/09\/buttrio_DSC_9943-682x1024.jpg","datePublished":"2023-09-18T09:52:35+00:00","dateModified":"2023-11-03T04:03:15+00:00","breadcrumb":{"@id":"https:\/\/sistemabuttrio.com\/sl\/izkusnje\/villa-toppo-florio\/#breadcrumb"},"inLanguage":"sl-SI","potentialAction":[{"@type":"ReadAction","target":["https:\/\/sistemabuttrio.com\/sl\/izkusnje\/villa-toppo-florio\/"]}]},{"@type":"ImageObject","inLanguage":"sl-SI","@id":"https:\/\/sistemabuttrio.com\/sl\/izkusnje\/villa-toppo-florio\/#primaryimage","url":"https:\/\/sistemabuttrio.com\/wp-content\/uploads\/2023\/09\/buttrio_DSC_9943-682x1024.jpg","contentUrl":"https:\/\/sistemabuttrio.com\/wp-content\/uploads\/2023\/09\/buttrio_DSC_9943-682x1024.jpg"},{"@type":"BreadcrumbList","@id":"https:\/\/sistemabuttrio.com\/sl\/izkusnje\/villa-toppo-florio\/#breadcrumb","itemListElement":[{"@type":"ListItem","position":1,"name":"Home","item":"https:\/\/sistemabuttrio.com\/sl\/"},{"@type":"ListItem","position":2,"name":"Izku\u0161nje","item":"https:\/\/sistemabuttrio.com\/sl\/izkusnje\/"},{"@type":"ListItem","position":3,"name":"Villa Toppo-Florio"}]},{"@type":"WebSite","@id":"https:\/\/sistemabuttrio.com\/#website","url":"https:\/\/sistemabuttrio.com\/","name":"Sistema Buttrio","description":"","potentialAction":[{"@type":"SearchAction","target":{"@type":"EntryPoint","urlTemplate":"https:\/\/sistemabuttrio.com\/?s={search_term_string}"},"query-input":{"@type":"PropertyValueSpecification","valueRequired":true,"valueName":"search_term_string"}}],"inLanguage":"sl-SI"}]}},"_links":{"self":[{"href":"https:\/\/sistemabuttrio.com\/sl\/wp-json\/wp\/v2\/pages\/1943","targetHints":{"allow":["GET"]}}],"collection":[{"href":"https:\/\/sistemabuttrio.com\/sl\/wp-json\/wp\/v2\/pages"}],"about":[{"href":"https:\/\/sistemabuttrio.com\/sl\/wp-json\/wp\/v2\/types\/page"}],"author":[{"embeddable":true,"href":"https:\/\/sistemabuttrio.com\/sl\/wp-json\/wp\/v2\/users\/2"}],"replies":[{"embeddable":true,"href":"https:\/\/sistemabuttrio.com\/sl\/wp-json\/wp\/v2\/comments?post=1943"}],"version-history":[{"count":5,"href":"https:\/\/sistemabuttrio.com\/sl\/wp-json\/wp\/v2\/pages\/1943\/revisions"}],"predecessor-version":[{"id":1953,"href":"https:\/\/sistemabuttrio.com\/sl\/wp-json\/wp\/v2\/pages\/1943\/revisions\/1953"}],"up":[{"embeddable":true,"href":"https:\/\/sistemabuttrio.com\/sl\/wp-json\/wp\/v2\/pages\/1930"}],"wp:attachment":[{"href":"https:\/\/sistemabuttrio.com\/sl\/wp-json\/wp\/v2\/media?parent=1943"}],"curies":[{"name":"wp","href":"https:\/\/api.w.org\/{rel}","templated":true}]}}