{"id":1919,"date":"2023-09-15T16:22:15","date_gmt":"2023-09-15T14:22:15","guid":{"rendered":"https:\/\/sistemabuttrio.com\/teritorij\/la-vocazione-industriale\/"},"modified":"2023-11-03T04:58:54","modified_gmt":"2023-11-03T03:58:54","slug":"industrijski-poklic","status":"publish","type":"page","link":"https:\/\/sistemabuttrio.com\/sl\/teritorij\/industrijski-poklic\/","title":{"rendered":"Industrijski poklic"},"content":{"rendered":"\t\t<div data-elementor-type=\"wp-page\" data-elementor-id=\"1919\" class=\"elementor elementor-1919 elementor-757\" data-elementor-post-type=\"page\">\n\t\t\t\t\t\t<section class=\"elementor-section elementor-top-section elementor-element elementor-element-2b231e2 elementor-section-full_width elementor-section-stretched elementor-section-height-default elementor-section-height-default\" data-id=\"2b231e2\" data-element_type=\"section\" data-e-type=\"section\" data-settings=\"{&quot;stretch_section&quot;:&quot;section-stretched&quot;,&quot;jet_parallax_layout_list&quot;:[],&quot;background_background&quot;:&quot;classic&quot;}\">\n\t\t\t\t\t\t<div class=\"elementor-container elementor-column-gap-default\">\n\t\t\t\t\t<div class=\"elementor-column elementor-col-100 elementor-top-column elementor-element elementor-element-98072e8\" data-id=\"98072e8\" data-element_type=\"column\" data-e-type=\"column\">\n\t\t\t<div class=\"elementor-widget-wrap elementor-element-populated\">\n\t\t\t\t\t\t<div class=\"elementor-element elementor-element-6f5b6bb jet-breadcrumbs-page-title-yes jet-breadcrumbs-align-center elementor-widget elementor-widget-jet-breadcrumbs\" data-id=\"6f5b6bb\" data-element_type=\"widget\" data-e-type=\"widget\" data-widget_type=\"jet-breadcrumbs.default\">\n\t\t\t\t<div class=\"elementor-widget-container\">\n\t\t\t\t\t<div class=\"elementor-jet-breadcrumbs jet-blocks\">\n\t\t<div class=\"jet-breadcrumbs\">\n\t\t<div class=\"jet-breadcrumbs__content\">\n\t\t<div class=\"jet-breadcrumbs__wrap\"><div class=\"jet-breadcrumbs__item\"><a href=\"https:\/\/sistemabuttrio.com\/sl\/\" class=\"jet-breadcrumbs__item-link is-home\" rel=\"home\" title=\"Home\">Home<\/a><\/div>\n\t\t<\/div>\n\t\t<\/div>\n\t\t<\/div><\/div>\t\t\t\t<\/div>\n\t\t\t\t<\/div>\n\t\t\t\t\t<\/div>\n\t\t<\/div>\n\t\t\t\t\t<\/div>\n\t\t<\/section>\n\t\t\t\t<section class=\"elementor-section elementor-top-section elementor-element elementor-element-a269bbf elementor-section-content-middle elementor-section-boxed elementor-section-height-default elementor-section-height-default\" data-id=\"a269bbf\" data-element_type=\"section\" data-e-type=\"section\" data-settings=\"{&quot;jet_parallax_layout_list&quot;:[]}\">\n\t\t\t\t\t\t<div class=\"elementor-container elementor-column-gap-wide\">\n\t\t\t\t\t<div class=\"elementor-column elementor-col-50 elementor-top-column elementor-element elementor-element-17b6175\" data-id=\"17b6175\" data-element_type=\"column\" data-e-type=\"column\">\n\t\t\t<div class=\"elementor-widget-wrap elementor-element-populated\">\n\t\t\t\t\t\t<div class=\"elementor-element elementor-element-e80678b elementor-widget elementor-widget-image\" data-id=\"e80678b\" data-element_type=\"widget\" data-e-type=\"widget\" data-widget_type=\"image.default\">\n\t\t\t\t<div class=\"elementor-widget-container\">\n\t\t\t\t\t\t\t\t\t\t\t\t\t\t\t<img fetchpriority=\"high\" decoding=\"async\" width=\"1024\" height=\"779\" src=\"https:\/\/sistemabuttrio.com\/wp-content\/uploads\/2023\/09\/buttrio_\u00a9-bluefoto-Buttrio-Ziu-Zau-4389-1024x779.jpg\" class=\"attachment-large size-large wp-image-1920\" alt=\"\" srcset=\"https:\/\/sistemabuttrio.com\/wp-content\/uploads\/2023\/09\/buttrio_\u00a9-bluefoto-Buttrio-Ziu-Zau-4389-1024x779.jpg 1024w, https:\/\/sistemabuttrio.com\/wp-content\/uploads\/2023\/09\/buttrio_\u00a9-bluefoto-Buttrio-Ziu-Zau-4389-300x228.jpg 300w, https:\/\/sistemabuttrio.com\/wp-content\/uploads\/2023\/09\/buttrio_\u00a9-bluefoto-Buttrio-Ziu-Zau-4389-768x584.jpg 768w, https:\/\/sistemabuttrio.com\/wp-content\/uploads\/2023\/09\/buttrio_\u00a9-bluefoto-Buttrio-Ziu-Zau-4389-1536x1168.jpg 1536w, https:\/\/sistemabuttrio.com\/wp-content\/uploads\/2023\/09\/buttrio_\u00a9-bluefoto-Buttrio-Ziu-Zau-4389.jpg 1600w\" sizes=\"(max-width: 1024px) 100vw, 1024px\" \/>\t\t\t\t\t\t\t\t\t\t\t\t\t\t\t<\/div>\n\t\t\t\t<\/div>\n\t\t\t\t\t<\/div>\n\t\t<\/div>\n\t\t\t\t<div class=\"elementor-column elementor-col-50 elementor-top-column elementor-element elementor-element-73b4d11\" data-id=\"73b4d11\" data-element_type=\"column\" data-e-type=\"column\">\n\t\t\t<div class=\"elementor-widget-wrap elementor-element-populated\">\n\t\t\t\t\t\t<div class=\"elementor-element elementor-element-8d8d682 elementor-widget elementor-widget-text-editor\" data-id=\"8d8d682\" data-element_type=\"widget\" data-e-type=\"widget\" data-widget_type=\"text-editor.default\">\n\t\t\t\t<div class=\"elementor-widget-container\">\n\t\t\t\t\t\t\t\t\t<p>Proizvodni in industrijski svet Buttria zaznamujeta <strong>predvsem dva velika sklopa<\/strong>: <strong>industrijski kompleks skupine Danieli<\/strong>, ki je vodilna v svetu na podro\u010dju proizvodnje specialnih jekel, in <strong>izjemna vinska specializacija obmo\u010dja<\/strong>.<\/p><p>Ta dva dejavnika dolo\u010data gospodarsko strukturo in zasnovo ozemlja, v ob\u010dini pa delujejo \u0161tevilna obrtna podjetja.<\/p><p><strong>Obrtna podjetja<\/strong> so bila v preteklosti mo\u010dno povezana s kmetijstvom, \u010deprav je v drugi polovici 19. stoletja cvetela tekstilna industrija, tako na industrijski ravni z dvema tovarnama za predelavo svile kot tudi na doma\u010di ravni s predelavo bomba\u017ea, lanu in konoplje. Poleg tega so delovale tudi manj\u0161e kroja\u0161ke delavnice, \u010devljarji, mehaniki, kova\u010di, zidarji in nekaj mizarskih delavnic, ki so se ukvarjale tudi z izdelavo stolov.<\/p>\t\t\t\t\t\t\t\t<\/div>\n\t\t\t\t<\/div>\n\t\t\t\t\t<\/div>\n\t\t<\/div>\n\t\t\t\t\t<\/div>\n\t\t<\/section>\n\t\t\t\t<section class=\"elementor-section elementor-top-section elementor-element elementor-element-9b1fc19 elementor-section-content-middle elementor-section-boxed elementor-section-height-default elementor-section-height-default\" data-id=\"9b1fc19\" data-element_type=\"section\" data-e-type=\"section\" data-settings=\"{&quot;jet_parallax_layout_list&quot;:[],&quot;background_background&quot;:&quot;classic&quot;}\">\n\t\t\t\t\t\t<div class=\"elementor-container elementor-column-gap-wide\">\n\t\t\t\t\t<div class=\"elementor-column elementor-col-100 elementor-top-column elementor-element elementor-element-348f9c0\" data-id=\"348f9c0\" data-element_type=\"column\" data-e-type=\"column\">\n\t\t\t<div class=\"elementor-widget-wrap elementor-element-populated\">\n\t\t\t\t\t\t<div class=\"elementor-element elementor-element-beda147 elementor-widget elementor-widget-text-editor\" data-id=\"beda147\" data-element_type=\"widget\" data-e-type=\"widget\" data-widget_type=\"text-editor.default\">\n\t\t\t\t<div class=\"elementor-widget-container\">\n\t\t\t\t\t\t\t\t\t<p>S\u010dasoma se je struktura obrtnikov vse bolj specializirala, da bi po eni strani slu\u017eila velikemu podjetju Danieli, po drugi strani pa podpirala trg, ki se je iz lokalnega vse bolj spreminjal v globalnega. Razvila so se tudi podjetja v proizvodnem sektorju, zlasti v kovinskopredelovalni in pohi\u0161tveni panogi, tudi zaradi \u0161iritve ob\u010dinskih proizvodnih obmo\u010dij.<\/p>\t\t\t\t\t\t\t\t<\/div>\n\t\t\t\t<\/div>\n\t\t\t\t<div class=\"elementor-element elementor-element-a907e47 elementor-widget elementor-widget-gallery\" data-id=\"a907e47\" data-element_type=\"widget\" data-e-type=\"widget\" data-settings=\"{&quot;gallery_layout&quot;:&quot;grid&quot;,&quot;columns&quot;:4,&quot;columns_tablet&quot;:2,&quot;columns_mobile&quot;:1,&quot;gap&quot;:{&quot;unit&quot;:&quot;px&quot;,&quot;size&quot;:10,&quot;sizes&quot;:[]},&quot;gap_tablet&quot;:{&quot;unit&quot;:&quot;px&quot;,&quot;size&quot;:10,&quot;sizes&quot;:[]},&quot;gap_mobile&quot;:{&quot;unit&quot;:&quot;px&quot;,&quot;size&quot;:10,&quot;sizes&quot;:[]},&quot;link_to&quot;:&quot;file&quot;,&quot;aspect_ratio&quot;:&quot;3:2&quot;,&quot;overlay_background&quot;:&quot;yes&quot;,&quot;content_hover_animation&quot;:&quot;fade-in&quot;}\" data-widget_type=\"gallery.default\">\n\t\t\t\t<div class=\"elementor-widget-container\">\n\t\t\t\t\t\t\t<div class=\"elementor-gallery__container\">\n\t\t\t\t\t\t\t<a class=\"e-gallery-item elementor-gallery-item elementor-animated-content\" href=\"https:\/\/sistemabuttrio.com\/wp-content\/uploads\/2023\/09\/buttrio_\u00a9-bluefoto-Buttrio-Ziu-Zau-4385.jpg\" data-elementor-open-lightbox=\"yes\" data-elementor-lightbox-slideshow=\"a907e47\" data-elementor-lightbox-title=\"buttrio_\u00a9 bluefoto Buttrio Ziu Zau 4385\" data-e-action-hash=\"#elementor-action%3Aaction%3Dlightbox%26settings%3DeyJpZCI6ODI0LCJ1cmwiOiJodHRwczpcL1wvc2lzdGVtYWJ1dHRyaW8uY29tXC93cC1jb250ZW50XC91cGxvYWRzXC8yMDIzXC8wOVwvYnV0dHJpb19cdTAwYTktYmx1ZWZvdG8tQnV0dHJpby1aaXUtWmF1LTQzODUuanBnIiwic2xpZGVzaG93IjoiYTkwN2U0NyJ9\">\n\t\t\t\t\t<div class=\"e-gallery-image elementor-gallery-item__image\" data-thumbnail=\"https:\/\/sistemabuttrio.com\/wp-content\/uploads\/2023\/09\/buttrio_\u00a9-bluefoto-Buttrio-Ziu-Zau-4385-300x197.jpg\" data-width=\"300\" data-height=\"197\" aria-label=\"\" role=\"img\" ><\/div>\n\t\t\t\t\t\t\t\t\t\t\t<div class=\"elementor-gallery-item__overlay\"><\/div>\n\t\t\t\t\t\t\t\t\t\t\t\t\t\t<\/a>\n\t\t\t\t\t\t\t<a class=\"e-gallery-item elementor-gallery-item elementor-animated-content\" href=\"https:\/\/sistemabuttrio.com\/wp-content\/uploads\/2023\/09\/buttrio_\u00a9-bluefoto-Buttrio-Ziu-Zau-4387.jpg\" data-elementor-open-lightbox=\"yes\" data-elementor-lightbox-slideshow=\"a907e47\" data-elementor-lightbox-title=\"buttrio_\u00a9 bluefoto Buttrio Ziu Zau 4387\" data-e-action-hash=\"#elementor-action%3Aaction%3Dlightbox%26settings%3DeyJpZCI6ODI2LCJ1cmwiOiJodHRwczpcL1wvc2lzdGVtYWJ1dHRyaW8uY29tXC93cC1jb250ZW50XC91cGxvYWRzXC8yMDIzXC8wOVwvYnV0dHJpb19cdTAwYTktYmx1ZWZvdG8tQnV0dHJpby1aaXUtWmF1LTQzODcuanBnIiwic2xpZGVzaG93IjoiYTkwN2U0NyJ9\">\n\t\t\t\t\t<div class=\"e-gallery-image elementor-gallery-item__image\" data-thumbnail=\"https:\/\/sistemabuttrio.com\/wp-content\/uploads\/2023\/09\/buttrio_\u00a9-bluefoto-Buttrio-Ziu-Zau-4387-300x200.jpg\" data-width=\"300\" data-height=\"200\" aria-label=\"\" role=\"img\" ><\/div>\n\t\t\t\t\t\t\t\t\t\t\t<div class=\"elementor-gallery-item__overlay\"><\/div>\n\t\t\t\t\t\t\t\t\t\t\t\t\t\t<\/a>\n\t\t\t\t\t\t\t<a class=\"e-gallery-item elementor-gallery-item elementor-animated-content\" href=\"https:\/\/sistemabuttrio.com\/wp-content\/uploads\/2023\/09\/buttrio_\u00a9-bluefoto-2564.jpg\" data-elementor-open-lightbox=\"yes\" data-elementor-lightbox-slideshow=\"a907e47\" data-elementor-lightbox-title=\"buttrio_\u00a9 bluefoto 2564\" data-e-action-hash=\"#elementor-action%3Aaction%3Dlightbox%26settings%3DeyJpZCI6ODIwLCJ1cmwiOiJodHRwczpcL1wvc2lzdGVtYWJ1dHRyaW8uY29tXC93cC1jb250ZW50XC91cGxvYWRzXC8yMDIzXC8wOVwvYnV0dHJpb19cdTAwYTktYmx1ZWZvdG8tMjU2NC5qcGciLCJzbGlkZXNob3ciOiJhOTA3ZTQ3In0%3D\">\n\t\t\t\t\t<div class=\"e-gallery-image elementor-gallery-item__image\" data-thumbnail=\"https:\/\/sistemabuttrio.com\/wp-content\/uploads\/2023\/09\/buttrio_\u00a9-bluefoto-2564-201x300.jpg\" data-width=\"201\" data-height=\"300\" aria-label=\"\" role=\"img\" ><\/div>\n\t\t\t\t\t\t\t\t\t\t\t<div class=\"elementor-gallery-item__overlay\"><\/div>\n\t\t\t\t\t\t\t\t\t\t\t\t\t\t<\/a>\n\t\t\t\t\t\t\t<a class=\"e-gallery-item elementor-gallery-item elementor-animated-content\" href=\"https:\/\/sistemabuttrio.com\/wp-content\/uploads\/2023\/09\/buttrio_\u00a9-bluefoto-4292.jpg\" data-elementor-open-lightbox=\"yes\" data-elementor-lightbox-slideshow=\"a907e47\" data-elementor-lightbox-title=\"buttrio_\u00a9 bluefoto 4292\" data-e-action-hash=\"#elementor-action%3Aaction%3Dlightbox%26settings%3DeyJpZCI6ODIyLCJ1cmwiOiJodHRwczpcL1wvc2lzdGVtYWJ1dHRyaW8uY29tXC93cC1jb250ZW50XC91cGxvYWRzXC8yMDIzXC8wOVwvYnV0dHJpb19cdTAwYTktYmx1ZWZvdG8tNDI5Mi5qcGciLCJzbGlkZXNob3ciOiJhOTA3ZTQ3In0%3D\">\n\t\t\t\t\t<div class=\"e-gallery-image elementor-gallery-item__image\" data-thumbnail=\"https:\/\/sistemabuttrio.com\/wp-content\/uploads\/2023\/09\/buttrio_\u00a9-bluefoto-4292-300x198.jpg\" data-width=\"300\" data-height=\"198\" aria-label=\"\" role=\"img\" ><\/div>\n\t\t\t\t\t\t\t\t\t\t\t<div class=\"elementor-gallery-item__overlay\"><\/div>\n\t\t\t\t\t\t\t\t\t\t\t\t\t\t<\/a>\n\t\t\t\t\t<\/div>\n\t\t\t\t\t<\/div>\n\t\t\t\t<\/div>\n\t\t\t\t\t<\/div>\n\t\t<\/div>\n\t\t\t\t\t<\/div>\n\t\t<\/section>\n\t\t\t\t<\/div>\n\t\t","protected":false},"excerpt":{"rendered":"<p>Home Proizvodni in industrijski svet Buttria zaznamujeta predvsem dva velika sklopa: industrijski kompleks skupine Danieli, ki je vodilna v svetu na podro\u010dju proizvodnje specialnih jekel, in izjemna vinska specializacija obmo\u010dja. Ta dva dejavnika dolo\u010data gospodarsko strukturo in zasnovo ozemlja, v ob\u010dini pa delujejo \u0161tevilna obrtna podjetja. Obrtna podjetja so bila v preteklosti mo\u010dno povezana s [&hellip;]<\/p>\n","protected":false},"author":1,"featured_media":0,"parent":1869,"menu_order":0,"comment_status":"closed","ping_status":"closed","template":"elementor_header_footer","meta":{"site-sidebar-layout":"no-sidebar","site-content-layout":"page-builder","ast-site-content-layout":"default","site-content-style":"default","site-sidebar-style":"default","ast-global-header-display":"","ast-banner-title-visibility":"","ast-main-header-display":"","ast-hfb-above-header-display":"","ast-hfb-below-header-display":"","ast-hfb-mobile-header-display":"","site-post-title":"disabled","ast-breadcrumbs-content":"","ast-featured-img":"disabled","footer-sml-layout":"","ast-disable-related-posts":"","theme-transparent-header-meta":"","adv-header-id-meta":"","stick-header-meta":"","header-above-stick-meta":"","header-main-stick-meta":"","header-below-stick-meta":"","astra-migrate-meta-layouts":"set","ast-page-background-enabled":"default","ast-page-background-meta":{"desktop":{"background-color":"var(--ast-global-color-4)","background-image":"","background-repeat":"repeat","background-position":"center center","background-size":"auto","background-attachment":"scroll","background-type":"","background-media":"","overlay-type":"","overlay-color":"","overlay-opacity":"","overlay-gradient":""},"tablet":{"background-color":"","background-image":"","background-repeat":"repeat","background-position":"center center","background-size":"auto","background-attachment":"scroll","background-type":"","background-media":"","overlay-type":"","overlay-color":"","overlay-opacity":"","overlay-gradient":""},"mobile":{"background-color":"","background-image":"","background-repeat":"repeat","background-position":"center center","background-size":"auto","background-attachment":"scroll","background-type":"","background-media":"","overlay-type":"","overlay-color":"","overlay-opacity":"","overlay-gradient":""}},"ast-content-background-meta":{"desktop":{"background-color":"var(--ast-global-color-5)","background-image":"","background-repeat":"repeat","background-position":"center center","background-size":"auto","background-attachment":"scroll","background-type":"","background-media":"","overlay-type":"","overlay-color":"","overlay-opacity":"","overlay-gradient":""},"tablet":{"background-color":"var(--ast-global-color-5)","background-image":"","background-repeat":"repeat","background-position":"center center","background-size":"auto","background-attachment":"scroll","background-type":"","background-media":"","overlay-type":"","overlay-color":"","overlay-opacity":"","overlay-gradient":""},"mobile":{"background-color":"var(--ast-global-color-5)","background-image":"","background-repeat":"repeat","background-position":"center center","background-size":"auto","background-attachment":"scroll","background-type":"","background-media":"","overlay-type":"","overlay-color":"","overlay-opacity":"","overlay-gradient":""}},"footnotes":""},"class_list":["post-1919","page","type-page","status-publish","hentry"],"yoast_head":"<!-- This site is optimized with the Yoast SEO plugin v27.4 - https:\/\/yoast.com\/product\/yoast-seo-wordpress\/ -->\n<title>Industrijski poklic - Sistema Buttrio<\/title>\n<meta name=\"robots\" content=\"index, follow, max-snippet:-1, max-image-preview:large, max-video-preview:-1\" \/>\n<link rel=\"canonical\" href=\"https:\/\/sistemabuttrio.com\/sl\/teritorij\/industrijski-poklic\/\" \/>\n<meta property=\"og:locale\" content=\"sl_SI\" \/>\n<meta property=\"og:type\" content=\"article\" \/>\n<meta property=\"og:title\" content=\"Industrijski poklic - Sistema Buttrio\" \/>\n<meta property=\"og:description\" content=\"Home Proizvodni in industrijski svet Buttria zaznamujeta predvsem dva velika sklopa: industrijski kompleks skupine Danieli, ki je vodilna v svetu na podro\u010dju proizvodnje specialnih jekel, in izjemna vinska specializacija obmo\u010dja. Ta dva dejavnika dolo\u010data gospodarsko strukturo in zasnovo ozemlja, v ob\u010dini pa delujejo \u0161tevilna obrtna podjetja. Obrtna podjetja so bila v preteklosti mo\u010dno povezana s [&hellip;]\" \/>\n<meta property=\"og:url\" content=\"https:\/\/sistemabuttrio.com\/sl\/teritorij\/industrijski-poklic\/\" \/>\n<meta property=\"og:site_name\" content=\"Sistema Buttrio\" \/>\n<meta property=\"article:modified_time\" content=\"2023-11-03T03:58:54+00:00\" \/>\n<meta name=\"twitter:card\" content=\"summary_large_image\" \/>\n<meta name=\"twitter:label1\" content=\"Est. reading time\" \/>\n\t<meta name=\"twitter:data1\" content=\"2 minuti\" \/>\n<script type=\"application\/ld+json\" class=\"yoast-schema-graph\">{\"@context\":\"https:\\\/\\\/schema.org\",\"@graph\":[{\"@type\":\"WebPage\",\"@id\":\"https:\\\/\\\/sistemabuttrio.com\\\/sl\\\/teritorij\\\/industrijski-poklic\\\/\",\"url\":\"https:\\\/\\\/sistemabuttrio.com\\\/sl\\\/teritorij\\\/industrijski-poklic\\\/\",\"name\":\"Industrijski poklic - Sistema Buttrio\",\"isPartOf\":{\"@id\":\"https:\\\/\\\/sistemabuttrio.com\\\/#website\"},\"datePublished\":\"2023-09-15T14:22:15+00:00\",\"dateModified\":\"2023-11-03T03:58:54+00:00\",\"breadcrumb\":{\"@id\":\"https:\\\/\\\/sistemabuttrio.com\\\/sl\\\/teritorij\\\/industrijski-poklic\\\/#breadcrumb\"},\"inLanguage\":\"sl-SI\",\"potentialAction\":[{\"@type\":\"ReadAction\",\"target\":[\"https:\\\/\\\/sistemabuttrio.com\\\/sl\\\/teritorij\\\/industrijski-poklic\\\/\"]}]},{\"@type\":\"BreadcrumbList\",\"@id\":\"https:\\\/\\\/sistemabuttrio.com\\\/sl\\\/teritorij\\\/industrijski-poklic\\\/#breadcrumb\",\"itemListElement\":[{\"@type\":\"ListItem\",\"position\":1,\"name\":\"Home\",\"item\":\"https:\\\/\\\/sistemabuttrio.com\\\/sl\\\/\"},{\"@type\":\"ListItem\",\"position\":2,\"name\":\"Teritorij\",\"item\":\"https:\\\/\\\/sistemabuttrio.com\\\/sl\\\/teritorij\\\/\"},{\"@type\":\"ListItem\",\"position\":3,\"name\":\"Industrijski poklic\"}]},{\"@type\":\"WebSite\",\"@id\":\"https:\\\/\\\/sistemabuttrio.com\\\/#website\",\"url\":\"https:\\\/\\\/sistemabuttrio.com\\\/\",\"name\":\"Sistema Buttrio\",\"description\":\"\",\"potentialAction\":[{\"@type\":\"SearchAction\",\"target\":{\"@type\":\"EntryPoint\",\"urlTemplate\":\"https:\\\/\\\/sistemabuttrio.com\\\/?s={search_term_string}\"},\"query-input\":{\"@type\":\"PropertyValueSpecification\",\"valueRequired\":true,\"valueName\":\"search_term_string\"}}],\"inLanguage\":\"sl-SI\"}]}<\/script>\n<!-- \/ Yoast SEO plugin. -->","yoast_head_json":{"title":"Industrijski poklic - Sistema Buttrio","robots":{"index":"index","follow":"follow","max-snippet":"max-snippet:-1","max-image-preview":"max-image-preview:large","max-video-preview":"max-video-preview:-1"},"canonical":"https:\/\/sistemabuttrio.com\/sl\/teritorij\/industrijski-poklic\/","og_locale":"sl_SI","og_type":"article","og_title":"Industrijski poklic - Sistema Buttrio","og_description":"Home Proizvodni in industrijski svet Buttria zaznamujeta predvsem dva velika sklopa: industrijski kompleks skupine Danieli, ki je vodilna v svetu na podro\u010dju proizvodnje specialnih jekel, in izjemna vinska specializacija obmo\u010dja. Ta dva dejavnika dolo\u010data gospodarsko strukturo in zasnovo ozemlja, v ob\u010dini pa delujejo \u0161tevilna obrtna podjetja. Obrtna podjetja so bila v preteklosti mo\u010dno povezana s [&hellip;]","og_url":"https:\/\/sistemabuttrio.com\/sl\/teritorij\/industrijski-poklic\/","og_site_name":"Sistema Buttrio","article_modified_time":"2023-11-03T03:58:54+00:00","twitter_card":"summary_large_image","twitter_misc":{"Est. reading time":"2 minuti"},"schema":{"@context":"https:\/\/schema.org","@graph":[{"@type":"WebPage","@id":"https:\/\/sistemabuttrio.com\/sl\/teritorij\/industrijski-poklic\/","url":"https:\/\/sistemabuttrio.com\/sl\/teritorij\/industrijski-poklic\/","name":"Industrijski poklic - Sistema Buttrio","isPartOf":{"@id":"https:\/\/sistemabuttrio.com\/#website"},"datePublished":"2023-09-15T14:22:15+00:00","dateModified":"2023-11-03T03:58:54+00:00","breadcrumb":{"@id":"https:\/\/sistemabuttrio.com\/sl\/teritorij\/industrijski-poklic\/#breadcrumb"},"inLanguage":"sl-SI","potentialAction":[{"@type":"ReadAction","target":["https:\/\/sistemabuttrio.com\/sl\/teritorij\/industrijski-poklic\/"]}]},{"@type":"BreadcrumbList","@id":"https:\/\/sistemabuttrio.com\/sl\/teritorij\/industrijski-poklic\/#breadcrumb","itemListElement":[{"@type":"ListItem","position":1,"name":"Home","item":"https:\/\/sistemabuttrio.com\/sl\/"},{"@type":"ListItem","position":2,"name":"Teritorij","item":"https:\/\/sistemabuttrio.com\/sl\/teritorij\/"},{"@type":"ListItem","position":3,"name":"Industrijski poklic"}]},{"@type":"WebSite","@id":"https:\/\/sistemabuttrio.com\/#website","url":"https:\/\/sistemabuttrio.com\/","name":"Sistema Buttrio","description":"","potentialAction":[{"@type":"SearchAction","target":{"@type":"EntryPoint","urlTemplate":"https:\/\/sistemabuttrio.com\/?s={search_term_string}"},"query-input":{"@type":"PropertyValueSpecification","valueRequired":true,"valueName":"search_term_string"}}],"inLanguage":"sl-SI"}]}},"_links":{"self":[{"href":"https:\/\/sistemabuttrio.com\/sl\/wp-json\/wp\/v2\/pages\/1919","targetHints":{"allow":["GET"]}}],"collection":[{"href":"https:\/\/sistemabuttrio.com\/sl\/wp-json\/wp\/v2\/pages"}],"about":[{"href":"https:\/\/sistemabuttrio.com\/sl\/wp-json\/wp\/v2\/types\/page"}],"author":[{"embeddable":true,"href":"https:\/\/sistemabuttrio.com\/sl\/wp-json\/wp\/v2\/users\/1"}],"replies":[{"embeddable":true,"href":"https:\/\/sistemabuttrio.com\/sl\/wp-json\/wp\/v2\/comments?post=1919"}],"version-history":[{"count":5,"href":"https:\/\/sistemabuttrio.com\/sl\/wp-json\/wp\/v2\/pages\/1919\/revisions"}],"predecessor-version":[{"id":1929,"href":"https:\/\/sistemabuttrio.com\/sl\/wp-json\/wp\/v2\/pages\/1919\/revisions\/1929"}],"up":[{"embeddable":true,"href":"https:\/\/sistemabuttrio.com\/sl\/wp-json\/wp\/v2\/pages\/1869"}],"wp:attachment":[{"href":"https:\/\/sistemabuttrio.com\/sl\/wp-json\/wp\/v2\/media?parent=1919"}],"curies":[{"name":"wp","href":"https:\/\/api.w.org\/{rel}","templated":true}]}}