{"id":1894,"date":"2023-09-15T16:20:47","date_gmt":"2023-09-15T14:20:47","guid":{"rendered":"https:\/\/sistemabuttrio.com\/teritorij\/i-borghi-rurali\/"},"modified":"2023-11-03T04:48:07","modified_gmt":"2023-11-03T03:48:07","slug":"podezelske-vasi","status":"publish","type":"page","link":"https:\/\/sistemabuttrio.com\/sl\/teritorij\/podezelske-vasi\/","title":{"rendered":"Pode\u017eelske vasi"},"content":{"rendered":"\t\t<div data-elementor-type=\"wp-page\" data-elementor-id=\"1894\" class=\"elementor elementor-1894 elementor-751\" data-elementor-post-type=\"page\">\n\t\t\t\t\t\t<section class=\"elementor-section elementor-top-section elementor-element elementor-element-2b231e2 elementor-section-full_width elementor-section-stretched elementor-section-height-default elementor-section-height-default\" data-id=\"2b231e2\" data-element_type=\"section\" data-e-type=\"section\" data-settings=\"{&quot;stretch_section&quot;:&quot;section-stretched&quot;,&quot;jet_parallax_layout_list&quot;:[],&quot;background_background&quot;:&quot;classic&quot;}\">\n\t\t\t\t\t\t<div class=\"elementor-container elementor-column-gap-default\">\n\t\t\t\t\t<div class=\"elementor-column elementor-col-100 elementor-top-column elementor-element elementor-element-98072e8\" data-id=\"98072e8\" data-element_type=\"column\" data-e-type=\"column\">\n\t\t\t<div class=\"elementor-widget-wrap elementor-element-populated\">\n\t\t\t\t\t\t<div class=\"elementor-element elementor-element-6f5b6bb jet-breadcrumbs-page-title-yes jet-breadcrumbs-align-center elementor-widget elementor-widget-jet-breadcrumbs\" data-id=\"6f5b6bb\" data-element_type=\"widget\" data-e-type=\"widget\" data-widget_type=\"jet-breadcrumbs.default\">\n\t\t\t\t<div class=\"elementor-widget-container\">\n\t\t\t\t\t<div class=\"elementor-jet-breadcrumbs jet-blocks\">\n\t\t<div class=\"jet-breadcrumbs\">\n\t\t<div class=\"jet-breadcrumbs__content\">\n\t\t<div class=\"jet-breadcrumbs__wrap\"><div class=\"jet-breadcrumbs__item\"><a href=\"https:\/\/sistemabuttrio.com\/sl\/\" class=\"jet-breadcrumbs__item-link is-home\" rel=\"home\" title=\"Home\">Home<\/a><\/div>\n\t\t<\/div>\n\t\t<\/div>\n\t\t<\/div><\/div>\t\t\t\t<\/div>\n\t\t\t\t<\/div>\n\t\t\t\t\t<\/div>\n\t\t<\/div>\n\t\t\t\t\t<\/div>\n\t\t<\/section>\n\t\t\t\t<section class=\"elementor-section elementor-top-section elementor-element elementor-element-a269bbf elementor-section-content-middle elementor-section-boxed elementor-section-height-default elementor-section-height-default\" data-id=\"a269bbf\" data-element_type=\"section\" data-e-type=\"section\" data-settings=\"{&quot;jet_parallax_layout_list&quot;:[]}\">\n\t\t\t\t\t\t<div class=\"elementor-container elementor-column-gap-wide\">\n\t\t\t\t\t<div class=\"elementor-column elementor-col-50 elementor-top-column elementor-element elementor-element-17b6175\" data-id=\"17b6175\" data-element_type=\"column\" data-e-type=\"column\">\n\t\t\t<div class=\"elementor-widget-wrap elementor-element-populated\">\n\t\t\t\t\t\t<div class=\"elementor-element elementor-element-e80678b elementor-widget elementor-widget-image\" data-id=\"e80678b\" data-element_type=\"widget\" data-e-type=\"widget\" data-widget_type=\"image.default\">\n\t\t\t\t<div class=\"elementor-widget-container\">\n\t\t\t\t\t\t\t\t\t\t\t\t\t\t\t<img fetchpriority=\"high\" decoding=\"async\" width=\"1024\" height=\"682\" src=\"https:\/\/sistemabuttrio.com\/wp-content\/uploads\/2023\/09\/\u00a9-bluefoto-Caminetto-borgo-2722-1024x682.jpg\" class=\"attachment-large size-large wp-image-1895\" alt=\"\" srcset=\"https:\/\/sistemabuttrio.com\/wp-content\/uploads\/2023\/09\/\u00a9-bluefoto-Caminetto-borgo-2722-1024x682.jpg 1024w, https:\/\/sistemabuttrio.com\/wp-content\/uploads\/2023\/09\/\u00a9-bluefoto-Caminetto-borgo-2722-300x200.jpg 300w, https:\/\/sistemabuttrio.com\/wp-content\/uploads\/2023\/09\/\u00a9-bluefoto-Caminetto-borgo-2722-768x511.jpg 768w, https:\/\/sistemabuttrio.com\/wp-content\/uploads\/2023\/09\/\u00a9-bluefoto-Caminetto-borgo-2722-1536x1023.jpg 1536w, https:\/\/sistemabuttrio.com\/wp-content\/uploads\/2023\/09\/\u00a9-bluefoto-Caminetto-borgo-2722-2048x1363.jpg 2048w\" sizes=\"(max-width: 1024px) 100vw, 1024px\" \/>\t\t\t\t\t\t\t\t\t\t\t\t\t\t\t<\/div>\n\t\t\t\t<\/div>\n\t\t\t\t\t<\/div>\n\t\t<\/div>\n\t\t\t\t<div class=\"elementor-column elementor-col-50 elementor-top-column elementor-element elementor-element-73b4d11\" data-id=\"73b4d11\" data-element_type=\"column\" data-e-type=\"column\">\n\t\t\t<div class=\"elementor-widget-wrap elementor-element-populated\">\n\t\t\t\t\t\t<div class=\"elementor-element elementor-element-8d8d682 elementor-widget elementor-widget-text-editor\" data-id=\"8d8d682\" data-element_type=\"widget\" data-e-type=\"widget\" data-widget_type=\"text-editor.default\">\n\t\t\t\t<div class=\"elementor-widget-container\">\n\t\t\t\t\t\t\t\t\t<p>Danes je zelo malo kmetij, ki se ne ukvarjajo s pridelavo vina, vendar pa je mogo\u010de znake preteklosti s prete\u017eno kmetijskim gospodarstvom zaslediti v <strong>fiziognomiji pode\u017eelskih vasi Vicinale<\/strong>, <strong>Caminetto<\/strong> in <strong>Camino<\/strong>, ki so deloma ohranile odtis svoje tradicionalne funkcije, zlasti v starej\u0161ih domovih.<\/p><p><span style=\"font-weight: 400;\">Hi\u0161e, stisnjene v vrsto, so zgrajene vzdol\u017e trase ceste, in \u010de niso bile s\u010dasoma invazivno predelane ali obnovljene, so mnoge \u0161e vedno ohranile <strong>klasi\u010dni kamniti obok ali lesena preklada<\/strong> vhoda na notranje dvori\u0161\u010de, ki je bilo tako visoko, da je skozi lahko zapeljal voz sena.<\/span><\/p><p><span style=\"font-weight: 400;\">Ve\u017ea je vodila na dvori\u0161\u010de, ki je bilo neko\u010d obdano s koko\u0161njaki, svinjaki, hlevi in drugimi stavbami, namenjenimi pode\u017eelski dejavnosti. Obi\u010dajno so se zadaj raztezali zelenjavni vrtovi, brajda s trto, majhen travnik.<\/span><\/p>\t\t\t\t\t\t\t\t<\/div>\n\t\t\t\t<\/div>\n\t\t\t\t\t<\/div>\n\t\t<\/div>\n\t\t\t\t\t<\/div>\n\t\t<\/section>\n\t\t\t\t<section class=\"elementor-section elementor-top-section elementor-element elementor-element-d4777a2 elementor-section-content-middle elementor-section-boxed elementor-section-height-default elementor-section-height-default\" data-id=\"d4777a2\" data-element_type=\"section\" data-e-type=\"section\" data-settings=\"{&quot;jet_parallax_layout_list&quot;:[],&quot;background_background&quot;:&quot;classic&quot;}\">\n\t\t\t\t\t\t<div class=\"elementor-container elementor-column-gap-wide\">\n\t\t\t\t\t<div class=\"elementor-column elementor-col-100 elementor-top-column elementor-element elementor-element-fc25894\" data-id=\"fc25894\" data-element_type=\"column\" data-e-type=\"column\">\n\t\t\t<div class=\"elementor-widget-wrap elementor-element-populated\">\n\t\t\t\t\t\t<div class=\"elementor-element elementor-element-0aaea02 elementor-widget elementor-widget-text-editor\" data-id=\"0aaea02\" data-element_type=\"widget\" data-e-type=\"widget\" data-widget_type=\"text-editor.default\">\n\t\t\t\t<div class=\"elementor-widget-container\">\n\t\t\t\t\t\t\t\t\t<p>\u0160irjenje pode\u017eelskih naselij v preteklosti je po vsej verjetnosti povezano s selitvami, ki so jih spodbujali verski redovi ali predvsem gospodarji, ki so imeli v lasti zemljo za svoj gospodarski in proizvodni razvoj.<\/p><p>Mnoge od teh starih hi\u0161 v vaseh bi bilo treba korenito obnoviti in ovrednotiti, da bi jih obvarovali pred propadanjem, saj so pomembna pri\u010devanja civilizacije, pode\u017eelske civilizacije, ki je mo\u010dno zaznamovala ta obmo\u010dja, ter visoke gradbene in arhitekturne kakovosti.<\/p>\t\t\t\t\t\t\t\t<\/div>\n\t\t\t\t<\/div>\n\t\t\t\t\t<\/div>\n\t\t<\/div>\n\t\t\t\t\t<\/div>\n\t\t<\/section>\n\t\t\t\t<\/div>\n\t\t","protected":false},"excerpt":{"rendered":"<p>Home Danes je zelo malo kmetij, ki se ne ukvarjajo s pridelavo vina, vendar pa je mogo\u010de znake preteklosti s prete\u017eno kmetijskim gospodarstvom zaslediti v fiziognomiji pode\u017eelskih vasi Vicinale, Caminetto in Camino, ki so deloma ohranile odtis svoje tradicionalne funkcije, zlasti v starej\u0161ih domovih. Hi\u0161e, stisnjene v vrsto, so zgrajene vzdol\u017e trase ceste, in \u010de [&hellip;]<\/p>\n","protected":false},"author":1,"featured_media":0,"parent":1869,"menu_order":0,"comment_status":"closed","ping_status":"closed","template":"elementor_header_footer","meta":{"site-sidebar-layout":"no-sidebar","site-content-layout":"page-builder","ast-site-content-layout":"default","site-content-style":"default","site-sidebar-style":"default","ast-global-header-display":"","ast-banner-title-visibility":"","ast-main-header-display":"","ast-hfb-above-header-display":"","ast-hfb-below-header-display":"","ast-hfb-mobile-header-display":"","site-post-title":"disabled","ast-breadcrumbs-content":"","ast-featured-img":"disabled","footer-sml-layout":"","ast-disable-related-posts":"","theme-transparent-header-meta":"","adv-header-id-meta":"","stick-header-meta":"","header-above-stick-meta":"","header-main-stick-meta":"","header-below-stick-meta":"","astra-migrate-meta-layouts":"set","ast-page-background-enabled":"default","ast-page-background-meta":{"desktop":{"background-color":"var(--ast-global-color-4)","background-image":"","background-repeat":"repeat","background-position":"center center","background-size":"auto","background-attachment":"scroll","background-type":"","background-media":"","overlay-type":"","overlay-color":"","overlay-opacity":"","overlay-gradient":""},"tablet":{"background-color":"","background-image":"","background-repeat":"repeat","background-position":"center center","background-size":"auto","background-attachment":"scroll","background-type":"","background-media":"","overlay-type":"","overlay-color":"","overlay-opacity":"","overlay-gradient":""},"mobile":{"background-color":"","background-image":"","background-repeat":"repeat","background-position":"center center","background-size":"auto","background-attachment":"scroll","background-type":"","background-media":"","overlay-type":"","overlay-color":"","overlay-opacity":"","overlay-gradient":""}},"ast-content-background-meta":{"desktop":{"background-color":"var(--ast-global-color-5)","background-image":"","background-repeat":"repeat","background-position":"center center","background-size":"auto","background-attachment":"scroll","background-type":"","background-media":"","overlay-type":"","overlay-color":"","overlay-opacity":"","overlay-gradient":""},"tablet":{"background-color":"var(--ast-global-color-5)","background-image":"","background-repeat":"repeat","background-position":"center center","background-size":"auto","background-attachment":"scroll","background-type":"","background-media":"","overlay-type":"","overlay-color":"","overlay-opacity":"","overlay-gradient":""},"mobile":{"background-color":"var(--ast-global-color-5)","background-image":"","background-repeat":"repeat","background-position":"center center","background-size":"auto","background-attachment":"scroll","background-type":"","background-media":"","overlay-type":"","overlay-color":"","overlay-opacity":"","overlay-gradient":""}},"footnotes":""},"class_list":["post-1894","page","type-page","status-publish","hentry"],"yoast_head":"<!-- This site is optimized with the Yoast SEO plugin v27.3 - https:\/\/yoast.com\/product\/yoast-seo-wordpress\/ -->\n<title>Pode\u017eelske vasi - Sistema Buttrio<\/title>\n<meta name=\"robots\" content=\"index, follow, max-snippet:-1, max-image-preview:large, max-video-preview:-1\" \/>\n<link rel=\"canonical\" href=\"https:\/\/sistemabuttrio.com\/sl\/teritorij\/podezelske-vasi\/\" \/>\n<meta property=\"og:locale\" content=\"sl_SI\" \/>\n<meta property=\"og:type\" content=\"article\" \/>\n<meta property=\"og:title\" content=\"Pode\u017eelske vasi - Sistema Buttrio\" \/>\n<meta property=\"og:description\" content=\"Home Danes je zelo malo kmetij, ki se ne ukvarjajo s pridelavo vina, vendar pa je mogo\u010de znake preteklosti s prete\u017eno kmetijskim gospodarstvom zaslediti v fiziognomiji pode\u017eelskih vasi Vicinale, Caminetto in Camino, ki so deloma ohranile odtis svoje tradicionalne funkcije, zlasti v starej\u0161ih domovih. Hi\u0161e, stisnjene v vrsto, so zgrajene vzdol\u017e trase ceste, in \u010de [&hellip;]\" \/>\n<meta property=\"og:url\" content=\"https:\/\/sistemabuttrio.com\/sl\/teritorij\/podezelske-vasi\/\" \/>\n<meta property=\"og:site_name\" content=\"Sistema Buttrio\" \/>\n<meta property=\"article:modified_time\" content=\"2023-11-03T03:48:07+00:00\" \/>\n<meta name=\"twitter:card\" content=\"summary_large_image\" \/>\n<meta name=\"twitter:label1\" content=\"Est. reading time\" \/>\n\t<meta name=\"twitter:data1\" content=\"2 minuti\" \/>\n<script type=\"application\/ld+json\" class=\"yoast-schema-graph\">{\"@context\":\"https:\\\/\\\/schema.org\",\"@graph\":[{\"@type\":\"WebPage\",\"@id\":\"https:\\\/\\\/sistemabuttrio.com\\\/sl\\\/teritorij\\\/podezelske-vasi\\\/\",\"url\":\"https:\\\/\\\/sistemabuttrio.com\\\/sl\\\/teritorij\\\/podezelske-vasi\\\/\",\"name\":\"Pode\u017eelske vasi - Sistema Buttrio\",\"isPartOf\":{\"@id\":\"https:\\\/\\\/sistemabuttrio.com\\\/#website\"},\"datePublished\":\"2023-09-15T14:20:47+00:00\",\"dateModified\":\"2023-11-03T03:48:07+00:00\",\"breadcrumb\":{\"@id\":\"https:\\\/\\\/sistemabuttrio.com\\\/sl\\\/teritorij\\\/podezelske-vasi\\\/#breadcrumb\"},\"inLanguage\":\"sl-SI\",\"potentialAction\":[{\"@type\":\"ReadAction\",\"target\":[\"https:\\\/\\\/sistemabuttrio.com\\\/sl\\\/teritorij\\\/podezelske-vasi\\\/\"]}]},{\"@type\":\"BreadcrumbList\",\"@id\":\"https:\\\/\\\/sistemabuttrio.com\\\/sl\\\/teritorij\\\/podezelske-vasi\\\/#breadcrumb\",\"itemListElement\":[{\"@type\":\"ListItem\",\"position\":1,\"name\":\"Home\",\"item\":\"https:\\\/\\\/sistemabuttrio.com\\\/sl\\\/\"},{\"@type\":\"ListItem\",\"position\":2,\"name\":\"Teritorij\",\"item\":\"https:\\\/\\\/sistemabuttrio.com\\\/sl\\\/teritorij\\\/\"},{\"@type\":\"ListItem\",\"position\":3,\"name\":\"Pode\u017eelske vasi\"}]},{\"@type\":\"WebSite\",\"@id\":\"https:\\\/\\\/sistemabuttrio.com\\\/#website\",\"url\":\"https:\\\/\\\/sistemabuttrio.com\\\/\",\"name\":\"Sistema Buttrio\",\"description\":\"\",\"potentialAction\":[{\"@type\":\"SearchAction\",\"target\":{\"@type\":\"EntryPoint\",\"urlTemplate\":\"https:\\\/\\\/sistemabuttrio.com\\\/?s={search_term_string}\"},\"query-input\":{\"@type\":\"PropertyValueSpecification\",\"valueRequired\":true,\"valueName\":\"search_term_string\"}}],\"inLanguage\":\"sl-SI\"}]}<\/script>\n<!-- \/ Yoast SEO plugin. -->","yoast_head_json":{"title":"Pode\u017eelske vasi - Sistema Buttrio","robots":{"index":"index","follow":"follow","max-snippet":"max-snippet:-1","max-image-preview":"max-image-preview:large","max-video-preview":"max-video-preview:-1"},"canonical":"https:\/\/sistemabuttrio.com\/sl\/teritorij\/podezelske-vasi\/","og_locale":"sl_SI","og_type":"article","og_title":"Pode\u017eelske vasi - Sistema Buttrio","og_description":"Home Danes je zelo malo kmetij, ki se ne ukvarjajo s pridelavo vina, vendar pa je mogo\u010de znake preteklosti s prete\u017eno kmetijskim gospodarstvom zaslediti v fiziognomiji pode\u017eelskih vasi Vicinale, Caminetto in Camino, ki so deloma ohranile odtis svoje tradicionalne funkcije, zlasti v starej\u0161ih domovih. Hi\u0161e, stisnjene v vrsto, so zgrajene vzdol\u017e trase ceste, in \u010de [&hellip;]","og_url":"https:\/\/sistemabuttrio.com\/sl\/teritorij\/podezelske-vasi\/","og_site_name":"Sistema Buttrio","article_modified_time":"2023-11-03T03:48:07+00:00","twitter_card":"summary_large_image","twitter_misc":{"Est. reading time":"2 minuti"},"schema":{"@context":"https:\/\/schema.org","@graph":[{"@type":"WebPage","@id":"https:\/\/sistemabuttrio.com\/sl\/teritorij\/podezelske-vasi\/","url":"https:\/\/sistemabuttrio.com\/sl\/teritorij\/podezelske-vasi\/","name":"Pode\u017eelske vasi - Sistema Buttrio","isPartOf":{"@id":"https:\/\/sistemabuttrio.com\/#website"},"datePublished":"2023-09-15T14:20:47+00:00","dateModified":"2023-11-03T03:48:07+00:00","breadcrumb":{"@id":"https:\/\/sistemabuttrio.com\/sl\/teritorij\/podezelske-vasi\/#breadcrumb"},"inLanguage":"sl-SI","potentialAction":[{"@type":"ReadAction","target":["https:\/\/sistemabuttrio.com\/sl\/teritorij\/podezelske-vasi\/"]}]},{"@type":"BreadcrumbList","@id":"https:\/\/sistemabuttrio.com\/sl\/teritorij\/podezelske-vasi\/#breadcrumb","itemListElement":[{"@type":"ListItem","position":1,"name":"Home","item":"https:\/\/sistemabuttrio.com\/sl\/"},{"@type":"ListItem","position":2,"name":"Teritorij","item":"https:\/\/sistemabuttrio.com\/sl\/teritorij\/"},{"@type":"ListItem","position":3,"name":"Pode\u017eelske vasi"}]},{"@type":"WebSite","@id":"https:\/\/sistemabuttrio.com\/#website","url":"https:\/\/sistemabuttrio.com\/","name":"Sistema Buttrio","description":"","potentialAction":[{"@type":"SearchAction","target":{"@type":"EntryPoint","urlTemplate":"https:\/\/sistemabuttrio.com\/?s={search_term_string}"},"query-input":{"@type":"PropertyValueSpecification","valueRequired":true,"valueName":"search_term_string"}}],"inLanguage":"sl-SI"}]}},"_links":{"self":[{"href":"https:\/\/sistemabuttrio.com\/sl\/wp-json\/wp\/v2\/pages\/1894","targetHints":{"allow":["GET"]}}],"collection":[{"href":"https:\/\/sistemabuttrio.com\/sl\/wp-json\/wp\/v2\/pages"}],"about":[{"href":"https:\/\/sistemabuttrio.com\/sl\/wp-json\/wp\/v2\/types\/page"}],"author":[{"embeddable":true,"href":"https:\/\/sistemabuttrio.com\/sl\/wp-json\/wp\/v2\/users\/1"}],"replies":[{"embeddable":true,"href":"https:\/\/sistemabuttrio.com\/sl\/wp-json\/wp\/v2\/comments?post=1894"}],"version-history":[{"count":4,"href":"https:\/\/sistemabuttrio.com\/sl\/wp-json\/wp\/v2\/pages\/1894\/revisions"}],"predecessor-version":[{"id":1900,"href":"https:\/\/sistemabuttrio.com\/sl\/wp-json\/wp\/v2\/pages\/1894\/revisions\/1900"}],"up":[{"embeddable":true,"href":"https:\/\/sistemabuttrio.com\/sl\/wp-json\/wp\/v2\/pages\/1869"}],"wp:attachment":[{"href":"https:\/\/sistemabuttrio.com\/sl\/wp-json\/wp\/v2\/media?parent=1894"}],"curies":[{"name":"wp","href":"https:\/\/api.w.org\/{rel}","templated":true}]}}