{"id":1702,"date":"2023-09-15T16:21:15","date_gmt":"2023-09-15T14:21:15","guid":{"rendered":"https:\/\/sistemabuttrio.com\/territoire\/la-vitivinicoltura\/"},"modified":"2023-11-03T02:33:54","modified_gmt":"2023-11-03T01:33:54","slug":"le-vitiviniculture","status":"publish","type":"page","link":"https:\/\/sistemabuttrio.com\/fr\/territoire\/le-vitiviniculture\/","title":{"rendered":"Le vitiviniculture"},"content":{"rendered":"\t\t<div data-elementor-type=\"wp-page\" data-elementor-id=\"1702\" class=\"elementor elementor-1702 elementor-753\" data-elementor-post-type=\"page\">\n\t\t\t\t\t\t<section class=\"elementor-section elementor-top-section elementor-element elementor-element-2b231e2 elementor-section-full_width elementor-section-stretched elementor-section-height-default elementor-section-height-default\" data-id=\"2b231e2\" data-element_type=\"section\" data-e-type=\"section\" data-settings=\"{&quot;stretch_section&quot;:&quot;section-stretched&quot;,&quot;jet_parallax_layout_list&quot;:[],&quot;background_background&quot;:&quot;classic&quot;}\">\n\t\t\t\t\t\t<div class=\"elementor-container elementor-column-gap-default\">\n\t\t\t\t\t<div class=\"elementor-column elementor-col-100 elementor-top-column elementor-element elementor-element-98072e8\" data-id=\"98072e8\" data-element_type=\"column\" data-e-type=\"column\">\n\t\t\t<div class=\"elementor-widget-wrap elementor-element-populated\">\n\t\t\t\t\t\t<div class=\"elementor-element elementor-element-6f5b6bb jet-breadcrumbs-page-title-yes jet-breadcrumbs-align-center elementor-widget elementor-widget-jet-breadcrumbs\" data-id=\"6f5b6bb\" data-element_type=\"widget\" data-e-type=\"widget\" data-widget_type=\"jet-breadcrumbs.default\">\n\t\t\t\t<div class=\"elementor-widget-container\">\n\t\t\t\t\t<div class=\"elementor-jet-breadcrumbs jet-blocks\">\n\t\t<div class=\"jet-breadcrumbs\">\n\t\t<div class=\"jet-breadcrumbs__content\">\n\t\t<div class=\"jet-breadcrumbs__wrap\"><div class=\"jet-breadcrumbs__item\"><a href=\"https:\/\/sistemabuttrio.com\/fr\/\" class=\"jet-breadcrumbs__item-link is-home\" rel=\"home\" title=\"Home\">Home<\/a><\/div>\n\t\t<\/div>\n\t\t<\/div>\n\t\t<\/div><\/div>\t\t\t\t<\/div>\n\t\t\t\t<\/div>\n\t\t\t\t\t<\/div>\n\t\t<\/div>\n\t\t\t\t\t<\/div>\n\t\t<\/section>\n\t\t\t\t<section class=\"elementor-section elementor-top-section elementor-element elementor-element-a269bbf elementor-section-content-middle elementor-section-boxed elementor-section-height-default elementor-section-height-default\" data-id=\"a269bbf\" data-element_type=\"section\" data-e-type=\"section\" data-settings=\"{&quot;jet_parallax_layout_list&quot;:[]}\">\n\t\t\t\t\t\t<div class=\"elementor-container elementor-column-gap-wide\">\n\t\t\t\t\t<div class=\"elementor-column elementor-col-50 elementor-top-column elementor-element elementor-element-17b6175\" data-id=\"17b6175\" data-element_type=\"column\" data-e-type=\"column\">\n\t\t\t<div class=\"elementor-widget-wrap elementor-element-populated\">\n\t\t\t\t\t\t<div class=\"elementor-element elementor-element-e80678b elementor-widget elementor-widget-image\" data-id=\"e80678b\" data-element_type=\"widget\" data-e-type=\"widget\" data-widget_type=\"image.default\">\n\t\t\t\t<div class=\"elementor-widget-container\">\n\t\t\t\t\t\t\t\t\t\t\t\t\t\t\t<img fetchpriority=\"high\" decoding=\"async\" width=\"1024\" height=\"489\" src=\"https:\/\/sistemabuttrio.com\/wp-content\/uploads\/2023\/09\/buttrio_3169-1024x489.jpg\" class=\"attachment-large size-large wp-image-1705\" alt=\"\" srcset=\"https:\/\/sistemabuttrio.com\/wp-content\/uploads\/2023\/09\/buttrio_3169-1024x489.jpg 1024w, https:\/\/sistemabuttrio.com\/wp-content\/uploads\/2023\/09\/buttrio_3169-300x143.jpg 300w, https:\/\/sistemabuttrio.com\/wp-content\/uploads\/2023\/09\/buttrio_3169-768x367.jpg 768w, https:\/\/sistemabuttrio.com\/wp-content\/uploads\/2023\/09\/buttrio_3169-1536x733.jpg 1536w, https:\/\/sistemabuttrio.com\/wp-content\/uploads\/2023\/09\/buttrio_3169.jpg 1600w\" sizes=\"(max-width: 1024px) 100vw, 1024px\" \/>\t\t\t\t\t\t\t\t\t\t\t\t\t\t\t<\/div>\n\t\t\t\t<\/div>\n\t\t\t\t\t<\/div>\n\t\t<\/div>\n\t\t\t\t<div class=\"elementor-column elementor-col-50 elementor-top-column elementor-element elementor-element-73b4d11\" data-id=\"73b4d11\" data-element_type=\"column\" data-e-type=\"column\">\n\t\t\t<div class=\"elementor-widget-wrap elementor-element-populated\">\n\t\t\t\t\t\t<div class=\"elementor-element elementor-element-8d8d682 elementor-widget elementor-widget-text-editor\" data-id=\"8d8d682\" data-element_type=\"widget\" data-e-type=\"widget\" data-widget_type=\"text-editor.default\">\n\t\t\t\t<div class=\"elementor-widget-container\">\n\t\t\t\t\t\t\t\t\t<p>La commune de Buttrio est membre de l&rsquo;<strong>association nationale des villes du vin<\/strong> et m\u00e8ne actuellement de nombreuses activit\u00e9s de promotion dans ce secteur, qui ont leur origine dans son histoire et sa tradition viticole<\/p><p>En effet, le village, gr\u00e2ce \u00e0 la pr\u00e9sence de collines, \u00e0 un microclimat favorable et \u00e0 des sols id\u00e9aux (la \u00ab ponca \u00bb alternance de marne et de gr\u00e8s), a toujours \u00e9t\u00e9 adapt\u00e9 \u00e0 la <strong>production de vins de qualit\u00e9<\/strong>.<\/p>\t\t\t\t\t\t\t\t<\/div>\n\t\t\t\t<\/div>\n\t\t\t\t\t<\/div>\n\t\t<\/div>\n\t\t\t\t\t<\/div>\n\t\t<\/section>\n\t\t\t\t<section class=\"elementor-section elementor-top-section elementor-element elementor-element-6377685 elementor-section-height-min-height elementor-section-boxed elementor-section-height-default elementor-section-items-middle\" data-id=\"6377685\" data-element_type=\"section\" data-e-type=\"section\" data-settings=\"{&quot;jet_parallax_layout_list&quot;:[],&quot;background_background&quot;:&quot;classic&quot;}\">\n\t\t\t\t\t\t\t<div class=\"elementor-background-overlay\"><\/div>\n\t\t\t\t\t\t\t<div class=\"elementor-container elementor-column-gap-default\">\n\t\t\t\t\t<div class=\"elementor-column elementor-col-100 elementor-top-column elementor-element elementor-element-49997b9\" data-id=\"49997b9\" data-element_type=\"column\" data-e-type=\"column\">\n\t\t\t<div class=\"elementor-widget-wrap elementor-element-populated\">\n\t\t\t\t\t\t<div class=\"elementor-element elementor-element-676583b elementor-widget elementor-widget-heading\" data-id=\"676583b\" data-element_type=\"widget\" data-e-type=\"widget\" data-widget_type=\"heading.default\">\n\t\t\t\t<div class=\"elementor-widget-container\">\n\t\t\t\t\t<h3 class=\"elementor-heading-title elementor-size-default\">La c\u00e9l\u00e8bre foire r\u00e9gionale aux vins de Buttrio, qui en sera \u00e0 sa 90\u00e8me \u00e9dition en 2023, t\u00e9moigne de l'excellence de la production viticole.\nCet \u00e9v\u00e9nement viticole, l'un des plus anciens d'Italie, s'est vu d\u00e9cerner en 2020 la prestigieuse marque \u00ab Sagra di Qualit\u00e0 \u00bb (Foire de la qualit\u00e9), institu\u00e9e au niveau national par l'Unione Nazionale delle Proloco d'Italia (Union nationale des Pro Loco d'Italie), en tant\nqu'organisme de promotion du vin, comme r\u00e9compense pour avoir bien contribu\u00e9 \u00e0 la promotion et \u00e0 la protection du territoire.<\/h3>\t\t\t\t<\/div>\n\t\t\t\t<\/div>\n\t\t\t\t\t<\/div>\n\t\t<\/div>\n\t\t\t\t\t<\/div>\n\t\t<\/section>\n\t\t\t\t<section class=\"elementor-section elementor-top-section elementor-element elementor-element-9b1fc19 elementor-section-content-middle elementor-section-boxed elementor-section-height-default elementor-section-height-default\" data-id=\"9b1fc19\" data-element_type=\"section\" data-e-type=\"section\" data-settings=\"{&quot;jet_parallax_layout_list&quot;:[],&quot;background_background&quot;:&quot;classic&quot;}\">\n\t\t\t\t\t\t<div class=\"elementor-container elementor-column-gap-wide\">\n\t\t\t\t\t<div class=\"elementor-column elementor-col-50 elementor-top-column elementor-element elementor-element-348f9c0\" data-id=\"348f9c0\" data-element_type=\"column\" data-e-type=\"column\">\n\t\t\t<div class=\"elementor-widget-wrap elementor-element-populated\">\n\t\t\t\t\t\t<div class=\"elementor-element elementor-element-beda147 elementor-widget elementor-widget-text-editor\" data-id=\"beda147\" data-element_type=\"widget\" data-e-type=\"widget\" data-widget_type=\"text-editor.default\">\n\t\t\t\t<div class=\"elementor-widget-container\">\n\t\t\t\t\t\t\t\t\t<p>Le territoire communal vante <strong>trois DOC<\/strong> : la partie vallonn\u00e9e correspond \u00e0 la <strong>DOC \u00ab Colli Orientali del Friuli \u00bb<\/strong>, tandis que la partie plate correspond \u00e0 la <strong>DOC \u00ab Grave del Friuli \u00bb<\/strong>, il fait \u00e9galement partie de la <strong>DOC \u00ab Prosecco \u00bb<\/strong>. Nous devons aussi citer la <strong>DOCG \u00ab Colli Orientali del Friuli Picolit \u00bb<\/strong> , ainsi que les <strong>IGT \u00ab Venezia Giulia \u00bb<\/strong> et <strong>\u00ab delle Venezie \u00bb<\/strong>. En outre, Buttrio fait partie de l&rsquo;association nationale \u00ab Citt\u00e0 del Vino \u00bb (villes du vin).<\/p><p>Les vins produits ici atteignent la qualit\u00e9 la plus \u00e9lev\u00e9e dans les blancs (Ribolla Gialla, Friulano, Chardonnay, Pinot Grigio, Sauvignon) et dans les excellents rouges (Merlot, Cabernet Franc et Cabernet Sauvignon, Refosco dal Peduncolo Rosso, Pinot Nero).<\/p><p>Le territoire compte actuellement plus de 20 caves sp\u00e9cialis\u00e9es dans la production de vin suivant des crit\u00e8res modernes.(<a href=\"http:\/\/www.buri.it\/cantine\/\" target=\"_blank\" rel=\"noopener\">www.buri.it\/cantine\/<\/a>).<\/p>\t\t\t\t\t\t\t\t<\/div>\n\t\t\t\t<\/div>\n\t\t\t\t\t<\/div>\n\t\t<\/div>\n\t\t\t\t<div class=\"elementor-column elementor-col-50 elementor-top-column elementor-element elementor-element-8091e24\" data-id=\"8091e24\" data-element_type=\"column\" data-e-type=\"column\">\n\t\t\t<div class=\"elementor-widget-wrap elementor-element-populated\">\n\t\t\t\t\t\t<div class=\"elementor-element elementor-element-c1f04ba elementor-widget elementor-widget-image\" data-id=\"c1f04ba\" data-element_type=\"widget\" data-e-type=\"widget\" data-widget_type=\"image.default\">\n\t\t\t\t<div class=\"elementor-widget-container\">\n\t\t\t\t\t\t\t\t\t\t\t\t\t\t\t<img decoding=\"async\" width=\"1024\" height=\"620\" src=\"https:\/\/sistemabuttrio.com\/wp-content\/uploads\/2023\/09\/buttrio_2900-1024x620.jpg\" class=\"attachment-large size-large wp-image-1703\" alt=\"\" srcset=\"https:\/\/sistemabuttrio.com\/wp-content\/uploads\/2023\/09\/buttrio_2900-1024x620.jpg 1024w, https:\/\/sistemabuttrio.com\/wp-content\/uploads\/2023\/09\/buttrio_2900-300x182.jpg 300w, https:\/\/sistemabuttrio.com\/wp-content\/uploads\/2023\/09\/buttrio_2900-768x465.jpg 768w, https:\/\/sistemabuttrio.com\/wp-content\/uploads\/2023\/09\/buttrio_2900-1536x930.jpg 1536w, https:\/\/sistemabuttrio.com\/wp-content\/uploads\/2023\/09\/buttrio_2900.jpg 1600w\" sizes=\"(max-width: 1024px) 100vw, 1024px\" \/>\t\t\t\t\t\t\t\t\t\t\t\t\t\t\t<\/div>\n\t\t\t\t<\/div>\n\t\t\t\t\t<\/div>\n\t\t<\/div>\n\t\t\t\t\t<\/div>\n\t\t<\/section>\n\t\t\t\t<\/div>\n\t\t","protected":false},"excerpt":{"rendered":"<p>Home La commune de Buttrio est membre de l&rsquo;association nationale des villes du vin et m\u00e8ne actuellement de nombreuses activit\u00e9s de promotion dans ce secteur, qui ont leur origine dans son histoire et sa tradition viticole En effet, le village, gr\u00e2ce \u00e0 la pr\u00e9sence de collines, \u00e0 un microclimat favorable et \u00e0 des sols id\u00e9aux [&hellip;]<\/p>\n","protected":false},"author":1,"featured_media":0,"parent":1671,"menu_order":0,"comment_status":"closed","ping_status":"closed","template":"elementor_header_footer","meta":{"site-sidebar-layout":"no-sidebar","site-content-layout":"page-builder","ast-site-content-layout":"default","site-content-style":"default","site-sidebar-style":"default","ast-global-header-display":"","ast-banner-title-visibility":"","ast-main-header-display":"","ast-hfb-above-header-display":"","ast-hfb-below-header-display":"","ast-hfb-mobile-header-display":"","site-post-title":"disabled","ast-breadcrumbs-content":"","ast-featured-img":"disabled","footer-sml-layout":"","ast-disable-related-posts":"","theme-transparent-header-meta":"","adv-header-id-meta":"","stick-header-meta":"","header-above-stick-meta":"","header-main-stick-meta":"","header-below-stick-meta":"","astra-migrate-meta-layouts":"set","ast-page-background-enabled":"default","ast-page-background-meta":{"desktop":{"background-color":"var(--ast-global-color-4)","background-image":"","background-repeat":"repeat","background-position":"center center","background-size":"auto","background-attachment":"scroll","background-type":"","background-media":"","overlay-type":"","overlay-color":"","overlay-opacity":"","overlay-gradient":""},"tablet":{"background-color":"","background-image":"","background-repeat":"repeat","background-position":"center center","background-size":"auto","background-attachment":"scroll","background-type":"","background-media":"","overlay-type":"","overlay-color":"","overlay-opacity":"","overlay-gradient":""},"mobile":{"background-color":"","background-image":"","background-repeat":"repeat","background-position":"center center","background-size":"auto","background-attachment":"scroll","background-type":"","background-media":"","overlay-type":"","overlay-color":"","overlay-opacity":"","overlay-gradient":""}},"ast-content-background-meta":{"desktop":{"background-color":"var(--ast-global-color-5)","background-image":"","background-repeat":"repeat","background-position":"center center","background-size":"auto","background-attachment":"scroll","background-type":"","background-media":"","overlay-type":"","overlay-color":"","overlay-opacity":"","overlay-gradient":""},"tablet":{"background-color":"var(--ast-global-color-5)","background-image":"","background-repeat":"repeat","background-position":"center center","background-size":"auto","background-attachment":"scroll","background-type":"","background-media":"","overlay-type":"","overlay-color":"","overlay-opacity":"","overlay-gradient":""},"mobile":{"background-color":"var(--ast-global-color-5)","background-image":"","background-repeat":"repeat","background-position":"center center","background-size":"auto","background-attachment":"scroll","background-type":"","background-media":"","overlay-type":"","overlay-color":"","overlay-opacity":"","overlay-gradient":""}},"footnotes":""},"class_list":["post-1702","page","type-page","status-publish","hentry"],"yoast_head":"<!-- This site is optimized with the Yoast SEO plugin v27.3 - https:\/\/yoast.com\/product\/yoast-seo-wordpress\/ -->\n<title>Le vitiviniculture - Sistema Buttrio<\/title>\n<meta name=\"robots\" content=\"index, follow, max-snippet:-1, max-image-preview:large, max-video-preview:-1\" \/>\n<link rel=\"canonical\" href=\"https:\/\/sistemabuttrio.com\/fr\/territoire\/le-vitiviniculture\/\" \/>\n<meta property=\"og:locale\" content=\"fr_FR\" \/>\n<meta property=\"og:type\" content=\"article\" \/>\n<meta property=\"og:title\" content=\"Le vitiviniculture - Sistema Buttrio\" \/>\n<meta property=\"og:description\" content=\"Home La commune de Buttrio est membre de l&rsquo;association nationale des villes du vin et m\u00e8ne actuellement de nombreuses activit\u00e9s de promotion dans ce secteur, qui ont leur origine dans son histoire et sa tradition viticole En effet, le village, gr\u00e2ce \u00e0 la pr\u00e9sence de collines, \u00e0 un microclimat favorable et \u00e0 des sols id\u00e9aux [&hellip;]\" \/>\n<meta property=\"og:url\" content=\"https:\/\/sistemabuttrio.com\/fr\/territoire\/le-vitiviniculture\/\" \/>\n<meta property=\"og:site_name\" content=\"Sistema Buttrio\" \/>\n<meta property=\"article:modified_time\" content=\"2023-11-03T01:33:54+00:00\" \/>\n<meta property=\"og:image\" content=\"https:\/\/sistemabuttrio.com\/wp-content\/uploads\/2023\/09\/buttrio_3169-1024x489.jpg\" \/>\n<meta name=\"twitter:card\" content=\"summary_large_image\" \/>\n<meta name=\"twitter:label1\" content=\"Dur\u00e9e de lecture estim\u00e9e\" \/>\n\t<meta name=\"twitter:data1\" content=\"2 minutes\" \/>\n<script type=\"application\/ld+json\" class=\"yoast-schema-graph\">{\"@context\":\"https:\\\/\\\/schema.org\",\"@graph\":[{\"@type\":\"WebPage\",\"@id\":\"https:\\\/\\\/sistemabuttrio.com\\\/fr\\\/territoire\\\/le-vitiviniculture\\\/\",\"url\":\"https:\\\/\\\/sistemabuttrio.com\\\/fr\\\/territoire\\\/le-vitiviniculture\\\/\",\"name\":\"Le vitiviniculture - Sistema Buttrio\",\"isPartOf\":{\"@id\":\"https:\\\/\\\/sistemabuttrio.com\\\/#website\"},\"primaryImageOfPage\":{\"@id\":\"https:\\\/\\\/sistemabuttrio.com\\\/fr\\\/territoire\\\/le-vitiviniculture\\\/#primaryimage\"},\"image\":{\"@id\":\"https:\\\/\\\/sistemabuttrio.com\\\/fr\\\/territoire\\\/le-vitiviniculture\\\/#primaryimage\"},\"thumbnailUrl\":\"https:\\\/\\\/sistemabuttrio.com\\\/wp-content\\\/uploads\\\/2023\\\/09\\\/buttrio_3169-1024x489.jpg\",\"datePublished\":\"2023-09-15T14:21:15+00:00\",\"dateModified\":\"2023-11-03T01:33:54+00:00\",\"breadcrumb\":{\"@id\":\"https:\\\/\\\/sistemabuttrio.com\\\/fr\\\/territoire\\\/le-vitiviniculture\\\/#breadcrumb\"},\"inLanguage\":\"fr-FR\",\"potentialAction\":[{\"@type\":\"ReadAction\",\"target\":[\"https:\\\/\\\/sistemabuttrio.com\\\/fr\\\/territoire\\\/le-vitiviniculture\\\/\"]}]},{\"@type\":\"ImageObject\",\"inLanguage\":\"fr-FR\",\"@id\":\"https:\\\/\\\/sistemabuttrio.com\\\/fr\\\/territoire\\\/le-vitiviniculture\\\/#primaryimage\",\"url\":\"https:\\\/\\\/sistemabuttrio.com\\\/wp-content\\\/uploads\\\/2023\\\/09\\\/buttrio_3169-1024x489.jpg\",\"contentUrl\":\"https:\\\/\\\/sistemabuttrio.com\\\/wp-content\\\/uploads\\\/2023\\\/09\\\/buttrio_3169-1024x489.jpg\"},{\"@type\":\"BreadcrumbList\",\"@id\":\"https:\\\/\\\/sistemabuttrio.com\\\/fr\\\/territoire\\\/le-vitiviniculture\\\/#breadcrumb\",\"itemListElement\":[{\"@type\":\"ListItem\",\"position\":1,\"name\":\"Home\",\"item\":\"https:\\\/\\\/sistemabuttrio.com\\\/fr\\\/\"},{\"@type\":\"ListItem\",\"position\":2,\"name\":\"Territoire\",\"item\":\"https:\\\/\\\/sistemabuttrio.com\\\/fr\\\/territoire\\\/\"},{\"@type\":\"ListItem\",\"position\":3,\"name\":\"Le vitiviniculture\"}]},{\"@type\":\"WebSite\",\"@id\":\"https:\\\/\\\/sistemabuttrio.com\\\/#website\",\"url\":\"https:\\\/\\\/sistemabuttrio.com\\\/\",\"name\":\"Sistema Buttrio\",\"description\":\"\",\"potentialAction\":[{\"@type\":\"SearchAction\",\"target\":{\"@type\":\"EntryPoint\",\"urlTemplate\":\"https:\\\/\\\/sistemabuttrio.com\\\/?s={search_term_string}\"},\"query-input\":{\"@type\":\"PropertyValueSpecification\",\"valueRequired\":true,\"valueName\":\"search_term_string\"}}],\"inLanguage\":\"fr-FR\"}]}<\/script>\n<!-- \/ Yoast SEO plugin. -->","yoast_head_json":{"title":"Le vitiviniculture - Sistema Buttrio","robots":{"index":"index","follow":"follow","max-snippet":"max-snippet:-1","max-image-preview":"max-image-preview:large","max-video-preview":"max-video-preview:-1"},"canonical":"https:\/\/sistemabuttrio.com\/fr\/territoire\/le-vitiviniculture\/","og_locale":"fr_FR","og_type":"article","og_title":"Le vitiviniculture - Sistema Buttrio","og_description":"Home La commune de Buttrio est membre de l&rsquo;association nationale des villes du vin et m\u00e8ne actuellement de nombreuses activit\u00e9s de promotion dans ce secteur, qui ont leur origine dans son histoire et sa tradition viticole En effet, le village, gr\u00e2ce \u00e0 la pr\u00e9sence de collines, \u00e0 un microclimat favorable et \u00e0 des sols id\u00e9aux [&hellip;]","og_url":"https:\/\/sistemabuttrio.com\/fr\/territoire\/le-vitiviniculture\/","og_site_name":"Sistema Buttrio","article_modified_time":"2023-11-03T01:33:54+00:00","og_image":[{"url":"https:\/\/sistemabuttrio.com\/wp-content\/uploads\/2023\/09\/buttrio_3169-1024x489.jpg","type":"","width":"","height":""}],"twitter_card":"summary_large_image","twitter_misc":{"Dur\u00e9e de lecture estim\u00e9e":"2 minutes"},"schema":{"@context":"https:\/\/schema.org","@graph":[{"@type":"WebPage","@id":"https:\/\/sistemabuttrio.com\/fr\/territoire\/le-vitiviniculture\/","url":"https:\/\/sistemabuttrio.com\/fr\/territoire\/le-vitiviniculture\/","name":"Le vitiviniculture - Sistema Buttrio","isPartOf":{"@id":"https:\/\/sistemabuttrio.com\/#website"},"primaryImageOfPage":{"@id":"https:\/\/sistemabuttrio.com\/fr\/territoire\/le-vitiviniculture\/#primaryimage"},"image":{"@id":"https:\/\/sistemabuttrio.com\/fr\/territoire\/le-vitiviniculture\/#primaryimage"},"thumbnailUrl":"https:\/\/sistemabuttrio.com\/wp-content\/uploads\/2023\/09\/buttrio_3169-1024x489.jpg","datePublished":"2023-09-15T14:21:15+00:00","dateModified":"2023-11-03T01:33:54+00:00","breadcrumb":{"@id":"https:\/\/sistemabuttrio.com\/fr\/territoire\/le-vitiviniculture\/#breadcrumb"},"inLanguage":"fr-FR","potentialAction":[{"@type":"ReadAction","target":["https:\/\/sistemabuttrio.com\/fr\/territoire\/le-vitiviniculture\/"]}]},{"@type":"ImageObject","inLanguage":"fr-FR","@id":"https:\/\/sistemabuttrio.com\/fr\/territoire\/le-vitiviniculture\/#primaryimage","url":"https:\/\/sistemabuttrio.com\/wp-content\/uploads\/2023\/09\/buttrio_3169-1024x489.jpg","contentUrl":"https:\/\/sistemabuttrio.com\/wp-content\/uploads\/2023\/09\/buttrio_3169-1024x489.jpg"},{"@type":"BreadcrumbList","@id":"https:\/\/sistemabuttrio.com\/fr\/territoire\/le-vitiviniculture\/#breadcrumb","itemListElement":[{"@type":"ListItem","position":1,"name":"Home","item":"https:\/\/sistemabuttrio.com\/fr\/"},{"@type":"ListItem","position":2,"name":"Territoire","item":"https:\/\/sistemabuttrio.com\/fr\/territoire\/"},{"@type":"ListItem","position":3,"name":"Le vitiviniculture"}]},{"@type":"WebSite","@id":"https:\/\/sistemabuttrio.com\/#website","url":"https:\/\/sistemabuttrio.com\/","name":"Sistema Buttrio","description":"","potentialAction":[{"@type":"SearchAction","target":{"@type":"EntryPoint","urlTemplate":"https:\/\/sistemabuttrio.com\/?s={search_term_string}"},"query-input":{"@type":"PropertyValueSpecification","valueRequired":true,"valueName":"search_term_string"}}],"inLanguage":"fr-FR"}]}},"_links":{"self":[{"href":"https:\/\/sistemabuttrio.com\/fr\/wp-json\/wp\/v2\/pages\/1702","targetHints":{"allow":["GET"]}}],"collection":[{"href":"https:\/\/sistemabuttrio.com\/fr\/wp-json\/wp\/v2\/pages"}],"about":[{"href":"https:\/\/sistemabuttrio.com\/fr\/wp-json\/wp\/v2\/types\/page"}],"author":[{"embeddable":true,"href":"https:\/\/sistemabuttrio.com\/fr\/wp-json\/wp\/v2\/users\/1"}],"replies":[{"embeddable":true,"href":"https:\/\/sistemabuttrio.com\/fr\/wp-json\/wp\/v2\/comments?post=1702"}],"version-history":[{"count":5,"href":"https:\/\/sistemabuttrio.com\/fr\/wp-json\/wp\/v2\/pages\/1702\/revisions"}],"predecessor-version":[{"id":1709,"href":"https:\/\/sistemabuttrio.com\/fr\/wp-json\/wp\/v2\/pages\/1702\/revisions\/1709"}],"up":[{"embeddable":true,"href":"https:\/\/sistemabuttrio.com\/fr\/wp-json\/wp\/v2\/pages\/1671"}],"wp:attachment":[{"href":"https:\/\/sistemabuttrio.com\/fr\/wp-json\/wp\/v2\/media?parent=1702"}],"curies":[{"name":"wp","href":"https:\/\/api.w.org\/{rel}","templated":true}]}}