{"id":1696,"date":"2023-09-15T16:20:47","date_gmt":"2023-09-15T14:20:47","guid":{"rendered":"https:\/\/sistemabuttrio.com\/territoire\/i-borghi-rurali\/"},"modified":"2023-11-03T02:26:26","modified_gmt":"2023-11-03T01:26:26","slug":"les-villages-ruraux","status":"publish","type":"page","link":"https:\/\/sistemabuttrio.com\/fr\/territoire\/les-villages-ruraux\/","title":{"rendered":"Les villages ruraux"},"content":{"rendered":"\t\t<div data-elementor-type=\"wp-page\" data-elementor-id=\"1696\" class=\"elementor elementor-1696 elementor-751\" data-elementor-post-type=\"page\">\n\t\t\t\t\t\t<section class=\"elementor-section elementor-top-section elementor-element elementor-element-2b231e2 elementor-section-full_width elementor-section-stretched elementor-section-height-default elementor-section-height-default\" data-id=\"2b231e2\" data-element_type=\"section\" data-e-type=\"section\" data-settings=\"{&quot;stretch_section&quot;:&quot;section-stretched&quot;,&quot;jet_parallax_layout_list&quot;:[],&quot;background_background&quot;:&quot;classic&quot;}\">\n\t\t\t\t\t\t<div class=\"elementor-container elementor-column-gap-default\">\n\t\t\t\t\t<div class=\"elementor-column elementor-col-100 elementor-top-column elementor-element elementor-element-98072e8\" data-id=\"98072e8\" data-element_type=\"column\" data-e-type=\"column\">\n\t\t\t<div class=\"elementor-widget-wrap elementor-element-populated\">\n\t\t\t\t\t\t<div class=\"elementor-element elementor-element-6f5b6bb jet-breadcrumbs-page-title-yes jet-breadcrumbs-align-center elementor-widget elementor-widget-jet-breadcrumbs\" data-id=\"6f5b6bb\" data-element_type=\"widget\" data-e-type=\"widget\" data-widget_type=\"jet-breadcrumbs.default\">\n\t\t\t\t<div class=\"elementor-widget-container\">\n\t\t\t\t\t<div class=\"elementor-jet-breadcrumbs jet-blocks\">\n\t\t<div class=\"jet-breadcrumbs\">\n\t\t<div class=\"jet-breadcrumbs__content\">\n\t\t<div class=\"jet-breadcrumbs__wrap\"><div class=\"jet-breadcrumbs__item\"><a href=\"https:\/\/sistemabuttrio.com\/fr\/\" class=\"jet-breadcrumbs__item-link is-home\" rel=\"home\" title=\"Home\">Home<\/a><\/div>\n\t\t<\/div>\n\t\t<\/div>\n\t\t<\/div><\/div>\t\t\t\t<\/div>\n\t\t\t\t<\/div>\n\t\t\t\t\t<\/div>\n\t\t<\/div>\n\t\t\t\t\t<\/div>\n\t\t<\/section>\n\t\t\t\t<section class=\"elementor-section elementor-top-section elementor-element elementor-element-a269bbf elementor-section-content-middle elementor-section-boxed elementor-section-height-default elementor-section-height-default\" data-id=\"a269bbf\" data-element_type=\"section\" data-e-type=\"section\" data-settings=\"{&quot;jet_parallax_layout_list&quot;:[]}\">\n\t\t\t\t\t\t<div class=\"elementor-container elementor-column-gap-wide\">\n\t\t\t\t\t<div class=\"elementor-column elementor-col-50 elementor-top-column elementor-element elementor-element-17b6175\" data-id=\"17b6175\" data-element_type=\"column\" data-e-type=\"column\">\n\t\t\t<div class=\"elementor-widget-wrap elementor-element-populated\">\n\t\t\t\t\t\t<div class=\"elementor-element elementor-element-e80678b elementor-widget elementor-widget-image\" data-id=\"e80678b\" data-element_type=\"widget\" data-e-type=\"widget\" data-widget_type=\"image.default\">\n\t\t\t\t<div class=\"elementor-widget-container\">\n\t\t\t\t\t\t\t\t\t\t\t\t\t\t\t<img fetchpriority=\"high\" decoding=\"async\" width=\"1024\" height=\"682\" src=\"https:\/\/sistemabuttrio.com\/wp-content\/uploads\/2023\/09\/\u00a9-bluefoto-Caminetto-borgo-2722-1024x682.jpg\" class=\"attachment-large size-large wp-image-1697\" alt=\"\" srcset=\"https:\/\/sistemabuttrio.com\/wp-content\/uploads\/2023\/09\/\u00a9-bluefoto-Caminetto-borgo-2722-1024x682.jpg 1024w, https:\/\/sistemabuttrio.com\/wp-content\/uploads\/2023\/09\/\u00a9-bluefoto-Caminetto-borgo-2722-300x200.jpg 300w, https:\/\/sistemabuttrio.com\/wp-content\/uploads\/2023\/09\/\u00a9-bluefoto-Caminetto-borgo-2722-768x511.jpg 768w, https:\/\/sistemabuttrio.com\/wp-content\/uploads\/2023\/09\/\u00a9-bluefoto-Caminetto-borgo-2722-1536x1023.jpg 1536w, https:\/\/sistemabuttrio.com\/wp-content\/uploads\/2023\/09\/\u00a9-bluefoto-Caminetto-borgo-2722-2048x1363.jpg 2048w\" sizes=\"(max-width: 1024px) 100vw, 1024px\" \/>\t\t\t\t\t\t\t\t\t\t\t\t\t\t\t<\/div>\n\t\t\t\t<\/div>\n\t\t\t\t\t<\/div>\n\t\t<\/div>\n\t\t\t\t<div class=\"elementor-column elementor-col-50 elementor-top-column elementor-element elementor-element-73b4d11\" data-id=\"73b4d11\" data-element_type=\"column\" data-e-type=\"column\">\n\t\t\t<div class=\"elementor-widget-wrap elementor-element-populated\">\n\t\t\t\t\t\t<div class=\"elementor-element elementor-element-8d8d682 elementor-widget elementor-widget-text-editor\" data-id=\"8d8d682\" data-element_type=\"widget\" data-e-type=\"widget\" data-widget_type=\"text-editor.default\">\n\t\t\t\t<div class=\"elementor-widget-container\">\n\t\t\t\t\t\t\t\t\t<p>Aujourd&rsquo;hui, rares sont les exploitations qui ne sont pas sp\u00e9cialis\u00e9es dans la production vitivinicole, mais les signes d&rsquo;un pass\u00e9 o\u00f9 l&rsquo;\u00e9conomie \u00e9tait essentiellement agricole se retrouvent dans la physionomie des <strong>villages ruraux de Vicinale<\/strong>, <strong>Caminetto<\/strong> et <strong>Camino<\/strong>, qui ont en partie conserv\u00e9 l&#8217;empreinte de leur fonction traditionnelle, en particulier dans les habitations les anciennes.<\/p><p><span style=\"font-weight: 400;\">Les maisons serr\u00e9es en ligne se d\u00e9veloppent le long du trac\u00e9 de la route et, si elles n&rsquo;ont pas fait l&rsquo;objet d&rsquo;un remaniement ou d&rsquo;une restauration totale au fil du temps, beaucoup conservent encore l&rsquo;<strong>arc classique en pierre ou le linteau en bois de la porte<\/strong> d&rsquo;entr\u00e9e sur la cour, d&rsquo;une hauteur utile pour laisser passer une charrette de foin.<\/span><\/p><p><span style=\"font-weight: 400;\">Le porche donnait dans la cour, entour\u00e9e autrefois de poulaillers, de porcheries, de granges et d&rsquo;autres b\u00e2timents utiles \u00e0 l&rsquo;activit\u00e9 rurale. Normalement, \u00e0 l&rsquo;arri\u00e8re s&rsquo;\u00e9tendent des jardins potagers, la braida vitata (la vigne), une petite prairie.<\/span><\/p>\t\t\t\t\t\t\t\t<\/div>\n\t\t\t\t<\/div>\n\t\t\t\t\t<\/div>\n\t\t<\/div>\n\t\t\t\t\t<\/div>\n\t\t<\/section>\n\t\t\t\t<section class=\"elementor-section elementor-top-section elementor-element elementor-element-d4777a2 elementor-section-content-middle elementor-section-boxed elementor-section-height-default elementor-section-height-default\" data-id=\"d4777a2\" data-element_type=\"section\" data-e-type=\"section\" data-settings=\"{&quot;jet_parallax_layout_list&quot;:[],&quot;background_background&quot;:&quot;classic&quot;}\">\n\t\t\t\t\t\t<div class=\"elementor-container elementor-column-gap-wide\">\n\t\t\t\t\t<div class=\"elementor-column elementor-col-100 elementor-top-column elementor-element elementor-element-fc25894\" data-id=\"fc25894\" data-element_type=\"column\" data-e-type=\"column\">\n\t\t\t<div class=\"elementor-widget-wrap elementor-element-populated\">\n\t\t\t\t\t\t<div class=\"elementor-element elementor-element-0aaea02 elementor-widget elementor-widget-text-editor\" data-id=\"0aaea02\" data-element_type=\"widget\" data-e-type=\"widget\" data-widget_type=\"text-editor.default\">\n\t\t\t\t<div class=\"elementor-widget-container\">\n\t\t\t\t\t\t\t\t\t<p>Vraisemblablement, l&rsquo;expansion des \u00e9tablissements ruraux au cours de l&rsquo;histoire est li\u00e9e \u00e0 la d\u00e9localisation encourag\u00e9e soit par les ordres religieux, soit, surtout, par les seigneurs propri\u00e9taires des terres, en vue de leur d\u00e9veloppement \u00e9conomique et productif.<\/p><p>Aujourd&rsquo;hui, un grand nombre de ces vieilles maisons des villages auraient besoin d&rsquo;une restauration et d&rsquo;une valorisation radicales pour les pr\u00e9server de la d\u00e9gradation, car elles sont les t\u00e9moins importants d&rsquo;une civilisation, la civilisation rurale, qui a profond\u00e9ment marqu\u00e9 ces territoires, mais aussi des constructions ayant une tr\u00e8s belle architecture.<\/p>\t\t\t\t\t\t\t\t<\/div>\n\t\t\t\t<\/div>\n\t\t\t\t\t<\/div>\n\t\t<\/div>\n\t\t\t\t\t<\/div>\n\t\t<\/section>\n\t\t\t\t<\/div>\n\t\t","protected":false},"excerpt":{"rendered":"<p>Home Aujourd&rsquo;hui, rares sont les exploitations qui ne sont pas sp\u00e9cialis\u00e9es dans la production vitivinicole, mais les signes d&rsquo;un pass\u00e9 o\u00f9 l&rsquo;\u00e9conomie \u00e9tait essentiellement agricole se retrouvent dans la physionomie des villages ruraux de Vicinale, Caminetto et Camino, qui ont en partie conserv\u00e9 l&#8217;empreinte de leur fonction traditionnelle, en particulier dans les habitations les anciennes. [&hellip;]<\/p>\n","protected":false},"author":1,"featured_media":0,"parent":1671,"menu_order":0,"comment_status":"closed","ping_status":"closed","template":"elementor_header_footer","meta":{"site-sidebar-layout":"no-sidebar","site-content-layout":"page-builder","ast-site-content-layout":"default","site-content-style":"default","site-sidebar-style":"default","ast-global-header-display":"","ast-banner-title-visibility":"","ast-main-header-display":"","ast-hfb-above-header-display":"","ast-hfb-below-header-display":"","ast-hfb-mobile-header-display":"","site-post-title":"disabled","ast-breadcrumbs-content":"","ast-featured-img":"disabled","footer-sml-layout":"","ast-disable-related-posts":"","theme-transparent-header-meta":"","adv-header-id-meta":"","stick-header-meta":"","header-above-stick-meta":"","header-main-stick-meta":"","header-below-stick-meta":"","astra-migrate-meta-layouts":"set","ast-page-background-enabled":"default","ast-page-background-meta":{"desktop":{"background-color":"var(--ast-global-color-4)","background-image":"","background-repeat":"repeat","background-position":"center center","background-size":"auto","background-attachment":"scroll","background-type":"","background-media":"","overlay-type":"","overlay-color":"","overlay-opacity":"","overlay-gradient":""},"tablet":{"background-color":"","background-image":"","background-repeat":"repeat","background-position":"center center","background-size":"auto","background-attachment":"scroll","background-type":"","background-media":"","overlay-type":"","overlay-color":"","overlay-opacity":"","overlay-gradient":""},"mobile":{"background-color":"","background-image":"","background-repeat":"repeat","background-position":"center center","background-size":"auto","background-attachment":"scroll","background-type":"","background-media":"","overlay-type":"","overlay-color":"","overlay-opacity":"","overlay-gradient":""}},"ast-content-background-meta":{"desktop":{"background-color":"var(--ast-global-color-5)","background-image":"","background-repeat":"repeat","background-position":"center center","background-size":"auto","background-attachment":"scroll","background-type":"","background-media":"","overlay-type":"","overlay-color":"","overlay-opacity":"","overlay-gradient":""},"tablet":{"background-color":"var(--ast-global-color-5)","background-image":"","background-repeat":"repeat","background-position":"center center","background-size":"auto","background-attachment":"scroll","background-type":"","background-media":"","overlay-type":"","overlay-color":"","overlay-opacity":"","overlay-gradient":""},"mobile":{"background-color":"var(--ast-global-color-5)","background-image":"","background-repeat":"repeat","background-position":"center center","background-size":"auto","background-attachment":"scroll","background-type":"","background-media":"","overlay-type":"","overlay-color":"","overlay-opacity":"","overlay-gradient":""}},"footnotes":""},"class_list":["post-1696","page","type-page","status-publish","hentry"],"yoast_head":"<!-- This site is optimized with the Yoast SEO plugin v27.4 - https:\/\/yoast.com\/product\/yoast-seo-wordpress\/ -->\n<title>Les villages ruraux - Sistema Buttrio<\/title>\n<meta name=\"robots\" content=\"index, follow, max-snippet:-1, max-image-preview:large, max-video-preview:-1\" \/>\n<link rel=\"canonical\" href=\"https:\/\/sistemabuttrio.com\/fr\/territoire\/les-villages-ruraux\/\" \/>\n<meta property=\"og:locale\" content=\"fr_FR\" \/>\n<meta property=\"og:type\" content=\"article\" \/>\n<meta property=\"og:title\" content=\"Les villages ruraux - Sistema Buttrio\" \/>\n<meta property=\"og:description\" content=\"Home Aujourd&rsquo;hui, rares sont les exploitations qui ne sont pas sp\u00e9cialis\u00e9es dans la production vitivinicole, mais les signes d&rsquo;un pass\u00e9 o\u00f9 l&rsquo;\u00e9conomie \u00e9tait essentiellement agricole se retrouvent dans la physionomie des villages ruraux de Vicinale, Caminetto et Camino, qui ont en partie conserv\u00e9 l&#8217;empreinte de leur fonction traditionnelle, en particulier dans les habitations les anciennes. [&hellip;]\" \/>\n<meta property=\"og:url\" content=\"https:\/\/sistemabuttrio.com\/fr\/territoire\/les-villages-ruraux\/\" \/>\n<meta property=\"og:site_name\" content=\"Sistema Buttrio\" \/>\n<meta property=\"article:modified_time\" content=\"2023-11-03T01:26:26+00:00\" \/>\n<meta name=\"twitter:card\" content=\"summary_large_image\" \/>\n<meta name=\"twitter:label1\" content=\"Dur\u00e9e de lecture estim\u00e9e\" \/>\n\t<meta name=\"twitter:data1\" content=\"2 minutes\" \/>\n<script type=\"application\/ld+json\" class=\"yoast-schema-graph\">{\"@context\":\"https:\\\/\\\/schema.org\",\"@graph\":[{\"@type\":\"WebPage\",\"@id\":\"https:\\\/\\\/sistemabuttrio.com\\\/fr\\\/territoire\\\/les-villages-ruraux\\\/\",\"url\":\"https:\\\/\\\/sistemabuttrio.com\\\/fr\\\/territoire\\\/les-villages-ruraux\\\/\",\"name\":\"Les villages ruraux - Sistema Buttrio\",\"isPartOf\":{\"@id\":\"https:\\\/\\\/sistemabuttrio.com\\\/#website\"},\"datePublished\":\"2023-09-15T14:20:47+00:00\",\"dateModified\":\"2023-11-03T01:26:26+00:00\",\"breadcrumb\":{\"@id\":\"https:\\\/\\\/sistemabuttrio.com\\\/fr\\\/territoire\\\/les-villages-ruraux\\\/#breadcrumb\"},\"inLanguage\":\"fr-FR\",\"potentialAction\":[{\"@type\":\"ReadAction\",\"target\":[\"https:\\\/\\\/sistemabuttrio.com\\\/fr\\\/territoire\\\/les-villages-ruraux\\\/\"]}]},{\"@type\":\"BreadcrumbList\",\"@id\":\"https:\\\/\\\/sistemabuttrio.com\\\/fr\\\/territoire\\\/les-villages-ruraux\\\/#breadcrumb\",\"itemListElement\":[{\"@type\":\"ListItem\",\"position\":1,\"name\":\"Home\",\"item\":\"https:\\\/\\\/sistemabuttrio.com\\\/fr\\\/\"},{\"@type\":\"ListItem\",\"position\":2,\"name\":\"Territoire\",\"item\":\"https:\\\/\\\/sistemabuttrio.com\\\/fr\\\/territoire\\\/\"},{\"@type\":\"ListItem\",\"position\":3,\"name\":\"Les villages ruraux\"}]},{\"@type\":\"WebSite\",\"@id\":\"https:\\\/\\\/sistemabuttrio.com\\\/#website\",\"url\":\"https:\\\/\\\/sistemabuttrio.com\\\/\",\"name\":\"Sistema Buttrio\",\"description\":\"\",\"potentialAction\":[{\"@type\":\"SearchAction\",\"target\":{\"@type\":\"EntryPoint\",\"urlTemplate\":\"https:\\\/\\\/sistemabuttrio.com\\\/?s={search_term_string}\"},\"query-input\":{\"@type\":\"PropertyValueSpecification\",\"valueRequired\":true,\"valueName\":\"search_term_string\"}}],\"inLanguage\":\"fr-FR\"}]}<\/script>\n<!-- \/ Yoast SEO plugin. -->","yoast_head_json":{"title":"Les villages ruraux - Sistema Buttrio","robots":{"index":"index","follow":"follow","max-snippet":"max-snippet:-1","max-image-preview":"max-image-preview:large","max-video-preview":"max-video-preview:-1"},"canonical":"https:\/\/sistemabuttrio.com\/fr\/territoire\/les-villages-ruraux\/","og_locale":"fr_FR","og_type":"article","og_title":"Les villages ruraux - Sistema Buttrio","og_description":"Home Aujourd&rsquo;hui, rares sont les exploitations qui ne sont pas sp\u00e9cialis\u00e9es dans la production vitivinicole, mais les signes d&rsquo;un pass\u00e9 o\u00f9 l&rsquo;\u00e9conomie \u00e9tait essentiellement agricole se retrouvent dans la physionomie des villages ruraux de Vicinale, Caminetto et Camino, qui ont en partie conserv\u00e9 l&#8217;empreinte de leur fonction traditionnelle, en particulier dans les habitations les anciennes. [&hellip;]","og_url":"https:\/\/sistemabuttrio.com\/fr\/territoire\/les-villages-ruraux\/","og_site_name":"Sistema Buttrio","article_modified_time":"2023-11-03T01:26:26+00:00","twitter_card":"summary_large_image","twitter_misc":{"Dur\u00e9e de lecture estim\u00e9e":"2 minutes"},"schema":{"@context":"https:\/\/schema.org","@graph":[{"@type":"WebPage","@id":"https:\/\/sistemabuttrio.com\/fr\/territoire\/les-villages-ruraux\/","url":"https:\/\/sistemabuttrio.com\/fr\/territoire\/les-villages-ruraux\/","name":"Les villages ruraux - Sistema Buttrio","isPartOf":{"@id":"https:\/\/sistemabuttrio.com\/#website"},"datePublished":"2023-09-15T14:20:47+00:00","dateModified":"2023-11-03T01:26:26+00:00","breadcrumb":{"@id":"https:\/\/sistemabuttrio.com\/fr\/territoire\/les-villages-ruraux\/#breadcrumb"},"inLanguage":"fr-FR","potentialAction":[{"@type":"ReadAction","target":["https:\/\/sistemabuttrio.com\/fr\/territoire\/les-villages-ruraux\/"]}]},{"@type":"BreadcrumbList","@id":"https:\/\/sistemabuttrio.com\/fr\/territoire\/les-villages-ruraux\/#breadcrumb","itemListElement":[{"@type":"ListItem","position":1,"name":"Home","item":"https:\/\/sistemabuttrio.com\/fr\/"},{"@type":"ListItem","position":2,"name":"Territoire","item":"https:\/\/sistemabuttrio.com\/fr\/territoire\/"},{"@type":"ListItem","position":3,"name":"Les villages ruraux"}]},{"@type":"WebSite","@id":"https:\/\/sistemabuttrio.com\/#website","url":"https:\/\/sistemabuttrio.com\/","name":"Sistema Buttrio","description":"","potentialAction":[{"@type":"SearchAction","target":{"@type":"EntryPoint","urlTemplate":"https:\/\/sistemabuttrio.com\/?s={search_term_string}"},"query-input":{"@type":"PropertyValueSpecification","valueRequired":true,"valueName":"search_term_string"}}],"inLanguage":"fr-FR"}]}},"_links":{"self":[{"href":"https:\/\/sistemabuttrio.com\/fr\/wp-json\/wp\/v2\/pages\/1696","targetHints":{"allow":["GET"]}}],"collection":[{"href":"https:\/\/sistemabuttrio.com\/fr\/wp-json\/wp\/v2\/pages"}],"about":[{"href":"https:\/\/sistemabuttrio.com\/fr\/wp-json\/wp\/v2\/types\/page"}],"author":[{"embeddable":true,"href":"https:\/\/sistemabuttrio.com\/fr\/wp-json\/wp\/v2\/users\/1"}],"replies":[{"embeddable":true,"href":"https:\/\/sistemabuttrio.com\/fr\/wp-json\/wp\/v2\/comments?post=1696"}],"version-history":[{"count":4,"href":"https:\/\/sistemabuttrio.com\/fr\/wp-json\/wp\/v2\/pages\/1696\/revisions"}],"predecessor-version":[{"id":1701,"href":"https:\/\/sistemabuttrio.com\/fr\/wp-json\/wp\/v2\/pages\/1696\/revisions\/1701"}],"up":[{"embeddable":true,"href":"https:\/\/sistemabuttrio.com\/fr\/wp-json\/wp\/v2\/pages\/1671"}],"wp:attachment":[{"href":"https:\/\/sistemabuttrio.com\/fr\/wp-json\/wp\/v2\/media?parent=1696"}],"curies":[{"name":"wp","href":"https:\/\/api.w.org\/{rel}","templated":true}]}}