{"id":1499,"date":"2023-09-15T16:20:47","date_gmt":"2023-09-15T14:20:47","guid":{"rendered":"https:\/\/sistemabuttrio.com\/gebiet\/i-borghi-rurali\/"},"modified":"2023-11-03T00:40:02","modified_gmt":"2023-11-02T23:40:02","slug":"die-iandlichen-dorfer","status":"publish","type":"page","link":"https:\/\/sistemabuttrio.com\/de\/gebiet\/die-iandlichen-dorfer\/","title":{"rendered":"Die i\u00e4ndlichen d\u00f6rfer"},"content":{"rendered":"\t\t<div data-elementor-type=\"wp-page\" data-elementor-id=\"1499\" class=\"elementor elementor-1499 elementor-751\" data-elementor-post-type=\"page\">\n\t\t\t\t\t\t<section class=\"elementor-section elementor-top-section elementor-element elementor-element-2b231e2 elementor-section-full_width elementor-section-stretched elementor-section-height-default elementor-section-height-default\" data-id=\"2b231e2\" data-element_type=\"section\" data-e-type=\"section\" data-settings=\"{&quot;stretch_section&quot;:&quot;section-stretched&quot;,&quot;jet_parallax_layout_list&quot;:[],&quot;background_background&quot;:&quot;classic&quot;}\">\n\t\t\t\t\t\t<div class=\"elementor-container elementor-column-gap-default\">\n\t\t\t\t\t<div class=\"elementor-column elementor-col-100 elementor-top-column elementor-element elementor-element-98072e8\" data-id=\"98072e8\" data-element_type=\"column\" data-e-type=\"column\">\n\t\t\t<div class=\"elementor-widget-wrap elementor-element-populated\">\n\t\t\t\t\t\t<div class=\"elementor-element elementor-element-6f5b6bb jet-breadcrumbs-page-title-yes jet-breadcrumbs-align-center elementor-widget elementor-widget-jet-breadcrumbs\" data-id=\"6f5b6bb\" data-element_type=\"widget\" data-e-type=\"widget\" data-widget_type=\"jet-breadcrumbs.default\">\n\t\t\t\t<div class=\"elementor-widget-container\">\n\t\t\t\t\t<div class=\"elementor-jet-breadcrumbs jet-blocks\">\n\t\t<div class=\"jet-breadcrumbs\">\n\t\t<div class=\"jet-breadcrumbs__content\">\n\t\t<div class=\"jet-breadcrumbs__wrap\"><div class=\"jet-breadcrumbs__item\"><a href=\"https:\/\/sistemabuttrio.com\/de\/\" class=\"jet-breadcrumbs__item-link is-home\" rel=\"home\" title=\"Home\">Home<\/a><\/div>\n\t\t<\/div>\n\t\t<\/div>\n\t\t<\/div><\/div>\t\t\t\t<\/div>\n\t\t\t\t<\/div>\n\t\t\t\t\t<\/div>\n\t\t<\/div>\n\t\t\t\t\t<\/div>\n\t\t<\/section>\n\t\t\t\t<section class=\"elementor-section elementor-top-section elementor-element elementor-element-a269bbf elementor-section-content-middle elementor-section-boxed elementor-section-height-default elementor-section-height-default\" data-id=\"a269bbf\" data-element_type=\"section\" data-e-type=\"section\" data-settings=\"{&quot;jet_parallax_layout_list&quot;:[]}\">\n\t\t\t\t\t\t<div class=\"elementor-container elementor-column-gap-wide\">\n\t\t\t\t\t<div class=\"elementor-column elementor-col-50 elementor-top-column elementor-element elementor-element-17b6175\" data-id=\"17b6175\" data-element_type=\"column\" data-e-type=\"column\">\n\t\t\t<div class=\"elementor-widget-wrap elementor-element-populated\">\n\t\t\t\t\t\t<div class=\"elementor-element elementor-element-e80678b elementor-widget elementor-widget-image\" data-id=\"e80678b\" data-element_type=\"widget\" data-e-type=\"widget\" data-widget_type=\"image.default\">\n\t\t\t\t<div class=\"elementor-widget-container\">\n\t\t\t\t\t\t\t\t\t\t\t\t\t\t\t<img fetchpriority=\"high\" decoding=\"async\" width=\"1024\" height=\"682\" src=\"https:\/\/sistemabuttrio.com\/wp-content\/uploads\/2023\/09\/\u00a9-bluefoto-Caminetto-borgo-2722-1024x682.jpg\" class=\"attachment-large size-large wp-image-1500\" alt=\"\" srcset=\"https:\/\/sistemabuttrio.com\/wp-content\/uploads\/2023\/09\/\u00a9-bluefoto-Caminetto-borgo-2722-1024x682.jpg 1024w, https:\/\/sistemabuttrio.com\/wp-content\/uploads\/2023\/09\/\u00a9-bluefoto-Caminetto-borgo-2722-300x200.jpg 300w, https:\/\/sistemabuttrio.com\/wp-content\/uploads\/2023\/09\/\u00a9-bluefoto-Caminetto-borgo-2722-768x511.jpg 768w, https:\/\/sistemabuttrio.com\/wp-content\/uploads\/2023\/09\/\u00a9-bluefoto-Caminetto-borgo-2722-1536x1023.jpg 1536w, https:\/\/sistemabuttrio.com\/wp-content\/uploads\/2023\/09\/\u00a9-bluefoto-Caminetto-borgo-2722-2048x1363.jpg 2048w\" sizes=\"(max-width: 1024px) 100vw, 1024px\" \/>\t\t\t\t\t\t\t\t\t\t\t\t\t\t\t<\/div>\n\t\t\t\t<\/div>\n\t\t\t\t\t<\/div>\n\t\t<\/div>\n\t\t\t\t<div class=\"elementor-column elementor-col-50 elementor-top-column elementor-element elementor-element-73b4d11\" data-id=\"73b4d11\" data-element_type=\"column\" data-e-type=\"column\">\n\t\t\t<div class=\"elementor-widget-wrap elementor-element-populated\">\n\t\t\t\t\t\t<div class=\"elementor-element elementor-element-8d8d682 elementor-widget elementor-widget-text-editor\" data-id=\"8d8d682\" data-element_type=\"widget\" data-e-type=\"widget\" data-widget_type=\"text-editor.default\">\n\t\t\t\t<div class=\"elementor-widget-container\">\n\t\t\t\t\t\t\t\t\t<p>Heute gibt es nur noch wenige landwirtschaftliche Betriebe, die sich nicht auf die Weinproduktion spezialisiert haben, aber die Physiognomie der l\u00e4ndlichen Ortschaften <strong>Vicinale<\/strong>, <strong>Caminetto<\/strong> und <strong>Camino<\/strong>, die teilweise noch die Spuren ihrer traditionellen Funktion bewahrt haben, vor allem in den \u00e4lteren Wohnh\u00e4usern, zeugt von einer Vergangenheit, in der die Landwirtschaft eine wichtige Rolle spielte.<\/p><p><span style=\"font-weight: 400;\">Die H\u00e4user reihen sich entlang der Stra\u00dfe aneinander, und wenn sie nicht im Laufe der Zeit aufwendig umgebaut oder restauriert wurden, haben viele noch den klassischen <strong>Steinbogen<\/strong> oder den h\u00f6lzernen <strong>T\u00fcrsturz<\/strong> der Eingangst\u00fcr zum Innenhof bewahrt, der so hoch ist, dass ein Heuwagen durchfahren kann.<\/span><\/p><p><span style=\"font-weight: 400;\">Durch das Eingangstor gelangte man in den Innenhof, in dem einst H\u00fchnerst\u00e4lle, Schweinest\u00e4lle, Scheunen und andere landwirtschaftliche Zweckbauten Platz fanden. Normalerweise befanden sich am Ende des Hofes die Gem\u00fcseg\u00e4rten und die<br \/>\u201ebraida vitata\u201c, eine kleine Wiese.<br \/><\/span><\/p>\t\t\t\t\t\t\t\t<\/div>\n\t\t\t\t<\/div>\n\t\t\t\t\t<\/div>\n\t\t<\/div>\n\t\t\t\t\t<\/div>\n\t\t<\/section>\n\t\t\t\t<section class=\"elementor-section elementor-top-section elementor-element elementor-element-d4777a2 elementor-section-content-middle elementor-section-boxed elementor-section-height-default elementor-section-height-default\" data-id=\"d4777a2\" data-element_type=\"section\" data-e-type=\"section\" data-settings=\"{&quot;jet_parallax_layout_list&quot;:[],&quot;background_background&quot;:&quot;classic&quot;}\">\n\t\t\t\t\t\t<div class=\"elementor-container elementor-column-gap-wide\">\n\t\t\t\t\t<div class=\"elementor-column elementor-col-100 elementor-top-column elementor-element elementor-element-fc25894\" data-id=\"fc25894\" data-element_type=\"column\" data-e-type=\"column\">\n\t\t\t<div class=\"elementor-widget-wrap elementor-element-populated\">\n\t\t\t\t\t\t<div class=\"elementor-element elementor-element-0aaea02 elementor-widget elementor-widget-text-editor\" data-id=\"0aaea02\" data-element_type=\"widget\" data-e-type=\"widget\" data-widget_type=\"text-editor.default\">\n\t\t\t\t<div class=\"elementor-widget-container\">\n\t\t\t\t\t\t\t\t\t<p>Die Ausbreitung der l\u00e4ndlichen Siedlungen in den D\u00f6rfern h\u00e4ngt h\u00f6chstwahrscheinlich mit der Umsiedlung zusammen, die entweder von den religi\u00f6sen Orden oder vor allem von den Landbesitzern zu deren wirtschaftlicher und produktiver Entwicklung gef\u00f6rdert wurde.<\/p><p>Viele dieser alten H\u00e4user in den D\u00f6rfern m\u00fcssten radikal restauriert und aufgewertet werden, um sie vor dem Verfall zu bewahren, denn sie sind wichtige Zeugnisse der l\u00e4ndlichen Zivilisation, die diese Gebiete zutiefst gepr\u00e4gt hat, sowie von hoher baulicher und architektonischer Qualit\u00e4t.<\/p>\t\t\t\t\t\t\t\t<\/div>\n\t\t\t\t<\/div>\n\t\t\t\t\t<\/div>\n\t\t<\/div>\n\t\t\t\t\t<\/div>\n\t\t<\/section>\n\t\t\t\t<\/div>\n\t\t","protected":false},"excerpt":{"rendered":"<p>Home Heute gibt es nur noch wenige landwirtschaftliche Betriebe, die sich nicht auf die Weinproduktion spezialisiert haben, aber die Physiognomie der l\u00e4ndlichen Ortschaften Vicinale, Caminetto und Camino, die teilweise noch die Spuren ihrer traditionellen Funktion bewahrt haben, vor allem in den \u00e4lteren Wohnh\u00e4usern, zeugt von einer Vergangenheit, in der die Landwirtschaft eine wichtige Rolle spielte. [&hellip;]<\/p>\n","protected":false},"author":1,"featured_media":0,"parent":1473,"menu_order":0,"comment_status":"closed","ping_status":"closed","template":"elementor_header_footer","meta":{"site-sidebar-layout":"no-sidebar","site-content-layout":"page-builder","ast-site-content-layout":"default","site-content-style":"default","site-sidebar-style":"default","ast-global-header-display":"","ast-banner-title-visibility":"","ast-main-header-display":"","ast-hfb-above-header-display":"","ast-hfb-below-header-display":"","ast-hfb-mobile-header-display":"","site-post-title":"disabled","ast-breadcrumbs-content":"","ast-featured-img":"disabled","footer-sml-layout":"","ast-disable-related-posts":"","theme-transparent-header-meta":"","adv-header-id-meta":"","stick-header-meta":"","header-above-stick-meta":"","header-main-stick-meta":"","header-below-stick-meta":"","astra-migrate-meta-layouts":"set","ast-page-background-enabled":"default","ast-page-background-meta":{"desktop":{"background-color":"var(--ast-global-color-4)","background-image":"","background-repeat":"repeat","background-position":"center center","background-size":"auto","background-attachment":"scroll","background-type":"","background-media":"","overlay-type":"","overlay-color":"","overlay-opacity":"","overlay-gradient":""},"tablet":{"background-color":"","background-image":"","background-repeat":"repeat","background-position":"center center","background-size":"auto","background-attachment":"scroll","background-type":"","background-media":"","overlay-type":"","overlay-color":"","overlay-opacity":"","overlay-gradient":""},"mobile":{"background-color":"","background-image":"","background-repeat":"repeat","background-position":"center center","background-size":"auto","background-attachment":"scroll","background-type":"","background-media":"","overlay-type":"","overlay-color":"","overlay-opacity":"","overlay-gradient":""}},"ast-content-background-meta":{"desktop":{"background-color":"var(--ast-global-color-5)","background-image":"","background-repeat":"repeat","background-position":"center center","background-size":"auto","background-attachment":"scroll","background-type":"","background-media":"","overlay-type":"","overlay-color":"","overlay-opacity":"","overlay-gradient":""},"tablet":{"background-color":"var(--ast-global-color-5)","background-image":"","background-repeat":"repeat","background-position":"center center","background-size":"auto","background-attachment":"scroll","background-type":"","background-media":"","overlay-type":"","overlay-color":"","overlay-opacity":"","overlay-gradient":""},"mobile":{"background-color":"var(--ast-global-color-5)","background-image":"","background-repeat":"repeat","background-position":"center center","background-size":"auto","background-attachment":"scroll","background-type":"","background-media":"","overlay-type":"","overlay-color":"","overlay-opacity":"","overlay-gradient":""}},"footnotes":""},"class_list":["post-1499","page","type-page","status-publish","hentry"],"yoast_head":"<!-- This site is optimized with the Yoast SEO plugin v27.3 - https:\/\/yoast.com\/product\/yoast-seo-wordpress\/ -->\n<title>Die i\u00e4ndlichen d\u00f6rfer - Sistema Buttrio<\/title>\n<meta name=\"robots\" content=\"index, follow, max-snippet:-1, max-image-preview:large, max-video-preview:-1\" \/>\n<link rel=\"canonical\" href=\"https:\/\/sistemabuttrio.com\/de\/gebiet\/die-iandlichen-dorfer\/\" \/>\n<meta property=\"og:locale\" content=\"de_DE\" \/>\n<meta property=\"og:type\" content=\"article\" \/>\n<meta property=\"og:title\" content=\"Die i\u00e4ndlichen d\u00f6rfer - Sistema Buttrio\" \/>\n<meta property=\"og:description\" content=\"Home Heute gibt es nur noch wenige landwirtschaftliche Betriebe, die sich nicht auf die Weinproduktion spezialisiert haben, aber die Physiognomie der l\u00e4ndlichen Ortschaften Vicinale, Caminetto und Camino, die teilweise noch die Spuren ihrer traditionellen Funktion bewahrt haben, vor allem in den \u00e4lteren Wohnh\u00e4usern, zeugt von einer Vergangenheit, in der die Landwirtschaft eine wichtige Rolle spielte. [&hellip;]\" \/>\n<meta property=\"og:url\" content=\"https:\/\/sistemabuttrio.com\/de\/gebiet\/die-iandlichen-dorfer\/\" \/>\n<meta property=\"og:site_name\" content=\"Sistema Buttrio\" \/>\n<meta property=\"article:modified_time\" content=\"2023-11-02T23:40:02+00:00\" \/>\n<meta name=\"twitter:card\" content=\"summary_large_image\" \/>\n<meta name=\"twitter:label1\" content=\"Gesch\u00e4tzte Lesezeit\" \/>\n\t<meta name=\"twitter:data1\" content=\"2\u00a0Minuten\" \/>\n<script type=\"application\/ld+json\" class=\"yoast-schema-graph\">{\"@context\":\"https:\\\/\\\/schema.org\",\"@graph\":[{\"@type\":\"WebPage\",\"@id\":\"https:\\\/\\\/sistemabuttrio.com\\\/de\\\/gebiet\\\/die-iandlichen-dorfer\\\/\",\"url\":\"https:\\\/\\\/sistemabuttrio.com\\\/de\\\/gebiet\\\/die-iandlichen-dorfer\\\/\",\"name\":\"Die i\u00e4ndlichen d\u00f6rfer - Sistema Buttrio\",\"isPartOf\":{\"@id\":\"https:\\\/\\\/sistemabuttrio.com\\\/#website\"},\"datePublished\":\"2023-09-15T14:20:47+00:00\",\"dateModified\":\"2023-11-02T23:40:02+00:00\",\"breadcrumb\":{\"@id\":\"https:\\\/\\\/sistemabuttrio.com\\\/de\\\/gebiet\\\/die-iandlichen-dorfer\\\/#breadcrumb\"},\"inLanguage\":\"de\",\"potentialAction\":[{\"@type\":\"ReadAction\",\"target\":[\"https:\\\/\\\/sistemabuttrio.com\\\/de\\\/gebiet\\\/die-iandlichen-dorfer\\\/\"]}]},{\"@type\":\"BreadcrumbList\",\"@id\":\"https:\\\/\\\/sistemabuttrio.com\\\/de\\\/gebiet\\\/die-iandlichen-dorfer\\\/#breadcrumb\",\"itemListElement\":[{\"@type\":\"ListItem\",\"position\":1,\"name\":\"Home\",\"item\":\"https:\\\/\\\/sistemabuttrio.com\\\/de\\\/\"},{\"@type\":\"ListItem\",\"position\":2,\"name\":\"Gebiet\",\"item\":\"https:\\\/\\\/sistemabuttrio.com\\\/de\\\/gebiet\\\/\"},{\"@type\":\"ListItem\",\"position\":3,\"name\":\"Die i\u00e4ndlichen d\u00f6rfer\"}]},{\"@type\":\"WebSite\",\"@id\":\"https:\\\/\\\/sistemabuttrio.com\\\/#website\",\"url\":\"https:\\\/\\\/sistemabuttrio.com\\\/\",\"name\":\"Sistema Buttrio\",\"description\":\"\",\"potentialAction\":[{\"@type\":\"SearchAction\",\"target\":{\"@type\":\"EntryPoint\",\"urlTemplate\":\"https:\\\/\\\/sistemabuttrio.com\\\/?s={search_term_string}\"},\"query-input\":{\"@type\":\"PropertyValueSpecification\",\"valueRequired\":true,\"valueName\":\"search_term_string\"}}],\"inLanguage\":\"de\"}]}<\/script>\n<!-- \/ Yoast SEO plugin. -->","yoast_head_json":{"title":"Die i\u00e4ndlichen d\u00f6rfer - Sistema Buttrio","robots":{"index":"index","follow":"follow","max-snippet":"max-snippet:-1","max-image-preview":"max-image-preview:large","max-video-preview":"max-video-preview:-1"},"canonical":"https:\/\/sistemabuttrio.com\/de\/gebiet\/die-iandlichen-dorfer\/","og_locale":"de_DE","og_type":"article","og_title":"Die i\u00e4ndlichen d\u00f6rfer - Sistema Buttrio","og_description":"Home Heute gibt es nur noch wenige landwirtschaftliche Betriebe, die sich nicht auf die Weinproduktion spezialisiert haben, aber die Physiognomie der l\u00e4ndlichen Ortschaften Vicinale, Caminetto und Camino, die teilweise noch die Spuren ihrer traditionellen Funktion bewahrt haben, vor allem in den \u00e4lteren Wohnh\u00e4usern, zeugt von einer Vergangenheit, in der die Landwirtschaft eine wichtige Rolle spielte. [&hellip;]","og_url":"https:\/\/sistemabuttrio.com\/de\/gebiet\/die-iandlichen-dorfer\/","og_site_name":"Sistema Buttrio","article_modified_time":"2023-11-02T23:40:02+00:00","twitter_card":"summary_large_image","twitter_misc":{"Gesch\u00e4tzte Lesezeit":"2\u00a0Minuten"},"schema":{"@context":"https:\/\/schema.org","@graph":[{"@type":"WebPage","@id":"https:\/\/sistemabuttrio.com\/de\/gebiet\/die-iandlichen-dorfer\/","url":"https:\/\/sistemabuttrio.com\/de\/gebiet\/die-iandlichen-dorfer\/","name":"Die i\u00e4ndlichen d\u00f6rfer - Sistema Buttrio","isPartOf":{"@id":"https:\/\/sistemabuttrio.com\/#website"},"datePublished":"2023-09-15T14:20:47+00:00","dateModified":"2023-11-02T23:40:02+00:00","breadcrumb":{"@id":"https:\/\/sistemabuttrio.com\/de\/gebiet\/die-iandlichen-dorfer\/#breadcrumb"},"inLanguage":"de","potentialAction":[{"@type":"ReadAction","target":["https:\/\/sistemabuttrio.com\/de\/gebiet\/die-iandlichen-dorfer\/"]}]},{"@type":"BreadcrumbList","@id":"https:\/\/sistemabuttrio.com\/de\/gebiet\/die-iandlichen-dorfer\/#breadcrumb","itemListElement":[{"@type":"ListItem","position":1,"name":"Home","item":"https:\/\/sistemabuttrio.com\/de\/"},{"@type":"ListItem","position":2,"name":"Gebiet","item":"https:\/\/sistemabuttrio.com\/de\/gebiet\/"},{"@type":"ListItem","position":3,"name":"Die i\u00e4ndlichen d\u00f6rfer"}]},{"@type":"WebSite","@id":"https:\/\/sistemabuttrio.com\/#website","url":"https:\/\/sistemabuttrio.com\/","name":"Sistema Buttrio","description":"","potentialAction":[{"@type":"SearchAction","target":{"@type":"EntryPoint","urlTemplate":"https:\/\/sistemabuttrio.com\/?s={search_term_string}"},"query-input":{"@type":"PropertyValueSpecification","valueRequired":true,"valueName":"search_term_string"}}],"inLanguage":"de"}]}},"_links":{"self":[{"href":"https:\/\/sistemabuttrio.com\/de\/wp-json\/wp\/v2\/pages\/1499","targetHints":{"allow":["GET"]}}],"collection":[{"href":"https:\/\/sistemabuttrio.com\/de\/wp-json\/wp\/v2\/pages"}],"about":[{"href":"https:\/\/sistemabuttrio.com\/de\/wp-json\/wp\/v2\/types\/page"}],"author":[{"embeddable":true,"href":"https:\/\/sistemabuttrio.com\/de\/wp-json\/wp\/v2\/users\/1"}],"replies":[{"embeddable":true,"href":"https:\/\/sistemabuttrio.com\/de\/wp-json\/wp\/v2\/comments?post=1499"}],"version-history":[{"count":4,"href":"https:\/\/sistemabuttrio.com\/de\/wp-json\/wp\/v2\/pages\/1499\/revisions"}],"predecessor-version":[{"id":1505,"href":"https:\/\/sistemabuttrio.com\/de\/wp-json\/wp\/v2\/pages\/1499\/revisions\/1505"}],"up":[{"embeddable":true,"href":"https:\/\/sistemabuttrio.com\/de\/wp-json\/wp\/v2\/pages\/1473"}],"wp:attachment":[{"href":"https:\/\/sistemabuttrio.com\/de\/wp-json\/wp\/v2\/media?parent=1499"}],"curies":[{"name":"wp","href":"https:\/\/api.w.org\/{rel}","templated":true}]}}